{"id":112,"date":"2026-03-28T15:49:33","date_gmt":"2026-03-28T15:49:33","guid":{"rendered":"https:\/\/accessories.azdigi.shop\/?post_type=product&#038;p=112"},"modified":"2026-04-08T15:40:25","modified_gmt":"2026-04-08T15:40:25","slug":"vong-tay-nu-set-nhieu-vong-don-gian-bang-kim-loai-phong-cach-au-my","status":"publish","type":"product","link":"https:\/\/accessories.azdigi.shop\/index.php\/product\/vong-tay-nu-set-nhieu-vong-don-gian-bang-kim-loai-phong-cach-au-my\/","title":{"rendered":"V\u00f2ng Tay N\u1eef, Set Nhi\u1ec1u V\u00f2ng \u0110\u01a1n Gi\u1ea3n B\u1eb1ng Kim Lo\u1ea1i Phong C\u00e1ch \u00c2u M\u1ef9"},"content":{"rendered":"<div id=\"messageView\" class=\"message-view  \" tabindex=\"21\">\n<div>\n<div id=\"messageViewContainer\" class=\" message-view__scroll \">\n<div class=\"transform-gpu\">\n<div id=\"messageViewScroll\" class=\"message-view__scroll__inner --audit-message-spacing --less-space preview-ts fadeInAndOut\">\n<div class=\"block-date\">\n<div class=\"chat-item flx  chat-item-audit chat-item-spacing me\">\n<div class=\"chat-content flx flx-col flx-cell chat-content-audit\">\n<div id=\"bb_msg_id_1775144671258\" class=\"chat-message chat-message-v2 wrap-message rotate-container me -send-time -reaction\" data-component=\"bubble-message\">\n<div class=\"message-wrapper message-wrapper--me\">\n<div class=\"message-content-wrapper\">\n<div class=\"message-content-render focused-background\">\n<div id=\"message-frame_1775144671258\" class=\" me  last-msg card shadow-bubble message-frame focused-item focused-item--has-border\" data-component=\"message-content-view\" data-qid=\"7685411466890@1775144671258_0_551880139454597680\">\n<div class=\"\" data-id=\"div_DisabledTargetEventLayer\">\n<div class=\"message-action\">\n<div id=\"text-mCntr_7685411466890-1775144671258-0-551880139454597680\" class=\"text-message__container\" data-id=\"div_SentMsg_Text\">\n<div>\n<div class=\"overflow-hidden\" data-component=\"message-text-content\"><span class=\"text\">Ch\u00e0o m\u1eebng \u0111\u1ebfn v\u1edbi c\u1eeda h\u00e0ng c\u1ee7a ch\u00fang t\u00f4i. T\u1ea5t c\u1ea3 c\u00e1c s\u1ea3n ph\u1ea9m trong c\u1eeda h\u00e0ng c\u1ee7a ch\u00fang t\u00f4i l\u00e0 trong kho. Ch\u00fang s\u1ebd \u0111\u01b0\u1ee3c xu\u1ea5t x\u01b0\u1edfng trong v\u00f2ng 48 gi\u1edd sau khi thanh to\u00e1n v\u00e0 s\u1ebd \u0111\u1ebfn trong v\u00f2ng 7-15 ng\u00e0y. Ch\u1ea5t li\u1ec7u: Acrylic Phong c\u00e1ch: Ph\u00f3ng \u0111\u1ea1i Lo\u1ea1i: V\u00f2ng \u0111eo tay T\u1ea1o ki\u1ec3u: Nh\u1eefng ng\u01b0\u1eddi kh\u00e1c C\u00e1c y\u1ebfu t\u1ed1 ph\u1ed5 bi\u1ebfn: H\u00ecnh elip Quy tr\u00ecnh x\u1eed l\u00fd: Th\u1ee7 c\u00f4ng Bao b\u00ec: Bao b\u00ec \u0111\u1ed9c l\u1eadp D\u00e2n s\u1ed1 \u00e1p d\u1ee5ng: N\u1eef C\u00e1c k\u1ecbch b\u1ea3n \u00e1p d\u1ee5ng: \u0111\u00e1m c\u01b0\u1edbi, du l\u1ecbch, sinh nh\u1eadt, k\u1ef7 ni\u1ec7m, l\u1ec5 h\u1ed9i Xin l\u01b0u \u00fd: 1. T\u1ea5t c\u1ea3 c\u00e1c h\u00ecnh \u1ea3nh s\u1ea3n ph\u1ea9m l\u00e0 h\u00ecnh \u1ea3nh th\u1ef1c t\u1ebf. M\u00e0u s\u1eafc th\u1ef1c t\u1ebf c\u00f3 th\u1ec3 h\u01a1i kh\u00e1c so v\u1edbi h\u00ecnh \u1ea3nh. C\u00f3 th\u1ec3 c\u00f3 s\u1ef1 kh\u00e1c bi\u1ec7t v\u1ec1 m\u00e0u s\u1eafc. Xin vui l\u00f2ng l\u1ef1a ch\u1ecdn c\u1ea5n th\u1eadn. 2. K\u00edch th\u01b0\u1edbc s\u1ea3n ph\u1ea9m \u0111\u01b0\u1ee3c \u0111o th\u1ee7 c\u00f4ng, cho ph\u00e9p sai s\u1ed1 t\u1eeb 1-3cm. Vui l\u00f2ng tham kh\u1ea3o s\u1ea3n ph\u1ea9m th\u1ef1c t\u1ebf. 3. N\u00eau kim b\u1ea1c b\u1ecb cong khi nh\u1eadn b\u00f4ng tai, \u0111i\u1ec1u n\u00e0y l\u00e0 b\u00ecnh th\u01b0\u1eddng v\u00e0 kh\u00f4ng c\u1ea5u th\u00e0nh v\u1ea5n \u0111\u1ec1 ch\u1ea5t l\u01b0\u1ee3ng, v\u00ec ch\u1ea5t li\u1ec7u b\u1ea1c r\u1ea5t m\u1ec1m, ch\u1eafc ch\u1eafn s\u1ebd x\u1ea3y ra va \u0111\u1eadp trong qu\u00e1 tr\u00ecnh v\u1eadn chuy\u1ec3n. B\u1ea1n c\u00f3 th\u1ec3 s\u1eed d\u1ee5ng b\u00ecnh th\u01b0\u1eddng b\u1eb1ng c\u00e1ch du\u1ed7i th\u1eb3ng tr\u1ef1c ti\u1ebfp.<\/span><\/div>\n<\/div>\n<\/div>\n<\/div>\n<\/div>\n<\/div>\n<\/div>\n<\/div>\n<\/div>\n<\/div>\n<\/div>\n<\/div>\n<\/div>\n<\/div>\n<\/div>\n<\/div>\n<\/div>\n<\/div>\n<div id=\"chat-box-input-container-id\" class=\"chat-box-input-container\">\n<div id=\"chat-box-bar-id\" class=\"chat-box-bar\">\n<div class=\"right-chat-box-bar\"><\/div>\n<\/div>\n<div id=\"chatInput\" class=\"chat-box-input chat-box-input--to-focus darwin\">\n<div class=\"chat-box-input__heading\"><\/div>\n<div id=\"chat-input-container-id\" class=\"chat-input-container\">\n<div class=\"chat-input-container__left-layout\">\n<div id=\"chat-input-scroller-id\" class=\"chat-input-scrollable\">\n<div class=\"chat-input-wrapper\">\n<div id=\"chat-input-content-id\" class=\"chat-input-content\">\n<div id=\"richInput\" class=\"rich-input empty\" tabindex=\"1\" contenteditable=\"false\" spellcheck=\"false\" data-keybinding-context=\"mainChatInputFocus#1\" data-translate-placeholder=\"STR_MESSAGE_TO\" data-trailer=\"My Documents\">\n<div id=\"input_line_0\"><\/div>\n<\/div>\n<\/div>\n<\/div>\n<\/div>\n<\/div>\n<\/div>\n<\/div>\n<\/div>\n","protected":false},"excerpt":{"rendered":"<p>V\u1edbi ph\u00e1i \u0111\u1eb9p, v\u00f2ng tay lu\u00f4n l\u00e0 m\u00f3n ph\u1ee5 ki\u1ec7n kh\u00f4ng th\u1ec3 thi\u1ebfu. D\u00f9 trong b\u1ea5t c\u1ee9 ho\u00e0n c\u1ea3nh v\u00e0 \u0111i\u1ec1u ki\u1ec7n n\u00e0o th\u00ec ch\u00fang s\u1ebd t\u00f4n l\u00ean n\u00e9t \u0111\u1eb9p, phong c\u00e1ch v\u00e0 th\u1ea7n th\u00e1i c\u1ee7a b\u1ea1n.<\/p>\n","protected":false},"featured_media":117,"comment_status":"open","ping_status":"closed","template":"","meta":[],"product_brand":[],"product_cat":[28],"product_tag":[],"class_list":{"0":"post-112","1":"product","2":"type-product","3":"status-publish","4":"has-post-thumbnail","6":"product_cat-vong","8":"first","9":"instock","10":"shipping-taxable","11":"purchasable","12":"product-type-variable"},"yoast_head":"<!-- This site is optimized with the Yoast SEO plugin v27.3 - https:\/\/yoast.com\/product\/yoast-seo-wordpress\/ -->\n<title>v\u00f2ng tay n\u1eef cao c\u1ea5p- accessories - Accessories<\/title>\n<meta name=\"description\" content=\"V\u00f2ng tay n\u1eef v\u1edbi phong c\u00e1ch \u00e2u m\u1ef9, v\u00f2ng tay n\u00e0y s\u1ebd gi\u00fap cho ng\u1eeboi \u0111eo t\u0103ng s\u1ef1 n\u1ed5i b\u1eadt, s\u1ef1 thu h\u00fat. V\u00f2ng tay n\u1eef v\u1edbi phong c\u00e1ch \u00e2u m\u1ef9 r\u1ea5t ph\u00f9 h\u1ee3p v\u1edbi ng\u01b0\u1eddi tr\u1ebb\" \/>\n<meta name=\"robots\" content=\"index, follow, max-snippet:-1, max-image-preview:large, max-video-preview:-1\" \/>\n<link rel=\"canonical\" href=\"https:\/\/accessories.azdigi.shop\/index.php\/product\/vong-tay-nu-set-nhieu-vong-don-gian-bang-kim-loai-phong-cach-au-my\/\" \/>\n<meta property=\"og:locale\" content=\"vi_VN\" \/>\n<meta property=\"og:type\" content=\"article\" \/>\n<meta property=\"og:title\" content=\"v\u00f2ng tay n\u1eef cao c\u1ea5p- accessories - Accessories\" \/>\n<meta property=\"og:description\" content=\"V\u00f2ng tay n\u1eef v\u1edbi phong c\u00e1ch \u00e2u m\u1ef9, v\u00f2ng tay n\u00e0y s\u1ebd gi\u00fap cho ng\u1eeboi \u0111eo t\u0103ng s\u1ef1 n\u1ed5i b\u1eadt, s\u1ef1 thu h\u00fat. V\u00f2ng tay n\u1eef v\u1edbi phong c\u00e1ch \u00e2u m\u1ef9 r\u1ea5t ph\u00f9 h\u1ee3p v\u1edbi ng\u01b0\u1eddi tr\u1ebb\" \/>\n<meta property=\"og:url\" content=\"https:\/\/accessories.azdigi.shop\/index.php\/product\/vong-tay-nu-set-nhieu-vong-don-gian-bang-kim-loai-phong-cach-au-my\/\" \/>\n<meta property=\"og:site_name\" content=\"Accessories\" \/>\n<meta property=\"article:modified_time\" content=\"2026-04-08T15:40:25+00:00\" \/>\n<meta property=\"og:image\" content=\"https:\/\/accessories.azdigi.shop\/wp-content\/uploads\/2026\/03\/z7668308695154_51af10a37ea90e6b931776b5e647eef9.jpg\" \/>\n\t<meta property=\"og:image:width\" content=\"1290\" \/>\n\t<meta property=\"og:image:height\" content=\"1126\" \/>\n\t<meta property=\"og:image:type\" content=\"image\/jpeg\" \/>\n<meta name=\"twitter:card\" content=\"summary_large_image\" \/>\n<meta name=\"twitter:label1\" content=\"\u01af\u1edbc t\u00ednh th\u1eddi gian \u0111\u1ecdc\" \/>\n\t<meta name=\"twitter:data1\" content=\"2 ph\u00fat\" \/>\n<script type=\"application\/ld+json\" class=\"yoast-schema-graph\">{\"@context\":\"https:\\\/\\\/schema.org\",\"@graph\":[{\"@type\":\"WebPage\",\"@id\":\"https:\\\/\\\/accessories.azdigi.shop\\\/index.php\\\/product\\\/vong-tay-nu-set-nhieu-vong-don-gian-bang-kim-loai-phong-cach-au-my\\\/\",\"url\":\"https:\\\/\\\/accessories.azdigi.shop\\\/index.php\\\/product\\\/vong-tay-nu-set-nhieu-vong-don-gian-bang-kim-loai-phong-cach-au-my\\\/\",\"name\":\"v\u00f2ng tay n\u1eef cao c\u1ea5p- accessories - Accessories\",\"isPartOf\":{\"@id\":\"https:\\\/\\\/accessories.azdigi.shop\\\/#website\"},\"primaryImageOfPage\":{\"@id\":\"https:\\\/\\\/accessories.azdigi.shop\\\/index.php\\\/product\\\/vong-tay-nu-set-nhieu-vong-don-gian-bang-kim-loai-phong-cach-au-my\\\/#primaryimage\"},\"image\":{\"@id\":\"https:\\\/\\\/accessories.azdigi.shop\\\/index.php\\\/product\\\/vong-tay-nu-set-nhieu-vong-don-gian-bang-kim-loai-phong-cach-au-my\\\/#primaryimage\"},\"thumbnailUrl\":\"https:\\\/\\\/accessories.azdigi.shop\\\/wp-content\\\/uploads\\\/2026\\\/03\\\/z7668308695154_51af10a37ea90e6b931776b5e647eef9.jpg\",\"datePublished\":\"2026-03-28T15:49:33+00:00\",\"dateModified\":\"2026-04-08T15:40:25+00:00\",\"description\":\"V\u00f2ng tay n\u1eef v\u1edbi phong c\u00e1ch \u00e2u m\u1ef9, v\u00f2ng tay n\u00e0y s\u1ebd gi\u00fap cho ng\u1eeboi \u0111eo t\u0103ng s\u1ef1 n\u1ed5i b\u1eadt, s\u1ef1 thu h\u00fat. V\u00f2ng tay n\u1eef v\u1edbi phong c\u00e1ch \u00e2u m\u1ef9 r\u1ea5t ph\u00f9 h\u1ee3p v\u1edbi ng\u01b0\u1eddi tr\u1ebb\",\"breadcrumb\":{\"@id\":\"https:\\\/\\\/accessories.azdigi.shop\\\/index.php\\\/product\\\/vong-tay-nu-set-nhieu-vong-don-gian-bang-kim-loai-phong-cach-au-my\\\/#breadcrumb\"},\"inLanguage\":\"vi\",\"potentialAction\":[{\"@type\":\"ReadAction\",\"target\":[\"https:\\\/\\\/accessories.azdigi.shop\\\/index.php\\\/product\\\/vong-tay-nu-set-nhieu-vong-don-gian-bang-kim-loai-phong-cach-au-my\\\/\"]}]},{\"@type\":\"ImageObject\",\"inLanguage\":\"vi\",\"@id\":\"https:\\\/\\\/accessories.azdigi.shop\\\/index.php\\\/product\\\/vong-tay-nu-set-nhieu-vong-don-gian-bang-kim-loai-phong-cach-au-my\\\/#primaryimage\",\"url\":\"https:\\\/\\\/accessories.azdigi.shop\\\/wp-content\\\/uploads\\\/2026\\\/03\\\/z7668308695154_51af10a37ea90e6b931776b5e647eef9.jpg\",\"contentUrl\":\"https:\\\/\\\/accessories.azdigi.shop\\\/wp-content\\\/uploads\\\/2026\\\/03\\\/z7668308695154_51af10a37ea90e6b931776b5e647eef9.jpg\",\"width\":1290,\"height\":1126},{\"@type\":\"BreadcrumbList\",\"@id\":\"https:\\\/\\\/accessories.azdigi.shop\\\/index.php\\\/product\\\/vong-tay-nu-set-nhieu-vong-don-gian-bang-kim-loai-phong-cach-au-my\\\/#breadcrumb\",\"itemListElement\":[{\"@type\":\"ListItem\",\"position\":1,\"name\":\"Home\",\"item\":\"https:\\\/\\\/accessories.azdigi.shop\\\/\"},{\"@type\":\"ListItem\",\"position\":2,\"name\":\"Shop\",\"item\":\"https:\\\/\\\/accessories.azdigi.shop\\\/index.php\\\/shop\\\/\"},{\"@type\":\"ListItem\",\"position\":3,\"name\":\"V\u00f2ng Tay N\u1eef, Set Nhi\u1ec1u V\u00f2ng \u0110\u01a1n Gi\u1ea3n B\u1eb1ng Kim Lo\u1ea1i Phong C\u00e1ch \u00c2u M\u1ef9\"}]},{\"@type\":\"WebSite\",\"@id\":\"https:\\\/\\\/accessories.azdigi.shop\\\/#website\",\"url\":\"https:\\\/\\\/accessories.azdigi.shop\\\/\",\"name\":\"Accessories\",\"description\":\"\",\"publisher\":{\"@id\":\"https:\\\/\\\/accessories.azdigi.shop\\\/#organization\"},\"potentialAction\":[{\"@type\":\"SearchAction\",\"target\":{\"@type\":\"EntryPoint\",\"urlTemplate\":\"https:\\\/\\\/accessories.azdigi.shop\\\/?s={search_term_string}\"},\"query-input\":{\"@type\":\"PropertyValueSpecification\",\"valueRequired\":true,\"valueName\":\"search_term_string\"}}],\"inLanguage\":\"vi\"},{\"@type\":\"Organization\",\"@id\":\"https:\\\/\\\/accessories.azdigi.shop\\\/#organization\",\"name\":\"Accessories\",\"url\":\"https:\\\/\\\/accessories.azdigi.shop\\\/\",\"logo\":{\"@type\":\"ImageObject\",\"inLanguage\":\"vi\",\"@id\":\"https:\\\/\\\/accessories.azdigi.shop\\\/#\\\/schema\\\/logo\\\/image\\\/\",\"url\":\"https:\\\/\\\/accessories.azdigi.shop\\\/wp-content\\\/uploads\\\/2026\\\/03\\\/di-1.jpeg\",\"contentUrl\":\"https:\\\/\\\/accessories.azdigi.shop\\\/wp-content\\\/uploads\\\/2026\\\/03\\\/di-1.jpeg\",\"width\":490,\"height\":371,\"caption\":\"Accessories\"},\"image\":{\"@id\":\"https:\\\/\\\/accessories.azdigi.shop\\\/#\\\/schema\\\/logo\\\/image\\\/\"}}]}<\/script>\n<!-- \/ Yoast SEO plugin. -->","yoast_head_json":{"title":"v\u00f2ng tay n\u1eef cao c\u1ea5p- accessories - Accessories","description":"V\u00f2ng tay n\u1eef v\u1edbi phong c\u00e1ch \u00e2u m\u1ef9, v\u00f2ng tay n\u00e0y s\u1ebd gi\u00fap cho ng\u1eeboi \u0111eo t\u0103ng s\u1ef1 n\u1ed5i b\u1eadt, s\u1ef1 thu h\u00fat. V\u00f2ng tay n\u1eef v\u1edbi phong c\u00e1ch \u00e2u m\u1ef9 r\u1ea5t ph\u00f9 h\u1ee3p v\u1edbi ng\u01b0\u1eddi tr\u1ebb","robots":{"index":"index","follow":"follow","max-snippet":"max-snippet:-1","max-image-preview":"max-image-preview:large","max-video-preview":"max-video-preview:-1"},"canonical":"https:\/\/accessories.azdigi.shop\/index.php\/product\/vong-tay-nu-set-nhieu-vong-don-gian-bang-kim-loai-phong-cach-au-my\/","og_locale":"vi_VN","og_type":"article","og_title":"v\u00f2ng tay n\u1eef cao c\u1ea5p- accessories - Accessories","og_description":"V\u00f2ng tay n\u1eef v\u1edbi phong c\u00e1ch \u00e2u m\u1ef9, v\u00f2ng tay n\u00e0y s\u1ebd gi\u00fap cho ng\u1eeboi \u0111eo t\u0103ng s\u1ef1 n\u1ed5i b\u1eadt, s\u1ef1 thu h\u00fat. V\u00f2ng tay n\u1eef v\u1edbi phong c\u00e1ch \u00e2u m\u1ef9 r\u1ea5t ph\u00f9 h\u1ee3p v\u1edbi ng\u01b0\u1eddi tr\u1ebb","og_url":"https:\/\/accessories.azdigi.shop\/index.php\/product\/vong-tay-nu-set-nhieu-vong-don-gian-bang-kim-loai-phong-cach-au-my\/","og_site_name":"Accessories","article_modified_time":"2026-04-08T15:40:25+00:00","og_image":[{"width":1290,"height":1126,"url":"https:\/\/accessories.azdigi.shop\/wp-content\/uploads\/2026\/03\/z7668308695154_51af10a37ea90e6b931776b5e647eef9.jpg","type":"image\/jpeg"}],"twitter_card":"summary_large_image","twitter_misc":{"\u01af\u1edbc t\u00ednh th\u1eddi gian \u0111\u1ecdc":"2 ph\u00fat"},"schema":{"@context":"https:\/\/schema.org","@graph":[{"@type":"WebPage","@id":"https:\/\/accessories.azdigi.shop\/index.php\/product\/vong-tay-nu-set-nhieu-vong-don-gian-bang-kim-loai-phong-cach-au-my\/","url":"https:\/\/accessories.azdigi.shop\/index.php\/product\/vong-tay-nu-set-nhieu-vong-don-gian-bang-kim-loai-phong-cach-au-my\/","name":"v\u00f2ng tay n\u1eef cao c\u1ea5p- accessories - Accessories","isPartOf":{"@id":"https:\/\/accessories.azdigi.shop\/#website"},"primaryImageOfPage":{"@id":"https:\/\/accessories.azdigi.shop\/index.php\/product\/vong-tay-nu-set-nhieu-vong-don-gian-bang-kim-loai-phong-cach-au-my\/#primaryimage"},"image":{"@id":"https:\/\/accessories.azdigi.shop\/index.php\/product\/vong-tay-nu-set-nhieu-vong-don-gian-bang-kim-loai-phong-cach-au-my\/#primaryimage"},"thumbnailUrl":"https:\/\/accessories.azdigi.shop\/wp-content\/uploads\/2026\/03\/z7668308695154_51af10a37ea90e6b931776b5e647eef9.jpg","datePublished":"2026-03-28T15:49:33+00:00","dateModified":"2026-04-08T15:40:25+00:00","description":"V\u00f2ng tay n\u1eef v\u1edbi phong c\u00e1ch \u00e2u m\u1ef9, v\u00f2ng tay n\u00e0y s\u1ebd gi\u00fap cho ng\u1eeboi \u0111eo t\u0103ng s\u1ef1 n\u1ed5i b\u1eadt, s\u1ef1 thu h\u00fat. V\u00f2ng tay n\u1eef v\u1edbi phong c\u00e1ch \u00e2u m\u1ef9 r\u1ea5t ph\u00f9 h\u1ee3p v\u1edbi ng\u01b0\u1eddi tr\u1ebb","breadcrumb":{"@id":"https:\/\/accessories.azdigi.shop\/index.php\/product\/vong-tay-nu-set-nhieu-vong-don-gian-bang-kim-loai-phong-cach-au-my\/#breadcrumb"},"inLanguage":"vi","potentialAction":[{"@type":"ReadAction","target":["https:\/\/accessories.azdigi.shop\/index.php\/product\/vong-tay-nu-set-nhieu-vong-don-gian-bang-kim-loai-phong-cach-au-my\/"]}]},{"@type":"ImageObject","inLanguage":"vi","@id":"https:\/\/accessories.azdigi.shop\/index.php\/product\/vong-tay-nu-set-nhieu-vong-don-gian-bang-kim-loai-phong-cach-au-my\/#primaryimage","url":"https:\/\/accessories.azdigi.shop\/wp-content\/uploads\/2026\/03\/z7668308695154_51af10a37ea90e6b931776b5e647eef9.jpg","contentUrl":"https:\/\/accessories.azdigi.shop\/wp-content\/uploads\/2026\/03\/z7668308695154_51af10a37ea90e6b931776b5e647eef9.jpg","width":1290,"height":1126},{"@type":"BreadcrumbList","@id":"https:\/\/accessories.azdigi.shop\/index.php\/product\/vong-tay-nu-set-nhieu-vong-don-gian-bang-kim-loai-phong-cach-au-my\/#breadcrumb","itemListElement":[{"@type":"ListItem","position":1,"name":"Home","item":"https:\/\/accessories.azdigi.shop\/"},{"@type":"ListItem","position":2,"name":"Shop","item":"https:\/\/accessories.azdigi.shop\/index.php\/shop\/"},{"@type":"ListItem","position":3,"name":"V\u00f2ng Tay N\u1eef, Set Nhi\u1ec1u V\u00f2ng \u0110\u01a1n Gi\u1ea3n B\u1eb1ng Kim Lo\u1ea1i Phong C\u00e1ch \u00c2u M\u1ef9"}]},{"@type":"WebSite","@id":"https:\/\/accessories.azdigi.shop\/#website","url":"https:\/\/accessories.azdigi.shop\/","name":"Accessories","description":"","publisher":{"@id":"https:\/\/accessories.azdigi.shop\/#organization"},"potentialAction":[{"@type":"SearchAction","target":{"@type":"EntryPoint","urlTemplate":"https:\/\/accessories.azdigi.shop\/?s={search_term_string}"},"query-input":{"@type":"PropertyValueSpecification","valueRequired":true,"valueName":"search_term_string"}}],"inLanguage":"vi"},{"@type":"Organization","@id":"https:\/\/accessories.azdigi.shop\/#organization","name":"Accessories","url":"https:\/\/accessories.azdigi.shop\/","logo":{"@type":"ImageObject","inLanguage":"vi","@id":"https:\/\/accessories.azdigi.shop\/#\/schema\/logo\/image\/","url":"https:\/\/accessories.azdigi.shop\/wp-content\/uploads\/2026\/03\/di-1.jpeg","contentUrl":"https:\/\/accessories.azdigi.shop\/wp-content\/uploads\/2026\/03\/di-1.jpeg","width":490,"height":371,"caption":"Accessories"},"image":{"@id":"https:\/\/accessories.azdigi.shop\/#\/schema\/logo\/image\/"}}]}},"_links":{"self":[{"href":"https:\/\/accessories.azdigi.shop\/index.php\/wp-json\/wp\/v2\/product\/112","targetHints":{"allow":["GET"]}}],"collection":[{"href":"https:\/\/accessories.azdigi.shop\/index.php\/wp-json\/wp\/v2\/product"}],"about":[{"href":"https:\/\/accessories.azdigi.shop\/index.php\/wp-json\/wp\/v2\/types\/product"}],"replies":[{"embeddable":true,"href":"https:\/\/accessories.azdigi.shop\/index.php\/wp-json\/wp\/v2\/comments?post=112"}],"wp:featuredmedia":[{"embeddable":true,"href":"https:\/\/accessories.azdigi.shop\/index.php\/wp-json\/wp\/v2\/media\/117"}],"wp:attachment":[{"href":"https:\/\/accessories.azdigi.shop\/index.php\/wp-json\/wp\/v2\/media?parent=112"}],"wp:term":[{"taxonomy":"product_brand","embeddable":true,"href":"https:\/\/accessories.azdigi.shop\/index.php\/wp-json\/wp\/v2\/product_brand?post=112"},{"taxonomy":"product_cat","embeddable":true,"href":"https:\/\/accessories.azdigi.shop\/index.php\/wp-json\/wp\/v2\/product_cat?post=112"},{"taxonomy":"product_tag","embeddable":true,"href":"https:\/\/accessories.azdigi.shop\/index.php\/wp-json\/wp\/v2\/product_tag?post=112"}],"curies":[{"name":"wp","href":"https:\/\/api.w.org\/{rel}","templated":true}]}}