{"id":122,"date":"2026-04-02T15:20:00","date_gmt":"2026-04-02T15:20:00","guid":{"rendered":"https:\/\/accessories.azdigi.shop\/?post_type=product&#038;p=122"},"modified":"2026-04-08T15:40:38","modified_gmt":"2026-04-08T15:40:38","slug":"bong-tai-nu-set-khuyen-tai-kieu-size-to-thiet-ke-doc-dao","status":"publish","type":"product","link":"https:\/\/accessories.azdigi.shop\/index.php\/product\/bong-tai-nu-set-khuyen-tai-kieu-size-to-thiet-ke-doc-dao\/","title":{"rendered":"B\u00f4ng Tai N\u1eef, Set Khuy\u00ean Tai Ki\u1ec3u Size To Thi\u1ebft K\u1ebf \u0110\u1ed9c \u0110\u00e1o"},"content":{"rendered":"<h1><strong>C\u00e1c ki\u1ec3u b\u00f4ng tai n\u1eef ph\u1ed5 bi\u1ebfn nh\u1ea5t hi\u1ec7n nay<\/strong><\/h1>\n<p>Hi\u1ec7n nay, nhu c\u1ea7u l\u00e0m \u0111\u1eb9p c\u1ee7a c\u00e1c ch\u1ecb em ph\u1ee5 n\u1eef ng\u00e0y c\u00e0ng nhi\u1ec1u h\u01a1n. S\u1ebd th\u1eadt thi\u1ebfu s\u00f3t n\u1ebfu b\u1ea1n kho\u00e1c l\u00ean m\u00ecnh b\u1ed9 trang ph\u1ee5c l\u1ed9ng l\u1eaby m\u00e0 b\u1ecf qu\u00ean \u0111i b\u1ed9 trang s\u1ee9c ph\u00f9 h\u1ee3p. M\u1ed9t trong nh\u1eefng ph\u1ee5 ki\u1ec7n trang s\u1ee9c \u0111\u01b0\u1ee3c \u0111\u00f3n nh\u1eadn nhi\u1ec1u nh\u1ea5t kh\u00f4ng th\u1ec3 kh\u00f4ng th\u1ec3 k\u1ec3 \u0111\u1ebfn <a href=\"https:\/\/accessories.azdigi.shop\" target=\"_blank\" rel=\"noopener\">b\u00f4ng tai n\u1eef<\/a>.<\/p>\n<h1><strong>Ch\u1ecdn mua b\u00f4ng tai n\u1eef \u00a0ph\u00f9 h\u1ee3p v\u1edbi trang ph\u1ee5c: <\/strong><\/h1>\n<p>+ Trang ph\u1ee5c d\u1ea1o ph\u1ed1: \u0110\u1ed1i v\u1edbi trang ph\u1ee5c d\u1ea1o ph\u1ed1 h\u00e0ng ng\u00e0y ho\u1eb7c \u0103n u\u1ed1ng &#8220;via h\u00e8&#8221; v\u1edbi b\u1ea1n b\u00e8, b\u1ea1n c\u00f3 th\u1ec3 ch\u1ecdn ki\u1ec3u khuy\u00ean tai n\u1eef tr\u00f2n, \u0111\u01a1n gi\u1ea3n v\u1edbi ch\u1ea5t li\u1ec7u nh\u1ef1a, \u0111\u1ea5t s\u00e9t, g\u1ed7.Ch\u00fang s\u1ebd t\u1ea1o n\u00ean n\u00e9t t\u01b0\u1edbi tr\u1ebb, t\u1ef1 tin, ph\u00f3ng kho\u00e1ng.<\/p>\n<p>+ Trang ph\u1ee5c \u1ea5n t\u01b0\u1ee3ng: \u0110\u1ed1i v\u1edbi c\u00e1c bu\u1ed5i ti\u1ec7c \u00a0b\u1ea1n c\u00f3 th\u1ec3 k\u1ebft h\u1ee3p \u0111i k\u00e8m b\u00f4ng tai ki\u1ebfu d\u00e1ng l\u1ea1, handmade. C\u00e1c ki\u1ec3u b\u00f4ng tai \u0111\u1eb9p n\u00e0y th\u01b0\u1eddng r\u1ea5t \u0111\u1eb7c tr\u01b0ng, kh\u00f4ng b\u00e1n \u0111\u1ea1i tr\u00e0.<\/p>\n<p>+ Trang ph\u1ee5c c\u00f4ng s\u1edf: \u0110\u1ed1i v\u1edbi trang ph\u1ee5c c\u00f4ng s\u1edf, b\u1ea1n c\u00f3 th\u1ec3 k\u1ebft h\u1ee3p v\u1edbi c\u00e1c ki\u1ec3u hoa tai m\u1eb7t tr\u00f2n, vu\u00f4ng, l\u1ee5c gi\u00e1c&#8230; v\u1edbi nhi\u1ec1u k\u00edch c\u1ee1 nh\u1ecf hay trung b\u00ecnh.<\/p>\n<h1>C\u00e1c c\u00e1ch b\u1ea3o qu\u1ea3n b\u00f4ng tai n\u1eef:<\/h1>\n<div id=\"messageView\" class=\"message-view  \" tabindex=\"21\">\n<div>\n<div id=\"messageViewContainer\" class=\" message-view__scroll \">\n<div class=\"transform-gpu\">\n<div id=\"messageViewScroll\" class=\"message-view__scroll__inner --audit-message-spacing --less-space preview-ts fadeInAndOut\">\n<div class=\"block-date\">\n<div class=\"chat-item flx  chat-item-audit chat-item-spacing me\">\n<div class=\"chat-content flx flx-col flx-cell chat-content-audit\">\n<div id=\"bb_msg_id_1775144474299\" class=\"chat-message chat-message-v2 wrap-message rotate-container me -send-time -reaction\" data-component=\"bubble-message\">\n<div class=\"message-wrapper message-wrapper--me\">\n<div class=\"message-content-wrapper\">\n<div class=\"message-content-render focused-background\">\n<div id=\"message-frame_1775144474299\" class=\" me  last-msg card shadow-bubble message-frame focused-item focused-item--has-border\" data-component=\"message-content-view\" data-qid=\"7685403769058@1775144474299_0_551880139454597680\">\n<div class=\"\" data-id=\"div_DisabledTargetEventLayer\">\n<div class=\"message-action\">\n<div id=\"text-mCntr_7685403769058-1775144474299-0-551880139454597680\" class=\"text-message__container\" data-id=\"div_SentMsg_Text\">\n<div>\n<div class=\"overflow-hidden\" data-component=\"message-text-content\"><span class=\"text\">Trong qu\u00e1 tr\u00ecnh \u0111eo, b\u1ea1n n\u00ean s\u1eed d\u1ee5ng kh\u0103n lau m\u1ecbn \u0111\u1ec3 gi\u1eef cho ph\u1ee5 ki\u1ec7n lu\u00f4n s\u1ea1ch. H\u00e3y th\u00e1o b\u00f4ng tai ra tr\u01b0\u1edbc khi t\u1eafm ho\u1eb7c \u0111i b\u01a1i \u0111\u1ec3 tr\u00e1nh b\u1ecb \u0103n m\u00f2n b\u1edfi h\u00f3a ch\u1ea5t. Khi kh\u00f4ng s\u1eed d\u1ee5ng, b\u1ea1n n\u00ean c\u1ea5t gi\u1eef b\u00f4ng tai n\u1eef trong h\u1ed9p ri\u00eang bi\u1ec7t. Tr\u00e1nh \u0111\u1ec3 chung v\u1edbi c\u00e1c \u0111\u00f4 trang s\u1ee9c kh\u00e1c \u0111\u1ec3 kh\u00f4ng b\u1ecb ma s\u00e1t l\u00e0m h\u01b0 h\u1ecfng ho\u1eb7c bi\u1ebfn d\u1ea1ng. Cu\u1ed1i c\u00f9ng, h\u00e3y lau nh\u1eb9 b\u1eb1ng kh\u0103n gi\u1ea5y \u0111\u1ec3 lo\u1ea1i b\u1ecf m\u1ed3 h\u00f4i v\u00e0 b\u1ee5i b\u1ea9n tr\u01b0\u1edbc khi c\u1ea5t nh\u00e9. <\/span><\/div>\n<div class=\"overflow-hidden\" data-component=\"message-text-content\"><span class=\"text\">L\u01b0u \u00fd: M\u00e0u s\u1eafc h\u00ecnh \u1ea3nh c\u00f3 th\u1ec3 ch\u00eanh l\u1ec7ch kho\u1ea3ng 80%-90% so v\u1edbi s\u1ea3n ph\u1ea9m th\u1ef1c t\u1ebf do \u0111i\u1ec1u ki\u1ec7n \u00e1nh s\u00e1ng <\/span><a style=\"font-size: 14.4px;\" href=\"https:\/\/share.google\/AZb9dS2GUedwiZnpV\">https:\/\/share.google\/AZb9dS2GUedwiZnpV<\/a><\/div>\n<\/div>\n<\/div>\n<\/div>\n<\/div>\n<\/div>\n<\/div>\n<\/div>\n<\/div>\n<\/div>\n<\/div>\n<\/div>\n<\/div>\n<\/div>\n<\/div>\n<\/div>\n<\/div>\n<\/div>\n","protected":false},"excerpt":{"rendered":"<p>C\u00e1c ki\u1ec3u b\u00f4ng tai n\u1eef ph\u1ed5 bi\u1ebfn nh\u1ea5t hi\u1ec7n nay Hi\u1ec7n nay, nhu c\u1ea7u l\u00e0m \u0111\u1eb9p c\u1ee7a c\u00e1c ch\u1ecb em ph\u1ee5 n\u1eef ng\u00e0y c\u00e0ng nhi\u1ec1u h\u01a1n. S\u1ebd th\u1eadt thi\u1ebfu s\u00f3t n\u1ebfu b\u1ea1n kho\u00e1c l\u00ean m\u00ecnh b\u1ed9 trang ph\u1ee5c l\u1ed9ng l\u1eaby m\u00e0 b\u1ecf qu\u00ean \u0111i b\u1ed9 trang s\u1ee9c ph\u00f9 h\u1ee3p. M\u1ed9t trong nh\u1eefng ph\u1ee5 ki\u1ec7n trang [&#8230;]\n","protected":false},"featured_media":140,"comment_status":"open","ping_status":"closed","template":"","meta":[],"product_brand":[],"product_cat":[32],"product_tag":[],"class_list":{"0":"post-122","1":"product","2":"type-product","3":"status-publish","4":"has-post-thumbnail","6":"product_cat-khuyen-tai","8":"first","9":"instock","10":"shipping-taxable","11":"purchasable","12":"product-type-variable"},"yoast_head":"<!-- This site is optimized with the Yoast SEO plugin v27.3 - https:\/\/yoast.com\/product\/yoast-seo-wordpress\/ -->\n<title>B\u00f4ng Tai N\u1eef, Set Khuy\u00ean Tai Ki\u1ec3u Size To Thi\u1ebft K\u1ebf \u0110\u1ed9c \u0110\u00e1o - Accessories<\/title>\n<meta name=\"description\" content=\"B\u00f4ng tai n\u1eef v\u1edbi phong c\u00e1ch \u0111\u1ed9c \u0111\u00e1o, mang l\u00ean v\u1edbi v\u1ebb sang tr\u1ecdng, qu\u00fd ph\u00e1i. H\u00e3y s\u1edf h\u1eefu cho b\u1ea3n th\u00e2n m\u00ecnh m\u1ed9t s\u00e9t b\u00f4ng tai n\u1eef\" \/>\n<meta name=\"robots\" content=\"index, follow, max-snippet:-1, max-image-preview:large, max-video-preview:-1\" \/>\n<link rel=\"canonical\" href=\"https:\/\/accessories.azdigi.shop\/index.php\/product\/bong-tai-nu-set-khuyen-tai-kieu-size-to-thiet-ke-doc-dao\/\" \/>\n<meta property=\"og:locale\" content=\"vi_VN\" \/>\n<meta property=\"og:type\" content=\"article\" \/>\n<meta property=\"og:title\" content=\"B\u00f4ng Tai N\u1eef, Set Khuy\u00ean Tai Ki\u1ec3u Size To Thi\u1ebft K\u1ebf \u0110\u1ed9c \u0110\u00e1o - Accessories\" \/>\n<meta property=\"og:description\" content=\"B\u00f4ng tai n\u1eef v\u1edbi phong c\u00e1ch \u0111\u1ed9c \u0111\u00e1o, mang l\u00ean v\u1edbi v\u1ebb sang tr\u1ecdng, qu\u00fd ph\u00e1i. H\u00e3y s\u1edf h\u1eefu cho b\u1ea3n th\u00e2n m\u00ecnh m\u1ed9t s\u00e9t b\u00f4ng tai n\u1eef\" \/>\n<meta property=\"og:url\" content=\"https:\/\/accessories.azdigi.shop\/index.php\/product\/bong-tai-nu-set-khuyen-tai-kieu-size-to-thiet-ke-doc-dao\/\" \/>\n<meta property=\"og:site_name\" content=\"Accessories\" \/>\n<meta property=\"article:modified_time\" content=\"2026-04-08T15:40:38+00:00\" \/>\n<meta property=\"og:image\" content=\"https:\/\/accessories.azdigi.shop\/wp-content\/uploads\/2026\/04\/z7685328901849_0caf2ba55fccf70e8e4ad3cbb956905e.jpg\" \/>\n\t<meta property=\"og:image:width\" content=\"1290\" \/>\n\t<meta property=\"og:image:height\" content=\"1269\" \/>\n\t<meta property=\"og:image:type\" content=\"image\/jpeg\" \/>\n<meta name=\"twitter:card\" content=\"summary_large_image\" \/>\n<meta name=\"twitter:label1\" content=\"\u01af\u1edbc t\u00ednh th\u1eddi gian \u0111\u1ecdc\" \/>\n\t<meta name=\"twitter:data1\" content=\"2 ph\u00fat\" \/>\n<script type=\"application\/ld+json\" class=\"yoast-schema-graph\">{\"@context\":\"https:\\\/\\\/schema.org\",\"@graph\":[{\"@type\":\"WebPage\",\"@id\":\"https:\\\/\\\/accessories.azdigi.shop\\\/index.php\\\/product\\\/bong-tai-nu-set-khuyen-tai-kieu-size-to-thiet-ke-doc-dao\\\/\",\"url\":\"https:\\\/\\\/accessories.azdigi.shop\\\/index.php\\\/product\\\/bong-tai-nu-set-khuyen-tai-kieu-size-to-thiet-ke-doc-dao\\\/\",\"name\":\"B\u00f4ng Tai N\u1eef, Set Khuy\u00ean Tai Ki\u1ec3u Size To Thi\u1ebft K\u1ebf \u0110\u1ed9c \u0110\u00e1o - Accessories\",\"isPartOf\":{\"@id\":\"https:\\\/\\\/accessories.azdigi.shop\\\/#website\"},\"primaryImageOfPage\":{\"@id\":\"https:\\\/\\\/accessories.azdigi.shop\\\/index.php\\\/product\\\/bong-tai-nu-set-khuyen-tai-kieu-size-to-thiet-ke-doc-dao\\\/#primaryimage\"},\"image\":{\"@id\":\"https:\\\/\\\/accessories.azdigi.shop\\\/index.php\\\/product\\\/bong-tai-nu-set-khuyen-tai-kieu-size-to-thiet-ke-doc-dao\\\/#primaryimage\"},\"thumbnailUrl\":\"https:\\\/\\\/accessories.azdigi.shop\\\/wp-content\\\/uploads\\\/2026\\\/04\\\/z7685328901849_0caf2ba55fccf70e8e4ad3cbb956905e.jpg\",\"datePublished\":\"2026-04-02T15:20:00+00:00\",\"dateModified\":\"2026-04-08T15:40:38+00:00\",\"description\":\"B\u00f4ng tai n\u1eef v\u1edbi phong c\u00e1ch \u0111\u1ed9c \u0111\u00e1o, mang l\u00ean v\u1edbi v\u1ebb sang tr\u1ecdng, qu\u00fd ph\u00e1i. H\u00e3y s\u1edf h\u1eefu cho b\u1ea3n th\u00e2n m\u00ecnh m\u1ed9t s\u00e9t b\u00f4ng tai n\u1eef\",\"breadcrumb\":{\"@id\":\"https:\\\/\\\/accessories.azdigi.shop\\\/index.php\\\/product\\\/bong-tai-nu-set-khuyen-tai-kieu-size-to-thiet-ke-doc-dao\\\/#breadcrumb\"},\"inLanguage\":\"vi\",\"potentialAction\":[{\"@type\":\"ReadAction\",\"target\":[\"https:\\\/\\\/accessories.azdigi.shop\\\/index.php\\\/product\\\/bong-tai-nu-set-khuyen-tai-kieu-size-to-thiet-ke-doc-dao\\\/\"]}]},{\"@type\":\"ImageObject\",\"inLanguage\":\"vi\",\"@id\":\"https:\\\/\\\/accessories.azdigi.shop\\\/index.php\\\/product\\\/bong-tai-nu-set-khuyen-tai-kieu-size-to-thiet-ke-doc-dao\\\/#primaryimage\",\"url\":\"https:\\\/\\\/accessories.azdigi.shop\\\/wp-content\\\/uploads\\\/2026\\\/04\\\/z7685328901849_0caf2ba55fccf70e8e4ad3cbb956905e.jpg\",\"contentUrl\":\"https:\\\/\\\/accessories.azdigi.shop\\\/wp-content\\\/uploads\\\/2026\\\/04\\\/z7685328901849_0caf2ba55fccf70e8e4ad3cbb956905e.jpg\",\"width\":1290,\"height\":1269},{\"@type\":\"BreadcrumbList\",\"@id\":\"https:\\\/\\\/accessories.azdigi.shop\\\/index.php\\\/product\\\/bong-tai-nu-set-khuyen-tai-kieu-size-to-thiet-ke-doc-dao\\\/#breadcrumb\",\"itemListElement\":[{\"@type\":\"ListItem\",\"position\":1,\"name\":\"Home\",\"item\":\"https:\\\/\\\/accessories.azdigi.shop\\\/\"},{\"@type\":\"ListItem\",\"position\":2,\"name\":\"Shop\",\"item\":\"https:\\\/\\\/accessories.azdigi.shop\\\/index.php\\\/shop\\\/\"},{\"@type\":\"ListItem\",\"position\":3,\"name\":\"B\u00f4ng Tai N\u1eef, Set Khuy\u00ean Tai Ki\u1ec3u Size To Thi\u1ebft K\u1ebf \u0110\u1ed9c \u0110\u00e1o\"}]},{\"@type\":\"WebSite\",\"@id\":\"https:\\\/\\\/accessories.azdigi.shop\\\/#website\",\"url\":\"https:\\\/\\\/accessories.azdigi.shop\\\/\",\"name\":\"Accessories\",\"description\":\"\",\"publisher\":{\"@id\":\"https:\\\/\\\/accessories.azdigi.shop\\\/#organization\"},\"potentialAction\":[{\"@type\":\"SearchAction\",\"target\":{\"@type\":\"EntryPoint\",\"urlTemplate\":\"https:\\\/\\\/accessories.azdigi.shop\\\/?s={search_term_string}\"},\"query-input\":{\"@type\":\"PropertyValueSpecification\",\"valueRequired\":true,\"valueName\":\"search_term_string\"}}],\"inLanguage\":\"vi\"},{\"@type\":\"Organization\",\"@id\":\"https:\\\/\\\/accessories.azdigi.shop\\\/#organization\",\"name\":\"Accessories\",\"url\":\"https:\\\/\\\/accessories.azdigi.shop\\\/\",\"logo\":{\"@type\":\"ImageObject\",\"inLanguage\":\"vi\",\"@id\":\"https:\\\/\\\/accessories.azdigi.shop\\\/#\\\/schema\\\/logo\\\/image\\\/\",\"url\":\"https:\\\/\\\/accessories.azdigi.shop\\\/wp-content\\\/uploads\\\/2026\\\/03\\\/di-1.jpeg\",\"contentUrl\":\"https:\\\/\\\/accessories.azdigi.shop\\\/wp-content\\\/uploads\\\/2026\\\/03\\\/di-1.jpeg\",\"width\":490,\"height\":371,\"caption\":\"Accessories\"},\"image\":{\"@id\":\"https:\\\/\\\/accessories.azdigi.shop\\\/#\\\/schema\\\/logo\\\/image\\\/\"}}]}<\/script>\n<!-- \/ Yoast SEO plugin. -->","yoast_head_json":{"title":"B\u00f4ng Tai N\u1eef, Set Khuy\u00ean Tai Ki\u1ec3u Size To Thi\u1ebft K\u1ebf \u0110\u1ed9c \u0110\u00e1o - Accessories","description":"B\u00f4ng tai n\u1eef v\u1edbi phong c\u00e1ch \u0111\u1ed9c \u0111\u00e1o, mang l\u00ean v\u1edbi v\u1ebb sang tr\u1ecdng, qu\u00fd ph\u00e1i. H\u00e3y s\u1edf h\u1eefu cho b\u1ea3n th\u00e2n m\u00ecnh m\u1ed9t s\u00e9t b\u00f4ng tai n\u1eef","robots":{"index":"index","follow":"follow","max-snippet":"max-snippet:-1","max-image-preview":"max-image-preview:large","max-video-preview":"max-video-preview:-1"},"canonical":"https:\/\/accessories.azdigi.shop\/index.php\/product\/bong-tai-nu-set-khuyen-tai-kieu-size-to-thiet-ke-doc-dao\/","og_locale":"vi_VN","og_type":"article","og_title":"B\u00f4ng Tai N\u1eef, Set Khuy\u00ean Tai Ki\u1ec3u Size To Thi\u1ebft K\u1ebf \u0110\u1ed9c \u0110\u00e1o - Accessories","og_description":"B\u00f4ng tai n\u1eef v\u1edbi phong c\u00e1ch \u0111\u1ed9c \u0111\u00e1o, mang l\u00ean v\u1edbi v\u1ebb sang tr\u1ecdng, qu\u00fd ph\u00e1i. H\u00e3y s\u1edf h\u1eefu cho b\u1ea3n th\u00e2n m\u00ecnh m\u1ed9t s\u00e9t b\u00f4ng tai n\u1eef","og_url":"https:\/\/accessories.azdigi.shop\/index.php\/product\/bong-tai-nu-set-khuyen-tai-kieu-size-to-thiet-ke-doc-dao\/","og_site_name":"Accessories","article_modified_time":"2026-04-08T15:40:38+00:00","og_image":[{"width":1290,"height":1269,"url":"https:\/\/accessories.azdigi.shop\/wp-content\/uploads\/2026\/04\/z7685328901849_0caf2ba55fccf70e8e4ad3cbb956905e.jpg","type":"image\/jpeg"}],"twitter_card":"summary_large_image","twitter_misc":{"\u01af\u1edbc t\u00ednh th\u1eddi gian \u0111\u1ecdc":"2 ph\u00fat"},"schema":{"@context":"https:\/\/schema.org","@graph":[{"@type":"WebPage","@id":"https:\/\/accessories.azdigi.shop\/index.php\/product\/bong-tai-nu-set-khuyen-tai-kieu-size-to-thiet-ke-doc-dao\/","url":"https:\/\/accessories.azdigi.shop\/index.php\/product\/bong-tai-nu-set-khuyen-tai-kieu-size-to-thiet-ke-doc-dao\/","name":"B\u00f4ng Tai N\u1eef, Set Khuy\u00ean Tai Ki\u1ec3u Size To Thi\u1ebft K\u1ebf \u0110\u1ed9c \u0110\u00e1o - Accessories","isPartOf":{"@id":"https:\/\/accessories.azdigi.shop\/#website"},"primaryImageOfPage":{"@id":"https:\/\/accessories.azdigi.shop\/index.php\/product\/bong-tai-nu-set-khuyen-tai-kieu-size-to-thiet-ke-doc-dao\/#primaryimage"},"image":{"@id":"https:\/\/accessories.azdigi.shop\/index.php\/product\/bong-tai-nu-set-khuyen-tai-kieu-size-to-thiet-ke-doc-dao\/#primaryimage"},"thumbnailUrl":"https:\/\/accessories.azdigi.shop\/wp-content\/uploads\/2026\/04\/z7685328901849_0caf2ba55fccf70e8e4ad3cbb956905e.jpg","datePublished":"2026-04-02T15:20:00+00:00","dateModified":"2026-04-08T15:40:38+00:00","description":"B\u00f4ng tai n\u1eef v\u1edbi phong c\u00e1ch \u0111\u1ed9c \u0111\u00e1o, mang l\u00ean v\u1edbi v\u1ebb sang tr\u1ecdng, qu\u00fd ph\u00e1i. H\u00e3y s\u1edf h\u1eefu cho b\u1ea3n th\u00e2n m\u00ecnh m\u1ed9t s\u00e9t b\u00f4ng tai n\u1eef","breadcrumb":{"@id":"https:\/\/accessories.azdigi.shop\/index.php\/product\/bong-tai-nu-set-khuyen-tai-kieu-size-to-thiet-ke-doc-dao\/#breadcrumb"},"inLanguage":"vi","potentialAction":[{"@type":"ReadAction","target":["https:\/\/accessories.azdigi.shop\/index.php\/product\/bong-tai-nu-set-khuyen-tai-kieu-size-to-thiet-ke-doc-dao\/"]}]},{"@type":"ImageObject","inLanguage":"vi","@id":"https:\/\/accessories.azdigi.shop\/index.php\/product\/bong-tai-nu-set-khuyen-tai-kieu-size-to-thiet-ke-doc-dao\/#primaryimage","url":"https:\/\/accessories.azdigi.shop\/wp-content\/uploads\/2026\/04\/z7685328901849_0caf2ba55fccf70e8e4ad3cbb956905e.jpg","contentUrl":"https:\/\/accessories.azdigi.shop\/wp-content\/uploads\/2026\/04\/z7685328901849_0caf2ba55fccf70e8e4ad3cbb956905e.jpg","width":1290,"height":1269},{"@type":"BreadcrumbList","@id":"https:\/\/accessories.azdigi.shop\/index.php\/product\/bong-tai-nu-set-khuyen-tai-kieu-size-to-thiet-ke-doc-dao\/#breadcrumb","itemListElement":[{"@type":"ListItem","position":1,"name":"Home","item":"https:\/\/accessories.azdigi.shop\/"},{"@type":"ListItem","position":2,"name":"Shop","item":"https:\/\/accessories.azdigi.shop\/index.php\/shop\/"},{"@type":"ListItem","position":3,"name":"B\u00f4ng Tai N\u1eef, Set Khuy\u00ean Tai Ki\u1ec3u Size To Thi\u1ebft K\u1ebf \u0110\u1ed9c \u0110\u00e1o"}]},{"@type":"WebSite","@id":"https:\/\/accessories.azdigi.shop\/#website","url":"https:\/\/accessories.azdigi.shop\/","name":"Accessories","description":"","publisher":{"@id":"https:\/\/accessories.azdigi.shop\/#organization"},"potentialAction":[{"@type":"SearchAction","target":{"@type":"EntryPoint","urlTemplate":"https:\/\/accessories.azdigi.shop\/?s={search_term_string}"},"query-input":{"@type":"PropertyValueSpecification","valueRequired":true,"valueName":"search_term_string"}}],"inLanguage":"vi"},{"@type":"Organization","@id":"https:\/\/accessories.azdigi.shop\/#organization","name":"Accessories","url":"https:\/\/accessories.azdigi.shop\/","logo":{"@type":"ImageObject","inLanguage":"vi","@id":"https:\/\/accessories.azdigi.shop\/#\/schema\/logo\/image\/","url":"https:\/\/accessories.azdigi.shop\/wp-content\/uploads\/2026\/03\/di-1.jpeg","contentUrl":"https:\/\/accessories.azdigi.shop\/wp-content\/uploads\/2026\/03\/di-1.jpeg","width":490,"height":371,"caption":"Accessories"},"image":{"@id":"https:\/\/accessories.azdigi.shop\/#\/schema\/logo\/image\/"}}]}},"_links":{"self":[{"href":"https:\/\/accessories.azdigi.shop\/index.php\/wp-json\/wp\/v2\/product\/122","targetHints":{"allow":["GET"]}}],"collection":[{"href":"https:\/\/accessories.azdigi.shop\/index.php\/wp-json\/wp\/v2\/product"}],"about":[{"href":"https:\/\/accessories.azdigi.shop\/index.php\/wp-json\/wp\/v2\/types\/product"}],"replies":[{"embeddable":true,"href":"https:\/\/accessories.azdigi.shop\/index.php\/wp-json\/wp\/v2\/comments?post=122"}],"wp:featuredmedia":[{"embeddable":true,"href":"https:\/\/accessories.azdigi.shop\/index.php\/wp-json\/wp\/v2\/media\/140"}],"wp:attachment":[{"href":"https:\/\/accessories.azdigi.shop\/index.php\/wp-json\/wp\/v2\/media?parent=122"}],"wp:term":[{"taxonomy":"product_brand","embeddable":true,"href":"https:\/\/accessories.azdigi.shop\/index.php\/wp-json\/wp\/v2\/product_brand?post=122"},{"taxonomy":"product_cat","embeddable":true,"href":"https:\/\/accessories.azdigi.shop\/index.php\/wp-json\/wp\/v2\/product_cat?post=122"},{"taxonomy":"product_tag","embeddable":true,"href":"https:\/\/accessories.azdigi.shop\/index.php\/wp-json\/wp\/v2\/product_tag?post=122"}],"curies":[{"name":"wp","href":"https:\/\/api.w.org\/{rel}","templated":true}]}}