{"id":163,"date":"2026-04-02T16:28:22","date_gmt":"2026-04-02T16:28:22","guid":{"rendered":"https:\/\/accessories.azdigi.shop\/?post_type=product&#038;p=163"},"modified":"2026-04-08T15:41:16","modified_gmt":"2026-04-08T15:41:16","slug":"vong-co-layering-titan-2-tang-y2k-han-quoc-basic-de-phoi","status":"publish","type":"product","link":"https:\/\/accessories.azdigi.shop\/index.php\/product\/vong-co-layering-titan-2-tang-y2k-han-quoc-basic-de-phoi\/","title":{"rendered":"V\u00f2ng C\u1ed5 Layering Titan 2 T\u1ea7ng- Y2K, H\u00e0n Qu\u1ed1c, Basic D\u1ec5 Ph\u1ed1i"},"content":{"rendered":"<div id=\"messageView\" class=\"message-view \" tabindex=\"21\">\n<div>\n<div id=\"messageViewContainer\" class=\" message-view__scroll \">\n<div class=\"transform-gpu\">\n<div id=\"messageViewScroll\" class=\"message-view__scroll__inner --audit-message-spacing --less-space preview-ts fadeInAndOut\">\n<div class=\"block-date\">\n<div class=\"chat-item flx chat-item-audit chat-item-spacing --s1 me\">\n<div class=\"chat-content flx flx-col flx-cell chat-content-audit\">\n<div id=\"bb_msg_id_1775144671258\" class=\"chat-message chat-message-v2 wrap-message rotate-container me -send-time -reaction\" data-component=\"bubble-message\">\n<div class=\"message-wrapper message-wrapper--me\">\n<div class=\"message-content-wrapper\">\n<div class=\"message-content-render focused-background\">\n<div id=\"message-frame_1775144671258\" class=\" me card shadow-bubble message-frame focused-item focused-item--has-border\" data-component=\"message-content-view\" data-qid=\"7685411466890@1775144671258_0_551880139454597680\">\n<div class=\"\" data-id=\"div_DisabledTargetEventLayer\">\n<div class=\"message-action\">\n<div id=\"text-mCntr_7685411466890-1775144671258-0-551880139454597680\" class=\"text-message__container\" data-id=\"div_SentMsg_Text\">\n<div><\/div>\n<\/div>\n<\/div>\n<\/div>\n<\/div>\n<\/div>\n<\/div>\n<\/div>\n<\/div>\n<\/div>\n<\/div>\n<\/div>\n<\/div>\n<\/div>\n<\/div>\n<\/div>\n<\/div>\n<div id=\"chat-box-input-container-id\" class=\"chat-box-input-container\">\n<div id=\"chat-box-bar-id\" class=\"chat-box-bar\">\n<div class=\"right-chat-box-bar\"><a href=\"https:\/\/accessories.azdigi.shop\" target=\"_blank\" rel=\"noopener\"><span style=\"color: #555555; font-size: 14.4px;\">V\u00f2ng c\u1ed5 Layering Titan 2 T\u1ea7ng &#8211; D\u00e2y Chuy\u1ec1n Nam N\u1eef Th\u1eddi Trang, H\u00e0n Qu\u1ed1c, Y2K, Basic D\u1ec5 Ph\u1ed1i TH\u00d4NG TIN S\u1ea2N PH\u1ea8M :<\/span><\/a><\/div>\n<div class=\"right-chat-box-bar\"><span style=\"color: #555555; font-size: 14.4px;\"> &#8211; M\u00e0u s\u1eafc: M\u00e0u B\u1ea1c + Xanh D\u01b0\u01a1ng &#8211; Chi\u1ec1u d\u00e0i: 48cm + 5cm m\u1edf r\u1ed9ng<\/span><\/div>\n<div class=\"right-chat-box-bar\"><span style=\"color: #555555; font-size: 14.4px;\"> &#8211; D\u00e0nh cho: Nam &amp; N\u1eef &#8211; G\u00f3i h\u00e0ng bao g\u1ed3m: 1 V\u00f2ng c\u1ed5 <\/span><\/div>\n<div class=\"right-chat-box-bar\"><span style=\"color: #555555; font-size: 14.4px;\">&#8211; C\u00e1c d\u1ecbp s\u1eed d\u1ee5ng: Ti\u1ec7c, C\u00e2u l\u1ea1c b\u1ed9, \u0110\u00e1m c\u01b0\u1edbi, H\u00e0ng ng\u00e0y, \u0110\u00ednh h\u00f4n, K\u00fd ni\u1ec7m, Qu\u00e0 t\u1eb7ng, v.v. H\u01b0\u1edbng d\u1eabn b\u1ea3o qu\u1ea3n s\u1ea3n ph\u1ea9m b\u1ec1n \u0111\u1eb9p, s\u00e1ng b\u00f3ng: <\/span><\/div>\n<div class=\"right-chat-box-bar\"><span style=\"color: #555555; font-size: 14.4px;\">&#8211; Kh\u00f4ng ti\u1ebfp x\u00fac v\u1edbi h\u00f3a ch\u1ea5t nh\u01b0 x\u00e0 ph\u00f2ng, axit, n\u01b0\u1edbc r\u1eeda b\u00e1t, b\u1ed9t gi\u1eb7t, &#8230;. <\/span><\/div>\n<div class=\"right-chat-box-bar\"><span style=\"color: #555555; font-size: 14.4px;\">&#8211; Kh\u00f4ng va ch\u1ea1m m\u1ea1nh v\u1edbi v\u1eadt s\u1eafc nh\u1ecdn <\/span><\/div>\n<div class=\"right-chat-box-bar\"><span style=\"color: #555555; font-size: 14.4px;\">&#8211; Kh\u00f4ng \u0111eo khi \u0111i t\u1eafm <\/span><\/div>\n<div class=\"right-chat-box-bar\"><span style=\"color: #555555; font-size: 14.4px;\">&#8211; Kh\u00f4ng \u0111eo khi t\u1eadp th\u1ec3 d\u1ee5c, th\u1ec3 thao<\/span><\/div>\n<div class=\"right-chat-box-bar\"><span style=\"color: #555555; font-size: 14.4px;\"> &#8211; Kh\u00f4ng n\u00ean \u0111eo khi \u0111i ng\u1ee7 Shop bi\u1ebft b\u1ea1n c\u00f3 nhi\u1ec1u s\u1ef1 l\u1ef1a ch\u1ecdn, nh\u01b0ng v\u1eabn ch\u1ecdn mua h\u00e0ng t\u1ea1i GLAM. Shop hi v\u1ecdng s\u1ebd l\u1ea1i c\u00f3 d\u1ecbp ph\u1ee5c v\u1ee5 b\u1ea1n trong nh\u1eefng l\u1ea7n ti\u1ebfp theo. C\u1ea3m \u01a1n b\u1ea1n \u0111\u00e3 mua h\u00e0ng t\u1ea1i GLAM r\u1ea5t nhi\u1ec1u \u1ea1! N\u1ebfu b\u1ea1n nh\u1eadn \u0111\u01b0\u1ee3c s\u1ea3n ph\u1ea9m l\u1ed7i ho\u1eb7c do nh\u1ea7m l\u1ea7n. Mong c\u00e1c b\u1ea1n li\u00ean h\u1ec7 v\u1edbi shop qua s\u1ed1 hotline \u0111\u1ec3 shop c\u00f3 th\u1ec3 kh\u1eafc ph\u1ee5c v\u00e0 gi\u1ea3i quy\u1ebft cho c\u00e1c b\u1ea1n trong th\u1eddi gian s\u1edbm nh\u00e2t.<a href=\"https:\/\/share.google\/eNPIBPahXTlZyJpDh\" target=\"_blank\" rel=\"noopener\">https:\/\/share.google\/eNPIBPahXTlZyJpDh<\/a><\/span><\/div>\n<\/div>\n<div id=\"chatInput\" class=\"chat-box-input chat-box-input--to-focus darwin\">\n<div id=\"chat-input-container-id\" class=\"chat-input-container\">\n<div class=\"chat-input-container__left-layout\">\n<div id=\"chat-input-scroller-id\" class=\"chat-input-scrollable\">\n<div class=\"chat-input-wrapper\">\n<div id=\"chat-input-content-id\" class=\"chat-input-content\">\n<div id=\"richInput\" class=\"rich-input empty\" tabindex=\"1\" contenteditable=\"false\" spellcheck=\"false\" data-keybinding-context=\"mainChatInputFocus#1\" data-translate-placeholder=\"STR_MESSAGE_TO\" data-trailer=\"My Documents\">\n<div id=\"input_line_0\"><\/div>\n<\/div>\n<\/div>\n<\/div>\n<\/div>\n<\/div>\n<\/div>\n<\/div>\n<\/div>\n","protected":false},"excerpt":{"rendered":"<p>V\u00f2ng c\u1ed5 Layering Titan 2 T\u1ea7ng &#8211; D\u00e2y Chuy\u1ec1n Nam N\u1eef Th\u1eddi Trang, H\u00e0n Qu\u1ed1c, Y2K, Basic D\u1ec5 Ph\u1ed1i TH\u00d4NG TIN S\u1ea2N PH\u1ea8M : &#8211; M\u00e0u s\u1eafc: M\u00e0u B\u1ea1c + Xanh D\u01b0\u01a1ng &#8211; Chi\u1ec1u d\u00e0i: 48cm + 5cm m\u1edf r\u1ed9ng &#8211; D\u00e0nh cho: Nam &amp; N\u1eef &#8211; G\u00f3i h\u00e0ng bao g\u1ed3m: 1 V\u00f2ng c\u1ed5 &#8211; [&#8230;]\n","protected":false},"featured_media":173,"comment_status":"open","ping_status":"closed","template":"","meta":[],"product_brand":[],"product_cat":[29],"product_tag":[],"class_list":{"0":"post-163","1":"product","2":"type-product","3":"status-publish","4":"has-post-thumbnail","6":"product_cat-vong-co","8":"first","9":"instock","10":"shipping-taxable","11":"purchasable","12":"product-type-variable"},"yoast_head":"<!-- This site is optimized with the Yoast SEO plugin v27.3 - https:\/\/yoast.com\/product\/yoast-seo-wordpress\/ -->\n<title>V\u00f2ng C\u1ed5 Layering Titan 2 T\u1ea7ng- Y2K, H\u00e0n Qu\u1ed1c, Basic D\u1ec5 Ph\u1ed1i - Accessories<\/title>\n<meta name=\"robots\" content=\"index, follow, max-snippet:-1, max-image-preview:large, max-video-preview:-1\" \/>\n<link rel=\"canonical\" href=\"https:\/\/accessories.azdigi.shop\/index.php\/product\/vong-co-layering-titan-2-tang-y2k-han-quoc-basic-de-phoi\/\" \/>\n<meta property=\"og:locale\" content=\"vi_VN\" \/>\n<meta property=\"og:type\" content=\"article\" \/>\n<meta property=\"og:title\" content=\"V\u00f2ng C\u1ed5 Layering Titan 2 T\u1ea7ng- Y2K, H\u00e0n Qu\u1ed1c, Basic D\u1ec5 Ph\u1ed1i - Accessories\" \/>\n<meta property=\"og:description\" content=\"V\u00f2ng c\u1ed5 Layering Titan 2 T\u1ea7ng &#8211; D\u00e2y Chuy\u1ec1n Nam N\u1eef Th\u1eddi Trang, H\u00e0n Qu\u1ed1c, Y2K, Basic D\u1ec5 Ph\u1ed1i TH\u00d4NG TIN S\u1ea2N PH\u1ea8M : &#8211; M\u00e0u s\u1eafc: M\u00e0u B\u1ea1c + Xanh D\u01b0\u01a1ng &#8211; Chi\u1ec1u d\u00e0i: 48cm + 5cm m\u1edf r\u1ed9ng &#8211; D\u00e0nh cho: Nam &amp; N\u1eef &#8211; G\u00f3i h\u00e0ng bao g\u1ed3m: 1 V\u00f2ng c\u1ed5 &#8211; [...]\" \/>\n<meta property=\"og:url\" content=\"https:\/\/accessories.azdigi.shop\/index.php\/product\/vong-co-layering-titan-2-tang-y2k-han-quoc-basic-de-phoi\/\" \/>\n<meta property=\"og:site_name\" content=\"Accessories\" \/>\n<meta property=\"article:modified_time\" content=\"2026-04-08T15:41:16+00:00\" \/>\n<meta property=\"og:image\" content=\"https:\/\/accessories.azdigi.shop\/wp-content\/uploads\/2026\/04\/z7685471508272_d9d342f9efda82cd421005222d7dbdc4.jpg\" \/>\n\t<meta property=\"og:image:width\" content=\"1290\" \/>\n\t<meta property=\"og:image:height\" content=\"1420\" \/>\n\t<meta property=\"og:image:type\" content=\"image\/jpeg\" \/>\n<meta name=\"twitter:card\" content=\"summary_large_image\" \/>\n<meta name=\"twitter:label1\" content=\"\u01af\u1edbc t\u00ednh th\u1eddi gian \u0111\u1ecdc\" \/>\n\t<meta name=\"twitter:data1\" content=\"2 ph\u00fat\" \/>\n<script type=\"application\/ld+json\" class=\"yoast-schema-graph\">{\"@context\":\"https:\\\/\\\/schema.org\",\"@graph\":[{\"@type\":\"WebPage\",\"@id\":\"https:\\\/\\\/accessories.azdigi.shop\\\/index.php\\\/product\\\/vong-co-layering-titan-2-tang-y2k-han-quoc-basic-de-phoi\\\/\",\"url\":\"https:\\\/\\\/accessories.azdigi.shop\\\/index.php\\\/product\\\/vong-co-layering-titan-2-tang-y2k-han-quoc-basic-de-phoi\\\/\",\"name\":\"V\u00f2ng C\u1ed5 Layering Titan 2 T\u1ea7ng- Y2K, H\u00e0n Qu\u1ed1c, Basic D\u1ec5 Ph\u1ed1i - Accessories\",\"isPartOf\":{\"@id\":\"https:\\\/\\\/accessories.azdigi.shop\\\/#website\"},\"primaryImageOfPage\":{\"@id\":\"https:\\\/\\\/accessories.azdigi.shop\\\/index.php\\\/product\\\/vong-co-layering-titan-2-tang-y2k-han-quoc-basic-de-phoi\\\/#primaryimage\"},\"image\":{\"@id\":\"https:\\\/\\\/accessories.azdigi.shop\\\/index.php\\\/product\\\/vong-co-layering-titan-2-tang-y2k-han-quoc-basic-de-phoi\\\/#primaryimage\"},\"thumbnailUrl\":\"https:\\\/\\\/accessories.azdigi.shop\\\/wp-content\\\/uploads\\\/2026\\\/04\\\/z7685471508272_d9d342f9efda82cd421005222d7dbdc4.jpg\",\"datePublished\":\"2026-04-02T16:28:22+00:00\",\"dateModified\":\"2026-04-08T15:41:16+00:00\",\"breadcrumb\":{\"@id\":\"https:\\\/\\\/accessories.azdigi.shop\\\/index.php\\\/product\\\/vong-co-layering-titan-2-tang-y2k-han-quoc-basic-de-phoi\\\/#breadcrumb\"},\"inLanguage\":\"vi\",\"potentialAction\":[{\"@type\":\"ReadAction\",\"target\":[\"https:\\\/\\\/accessories.azdigi.shop\\\/index.php\\\/product\\\/vong-co-layering-titan-2-tang-y2k-han-quoc-basic-de-phoi\\\/\"]}]},{\"@type\":\"ImageObject\",\"inLanguage\":\"vi\",\"@id\":\"https:\\\/\\\/accessories.azdigi.shop\\\/index.php\\\/product\\\/vong-co-layering-titan-2-tang-y2k-han-quoc-basic-de-phoi\\\/#primaryimage\",\"url\":\"https:\\\/\\\/accessories.azdigi.shop\\\/wp-content\\\/uploads\\\/2026\\\/04\\\/z7685471508272_d9d342f9efda82cd421005222d7dbdc4.jpg\",\"contentUrl\":\"https:\\\/\\\/accessories.azdigi.shop\\\/wp-content\\\/uploads\\\/2026\\\/04\\\/z7685471508272_d9d342f9efda82cd421005222d7dbdc4.jpg\",\"width\":1290,\"height\":1420},{\"@type\":\"BreadcrumbList\",\"@id\":\"https:\\\/\\\/accessories.azdigi.shop\\\/index.php\\\/product\\\/vong-co-layering-titan-2-tang-y2k-han-quoc-basic-de-phoi\\\/#breadcrumb\",\"itemListElement\":[{\"@type\":\"ListItem\",\"position\":1,\"name\":\"Home\",\"item\":\"https:\\\/\\\/accessories.azdigi.shop\\\/\"},{\"@type\":\"ListItem\",\"position\":2,\"name\":\"Shop\",\"item\":\"https:\\\/\\\/accessories.azdigi.shop\\\/index.php\\\/shop\\\/\"},{\"@type\":\"ListItem\",\"position\":3,\"name\":\"V\u00f2ng C\u1ed5 Layering Titan 2 T\u1ea7ng- Y2K, H\u00e0n Qu\u1ed1c, Basic D\u1ec5 Ph\u1ed1i\"}]},{\"@type\":\"WebSite\",\"@id\":\"https:\\\/\\\/accessories.azdigi.shop\\\/#website\",\"url\":\"https:\\\/\\\/accessories.azdigi.shop\\\/\",\"name\":\"Accessories\",\"description\":\"\",\"publisher\":{\"@id\":\"https:\\\/\\\/accessories.azdigi.shop\\\/#organization\"},\"potentialAction\":[{\"@type\":\"SearchAction\",\"target\":{\"@type\":\"EntryPoint\",\"urlTemplate\":\"https:\\\/\\\/accessories.azdigi.shop\\\/?s={search_term_string}\"},\"query-input\":{\"@type\":\"PropertyValueSpecification\",\"valueRequired\":true,\"valueName\":\"search_term_string\"}}],\"inLanguage\":\"vi\"},{\"@type\":\"Organization\",\"@id\":\"https:\\\/\\\/accessories.azdigi.shop\\\/#organization\",\"name\":\"Accessories\",\"url\":\"https:\\\/\\\/accessories.azdigi.shop\\\/\",\"logo\":{\"@type\":\"ImageObject\",\"inLanguage\":\"vi\",\"@id\":\"https:\\\/\\\/accessories.azdigi.shop\\\/#\\\/schema\\\/logo\\\/image\\\/\",\"url\":\"https:\\\/\\\/accessories.azdigi.shop\\\/wp-content\\\/uploads\\\/2026\\\/03\\\/di-1.jpeg\",\"contentUrl\":\"https:\\\/\\\/accessories.azdigi.shop\\\/wp-content\\\/uploads\\\/2026\\\/03\\\/di-1.jpeg\",\"width\":490,\"height\":371,\"caption\":\"Accessories\"},\"image\":{\"@id\":\"https:\\\/\\\/accessories.azdigi.shop\\\/#\\\/schema\\\/logo\\\/image\\\/\"}}]}<\/script>\n<!-- \/ Yoast SEO plugin. -->","yoast_head_json":{"title":"V\u00f2ng C\u1ed5 Layering Titan 2 T\u1ea7ng- Y2K, H\u00e0n Qu\u1ed1c, Basic D\u1ec5 Ph\u1ed1i - Accessories","robots":{"index":"index","follow":"follow","max-snippet":"max-snippet:-1","max-image-preview":"max-image-preview:large","max-video-preview":"max-video-preview:-1"},"canonical":"https:\/\/accessories.azdigi.shop\/index.php\/product\/vong-co-layering-titan-2-tang-y2k-han-quoc-basic-de-phoi\/","og_locale":"vi_VN","og_type":"article","og_title":"V\u00f2ng C\u1ed5 Layering Titan 2 T\u1ea7ng- Y2K, H\u00e0n Qu\u1ed1c, Basic D\u1ec5 Ph\u1ed1i - Accessories","og_description":"V\u00f2ng c\u1ed5 Layering Titan 2 T\u1ea7ng &#8211; D\u00e2y Chuy\u1ec1n Nam N\u1eef Th\u1eddi Trang, H\u00e0n Qu\u1ed1c, Y2K, Basic D\u1ec5 Ph\u1ed1i TH\u00d4NG TIN S\u1ea2N PH\u1ea8M : &#8211; M\u00e0u s\u1eafc: M\u00e0u B\u1ea1c + Xanh D\u01b0\u01a1ng &#8211; Chi\u1ec1u d\u00e0i: 48cm + 5cm m\u1edf r\u1ed9ng &#8211; D\u00e0nh cho: Nam &amp; N\u1eef &#8211; G\u00f3i h\u00e0ng bao g\u1ed3m: 1 V\u00f2ng c\u1ed5 &#8211; [...]","og_url":"https:\/\/accessories.azdigi.shop\/index.php\/product\/vong-co-layering-titan-2-tang-y2k-han-quoc-basic-de-phoi\/","og_site_name":"Accessories","article_modified_time":"2026-04-08T15:41:16+00:00","og_image":[{"width":1290,"height":1420,"url":"https:\/\/accessories.azdigi.shop\/wp-content\/uploads\/2026\/04\/z7685471508272_d9d342f9efda82cd421005222d7dbdc4.jpg","type":"image\/jpeg"}],"twitter_card":"summary_large_image","twitter_misc":{"\u01af\u1edbc t\u00ednh th\u1eddi gian \u0111\u1ecdc":"2 ph\u00fat"},"schema":{"@context":"https:\/\/schema.org","@graph":[{"@type":"WebPage","@id":"https:\/\/accessories.azdigi.shop\/index.php\/product\/vong-co-layering-titan-2-tang-y2k-han-quoc-basic-de-phoi\/","url":"https:\/\/accessories.azdigi.shop\/index.php\/product\/vong-co-layering-titan-2-tang-y2k-han-quoc-basic-de-phoi\/","name":"V\u00f2ng C\u1ed5 Layering Titan 2 T\u1ea7ng- Y2K, H\u00e0n Qu\u1ed1c, Basic D\u1ec5 Ph\u1ed1i - Accessories","isPartOf":{"@id":"https:\/\/accessories.azdigi.shop\/#website"},"primaryImageOfPage":{"@id":"https:\/\/accessories.azdigi.shop\/index.php\/product\/vong-co-layering-titan-2-tang-y2k-han-quoc-basic-de-phoi\/#primaryimage"},"image":{"@id":"https:\/\/accessories.azdigi.shop\/index.php\/product\/vong-co-layering-titan-2-tang-y2k-han-quoc-basic-de-phoi\/#primaryimage"},"thumbnailUrl":"https:\/\/accessories.azdigi.shop\/wp-content\/uploads\/2026\/04\/z7685471508272_d9d342f9efda82cd421005222d7dbdc4.jpg","datePublished":"2026-04-02T16:28:22+00:00","dateModified":"2026-04-08T15:41:16+00:00","breadcrumb":{"@id":"https:\/\/accessories.azdigi.shop\/index.php\/product\/vong-co-layering-titan-2-tang-y2k-han-quoc-basic-de-phoi\/#breadcrumb"},"inLanguage":"vi","potentialAction":[{"@type":"ReadAction","target":["https:\/\/accessories.azdigi.shop\/index.php\/product\/vong-co-layering-titan-2-tang-y2k-han-quoc-basic-de-phoi\/"]}]},{"@type":"ImageObject","inLanguage":"vi","@id":"https:\/\/accessories.azdigi.shop\/index.php\/product\/vong-co-layering-titan-2-tang-y2k-han-quoc-basic-de-phoi\/#primaryimage","url":"https:\/\/accessories.azdigi.shop\/wp-content\/uploads\/2026\/04\/z7685471508272_d9d342f9efda82cd421005222d7dbdc4.jpg","contentUrl":"https:\/\/accessories.azdigi.shop\/wp-content\/uploads\/2026\/04\/z7685471508272_d9d342f9efda82cd421005222d7dbdc4.jpg","width":1290,"height":1420},{"@type":"BreadcrumbList","@id":"https:\/\/accessories.azdigi.shop\/index.php\/product\/vong-co-layering-titan-2-tang-y2k-han-quoc-basic-de-phoi\/#breadcrumb","itemListElement":[{"@type":"ListItem","position":1,"name":"Home","item":"https:\/\/accessories.azdigi.shop\/"},{"@type":"ListItem","position":2,"name":"Shop","item":"https:\/\/accessories.azdigi.shop\/index.php\/shop\/"},{"@type":"ListItem","position":3,"name":"V\u00f2ng C\u1ed5 Layering Titan 2 T\u1ea7ng- Y2K, H\u00e0n Qu\u1ed1c, Basic D\u1ec5 Ph\u1ed1i"}]},{"@type":"WebSite","@id":"https:\/\/accessories.azdigi.shop\/#website","url":"https:\/\/accessories.azdigi.shop\/","name":"Accessories","description":"","publisher":{"@id":"https:\/\/accessories.azdigi.shop\/#organization"},"potentialAction":[{"@type":"SearchAction","target":{"@type":"EntryPoint","urlTemplate":"https:\/\/accessories.azdigi.shop\/?s={search_term_string}"},"query-input":{"@type":"PropertyValueSpecification","valueRequired":true,"valueName":"search_term_string"}}],"inLanguage":"vi"},{"@type":"Organization","@id":"https:\/\/accessories.azdigi.shop\/#organization","name":"Accessories","url":"https:\/\/accessories.azdigi.shop\/","logo":{"@type":"ImageObject","inLanguage":"vi","@id":"https:\/\/accessories.azdigi.shop\/#\/schema\/logo\/image\/","url":"https:\/\/accessories.azdigi.shop\/wp-content\/uploads\/2026\/03\/di-1.jpeg","contentUrl":"https:\/\/accessories.azdigi.shop\/wp-content\/uploads\/2026\/03\/di-1.jpeg","width":490,"height":371,"caption":"Accessories"},"image":{"@id":"https:\/\/accessories.azdigi.shop\/#\/schema\/logo\/image\/"}}]}},"_links":{"self":[{"href":"https:\/\/accessories.azdigi.shop\/index.php\/wp-json\/wp\/v2\/product\/163","targetHints":{"allow":["GET"]}}],"collection":[{"href":"https:\/\/accessories.azdigi.shop\/index.php\/wp-json\/wp\/v2\/product"}],"about":[{"href":"https:\/\/accessories.azdigi.shop\/index.php\/wp-json\/wp\/v2\/types\/product"}],"replies":[{"embeddable":true,"href":"https:\/\/accessories.azdigi.shop\/index.php\/wp-json\/wp\/v2\/comments?post=163"}],"wp:featuredmedia":[{"embeddable":true,"href":"https:\/\/accessories.azdigi.shop\/index.php\/wp-json\/wp\/v2\/media\/173"}],"wp:attachment":[{"href":"https:\/\/accessories.azdigi.shop\/index.php\/wp-json\/wp\/v2\/media?parent=163"}],"wp:term":[{"taxonomy":"product_brand","embeddable":true,"href":"https:\/\/accessories.azdigi.shop\/index.php\/wp-json\/wp\/v2\/product_brand?post=163"},{"taxonomy":"product_cat","embeddable":true,"href":"https:\/\/accessories.azdigi.shop\/index.php\/wp-json\/wp\/v2\/product_cat?post=163"},{"taxonomy":"product_tag","embeddable":true,"href":"https:\/\/accessories.azdigi.shop\/index.php\/wp-json\/wp\/v2\/product_tag?post=163"}],"curies":[{"name":"wp","href":"https:\/\/api.w.org\/{rel}","templated":true}]}}