{"id":175,"date":"2026-04-02T16:50:00","date_gmt":"2026-04-02T16:50:00","guid":{"rendered":"https:\/\/accessories.azdigi.shop\/?post_type=product&#038;p=175"},"modified":"2026-04-08T15:47:10","modified_gmt":"2026-04-08T15:47:10","slug":"nhan-ho-tron-kieu-vong-cung-titan-phong-cach-au-my","status":"publish","type":"product","link":"https:\/\/accessories.azdigi.shop\/index.php\/product\/nhan-ho-tron-kieu-vong-cung-titan-phong-cach-au-my\/","title":{"rendered":"Nh\u1eabn H\u1edf Tr\u01a1n Ki\u1ec3u V\u00f2ng Cung Titan Phong C\u00e1ch \u00c2u M\u1ef9"},"content":{"rendered":"<p>Ch\u1ea5t li\u1ec7u: kim lo\u1ea1i m\u1ea1<\/p>\n<p><a href=\"https:\/\/accessories.azdigi.shop\" target=\"_blank\" rel=\"noopener\">Nh\u1eabn<\/a> l\u00e0 m\u1ed9t m\u00f3n trang s\u1ee9c ph\u1ed5 bi\u1ebfn v\u1edbi h\u1ed9i ch\u1ecb em \u0111am m\u00ea c\u00e1i \u0111\u1eb9p v\u00ec s\u1ef1 sang tr\u1ecdng, tr\u1ebb trung v\u00e0 t\u00f4n l\u00ean b\u00e0n tay ng\u1ecdc ng\u00e0 m\u00e0 n\u00f3 mang l\u1ea1i.. Nh\u1eabn n\u1eef l\u00e0 m\u1ed9t trong c\u00e1c ph\u1ee5 ki\u1ec7n trang s\u1ee9c n\u1eef kh\u00f4ng th\u1ec3 thi\u1ebfu \u0111\u1ed1i v\u1edbi ph\u00e1i \u0111\u1eb9p.<\/p>\n<p><a href=\"https:\/\/share.google\/FF2zpYx9e0VRpzEi\" target=\"_blank\" rel=\"noopener\">C\u00e1ch b\u1ea3o qu\u1ea3n:<\/a><\/p>\n<p>-C\u1ea7n b\u1ea3o qu\u1ea3n c\u00e1c trang s\u1ee9c nh\u1eabn trong c\u00e1c h\u1ed9p chuy\u00ean d\u1ee5ng, v\u00e0 ph\u00e2n chia, ng\u0103n c\u00e1ch ra.<\/p>\n<p>-Kh\u00f4ng n\u00ean \u0111\u1ec3 nh\u1eabn ti\u1ebfp x\u00fac qu\u00e1 nhi\u1ec1u v\u1edbi m\u00f4i tr\u01b0\u1eddng, \u0111\u1eb7c bi\u1ec7t l\u00e0 c\u00e1c h\u00f3a ch\u1ea5t, c\u1ea7n ph\u1ea3i tr\u00e1nh xa.<\/p>\n<p>-Tr\u00e1nh ti\u1ebfp x\u00fac l\u00e2u v\u1edbi n\u01b0\u1edbc v\u00e0 m\u1ed3 h\u00f4i. #setnhannu #nhannamnu #nhandoi #Set3nhan #nhantron #nhan #nhannu #setnhan #nhanthoitrang #nhancatinh #maxime #set10nhan #setnhantron<\/p>\n","protected":false},"excerpt":{"rendered":"<p>Ch\u1ea5t li\u1ec7u: kim lo\u1ea1i m\u1ea1 Nh\u1eabn l\u00e0 m\u1ed9t m\u00f3n trang s\u1ee9c ph\u1ed5 bi\u1ebfn v\u1edbi h\u1ed9i ch\u1ecb em \u0111am m\u00ea c\u00e1i \u0111\u1eb9p v\u00ec s\u1ef1 sang tr\u1ecdng, tr\u1ebb trung v\u00e0 t\u00f4n l\u00ean b\u00e0n tay ng\u1ecdc ng\u00e0 m\u00e0 n\u00f3 mang l\u1ea1i.. Nh\u1eabn n\u1eef l\u00e0 m\u1ed9t trong c\u00e1c ph\u1ee5 ki\u1ec7n trang s\u1ee9c n\u1eef kh\u00f4ng th\u1ec3 thi\u1ebfu \u0111\u1ed1i v\u1edbi ph\u00e1i [&#8230;]\n","protected":false},"featured_media":182,"comment_status":"open","ping_status":"closed","template":"","meta":[],"product_brand":[],"product_cat":[33],"product_tag":[],"class_list":{"0":"post-175","1":"product","2":"type-product","3":"status-publish","4":"has-post-thumbnail","6":"product_cat-nhan","8":"first","9":"instock","10":"shipping-taxable","11":"purchasable","12":"product-type-variable"},"yoast_head":"<!-- This site is optimized with the Yoast SEO plugin v27.3 - https:\/\/yoast.com\/product\/yoast-seo-wordpress\/ -->\n<title>Nh\u1eabn H\u1edf Tr\u01a1n Ki\u1ec3u V\u00f2ng Cung Titan Phong C\u00e1ch \u00c2u M\u1ef9 - Accessories<\/title>\n<meta name=\"robots\" content=\"index, follow, max-snippet:-1, max-image-preview:large, max-video-preview:-1\" \/>\n<link rel=\"canonical\" href=\"https:\/\/accessories.azdigi.shop\/index.php\/product\/nhan-ho-tron-kieu-vong-cung-titan-phong-cach-au-my\/\" \/>\n<meta property=\"og:locale\" content=\"vi_VN\" \/>\n<meta property=\"og:type\" content=\"article\" \/>\n<meta property=\"og:title\" content=\"Nh\u1eabn H\u1edf Tr\u01a1n Ki\u1ec3u V\u00f2ng Cung Titan Phong C\u00e1ch \u00c2u M\u1ef9 - Accessories\" \/>\n<meta property=\"og:description\" content=\"Ch\u1ea5t li\u1ec7u: kim lo\u1ea1i m\u1ea1 Nh\u1eabn l\u00e0 m\u1ed9t m\u00f3n trang s\u1ee9c ph\u1ed5 bi\u1ebfn v\u1edbi h\u1ed9i ch\u1ecb em \u0111am m\u00ea c\u00e1i \u0111\u1eb9p v\u00ec s\u1ef1 sang tr\u1ecdng, tr\u1ebb trung v\u00e0 t\u00f4n l\u00ean b\u00e0n tay ng\u1ecdc ng\u00e0 m\u00e0 n\u00f3 mang l\u1ea1i.. Nh\u1eabn n\u1eef l\u00e0 m\u1ed9t trong c\u00e1c ph\u1ee5 ki\u1ec7n trang s\u1ee9c n\u1eef kh\u00f4ng th\u1ec3 thi\u1ebfu \u0111\u1ed1i v\u1edbi ph\u00e1i [...]\" \/>\n<meta property=\"og:url\" content=\"https:\/\/accessories.azdigi.shop\/index.php\/product\/nhan-ho-tron-kieu-vong-cung-titan-phong-cach-au-my\/\" \/>\n<meta property=\"og:site_name\" content=\"Accessories\" \/>\n<meta property=\"article:modified_time\" content=\"2026-04-08T15:47:10+00:00\" \/>\n<meta property=\"og:image\" content=\"https:\/\/accessories.azdigi.shop\/wp-content\/uploads\/2026\/04\/z7685510317957_2ec372aa24232eb4fb1b332c8759028a.jpg\" \/>\n\t<meta property=\"og:image:width\" content=\"1290\" \/>\n\t<meta property=\"og:image:height\" content=\"1284\" \/>\n\t<meta property=\"og:image:type\" content=\"image\/jpeg\" \/>\n<meta name=\"twitter:card\" content=\"summary_large_image\" \/>\n<meta name=\"twitter:label1\" content=\"\u01af\u1edbc t\u00ednh th\u1eddi gian \u0111\u1ecdc\" \/>\n\t<meta name=\"twitter:data1\" content=\"1 ph\u00fat\" \/>\n<script type=\"application\/ld+json\" class=\"yoast-schema-graph\">{\"@context\":\"https:\\\/\\\/schema.org\",\"@graph\":[{\"@type\":\"WebPage\",\"@id\":\"https:\\\/\\\/accessories.azdigi.shop\\\/index.php\\\/product\\\/nhan-ho-tron-kieu-vong-cung-titan-phong-cach-au-my\\\/\",\"url\":\"https:\\\/\\\/accessories.azdigi.shop\\\/index.php\\\/product\\\/nhan-ho-tron-kieu-vong-cung-titan-phong-cach-au-my\\\/\",\"name\":\"Nh\u1eabn H\u1edf Tr\u01a1n Ki\u1ec3u V\u00f2ng Cung Titan Phong C\u00e1ch \u00c2u M\u1ef9 - Accessories\",\"isPartOf\":{\"@id\":\"https:\\\/\\\/accessories.azdigi.shop\\\/#website\"},\"primaryImageOfPage\":{\"@id\":\"https:\\\/\\\/accessories.azdigi.shop\\\/index.php\\\/product\\\/nhan-ho-tron-kieu-vong-cung-titan-phong-cach-au-my\\\/#primaryimage\"},\"image\":{\"@id\":\"https:\\\/\\\/accessories.azdigi.shop\\\/index.php\\\/product\\\/nhan-ho-tron-kieu-vong-cung-titan-phong-cach-au-my\\\/#primaryimage\"},\"thumbnailUrl\":\"https:\\\/\\\/accessories.azdigi.shop\\\/wp-content\\\/uploads\\\/2026\\\/04\\\/z7685510317957_2ec372aa24232eb4fb1b332c8759028a.jpg\",\"datePublished\":\"2026-04-02T16:50:00+00:00\",\"dateModified\":\"2026-04-08T15:47:10+00:00\",\"breadcrumb\":{\"@id\":\"https:\\\/\\\/accessories.azdigi.shop\\\/index.php\\\/product\\\/nhan-ho-tron-kieu-vong-cung-titan-phong-cach-au-my\\\/#breadcrumb\"},\"inLanguage\":\"vi\",\"potentialAction\":[{\"@type\":\"ReadAction\",\"target\":[\"https:\\\/\\\/accessories.azdigi.shop\\\/index.php\\\/product\\\/nhan-ho-tron-kieu-vong-cung-titan-phong-cach-au-my\\\/\"]}]},{\"@type\":\"ImageObject\",\"inLanguage\":\"vi\",\"@id\":\"https:\\\/\\\/accessories.azdigi.shop\\\/index.php\\\/product\\\/nhan-ho-tron-kieu-vong-cung-titan-phong-cach-au-my\\\/#primaryimage\",\"url\":\"https:\\\/\\\/accessories.azdigi.shop\\\/wp-content\\\/uploads\\\/2026\\\/04\\\/z7685510317957_2ec372aa24232eb4fb1b332c8759028a.jpg\",\"contentUrl\":\"https:\\\/\\\/accessories.azdigi.shop\\\/wp-content\\\/uploads\\\/2026\\\/04\\\/z7685510317957_2ec372aa24232eb4fb1b332c8759028a.jpg\",\"width\":1290,\"height\":1284},{\"@type\":\"BreadcrumbList\",\"@id\":\"https:\\\/\\\/accessories.azdigi.shop\\\/index.php\\\/product\\\/nhan-ho-tron-kieu-vong-cung-titan-phong-cach-au-my\\\/#breadcrumb\",\"itemListElement\":[{\"@type\":\"ListItem\",\"position\":1,\"name\":\"Home\",\"item\":\"https:\\\/\\\/accessories.azdigi.shop\\\/\"},{\"@type\":\"ListItem\",\"position\":2,\"name\":\"Shop\",\"item\":\"https:\\\/\\\/accessories.azdigi.shop\\\/index.php\\\/shop\\\/\"},{\"@type\":\"ListItem\",\"position\":3,\"name\":\"Nh\u1eabn H\u1edf Tr\u01a1n Ki\u1ec3u V\u00f2ng Cung Titan Phong C\u00e1ch \u00c2u M\u1ef9\"}]},{\"@type\":\"WebSite\",\"@id\":\"https:\\\/\\\/accessories.azdigi.shop\\\/#website\",\"url\":\"https:\\\/\\\/accessories.azdigi.shop\\\/\",\"name\":\"Accessories\",\"description\":\"\",\"publisher\":{\"@id\":\"https:\\\/\\\/accessories.azdigi.shop\\\/#organization\"},\"potentialAction\":[{\"@type\":\"SearchAction\",\"target\":{\"@type\":\"EntryPoint\",\"urlTemplate\":\"https:\\\/\\\/accessories.azdigi.shop\\\/?s={search_term_string}\"},\"query-input\":{\"@type\":\"PropertyValueSpecification\",\"valueRequired\":true,\"valueName\":\"search_term_string\"}}],\"inLanguage\":\"vi\"},{\"@type\":\"Organization\",\"@id\":\"https:\\\/\\\/accessories.azdigi.shop\\\/#organization\",\"name\":\"Accessories\",\"url\":\"https:\\\/\\\/accessories.azdigi.shop\\\/\",\"logo\":{\"@type\":\"ImageObject\",\"inLanguage\":\"vi\",\"@id\":\"https:\\\/\\\/accessories.azdigi.shop\\\/#\\\/schema\\\/logo\\\/image\\\/\",\"url\":\"https:\\\/\\\/accessories.azdigi.shop\\\/wp-content\\\/uploads\\\/2026\\\/03\\\/di-1.jpeg\",\"contentUrl\":\"https:\\\/\\\/accessories.azdigi.shop\\\/wp-content\\\/uploads\\\/2026\\\/03\\\/di-1.jpeg\",\"width\":490,\"height\":371,\"caption\":\"Accessories\"},\"image\":{\"@id\":\"https:\\\/\\\/accessories.azdigi.shop\\\/#\\\/schema\\\/logo\\\/image\\\/\"}}]}<\/script>\n<!-- \/ Yoast SEO plugin. -->","yoast_head_json":{"title":"Nh\u1eabn H\u1edf Tr\u01a1n Ki\u1ec3u V\u00f2ng Cung Titan Phong C\u00e1ch \u00c2u M\u1ef9 - Accessories","robots":{"index":"index","follow":"follow","max-snippet":"max-snippet:-1","max-image-preview":"max-image-preview:large","max-video-preview":"max-video-preview:-1"},"canonical":"https:\/\/accessories.azdigi.shop\/index.php\/product\/nhan-ho-tron-kieu-vong-cung-titan-phong-cach-au-my\/","og_locale":"vi_VN","og_type":"article","og_title":"Nh\u1eabn H\u1edf Tr\u01a1n Ki\u1ec3u V\u00f2ng Cung Titan Phong C\u00e1ch \u00c2u M\u1ef9 - Accessories","og_description":"Ch\u1ea5t li\u1ec7u: kim lo\u1ea1i m\u1ea1 Nh\u1eabn l\u00e0 m\u1ed9t m\u00f3n trang s\u1ee9c ph\u1ed5 bi\u1ebfn v\u1edbi h\u1ed9i ch\u1ecb em \u0111am m\u00ea c\u00e1i \u0111\u1eb9p v\u00ec s\u1ef1 sang tr\u1ecdng, tr\u1ebb trung v\u00e0 t\u00f4n l\u00ean b\u00e0n tay ng\u1ecdc ng\u00e0 m\u00e0 n\u00f3 mang l\u1ea1i.. Nh\u1eabn n\u1eef l\u00e0 m\u1ed9t trong c\u00e1c ph\u1ee5 ki\u1ec7n trang s\u1ee9c n\u1eef kh\u00f4ng th\u1ec3 thi\u1ebfu \u0111\u1ed1i v\u1edbi ph\u00e1i [...]","og_url":"https:\/\/accessories.azdigi.shop\/index.php\/product\/nhan-ho-tron-kieu-vong-cung-titan-phong-cach-au-my\/","og_site_name":"Accessories","article_modified_time":"2026-04-08T15:47:10+00:00","og_image":[{"width":1290,"height":1284,"url":"https:\/\/accessories.azdigi.shop\/wp-content\/uploads\/2026\/04\/z7685510317957_2ec372aa24232eb4fb1b332c8759028a.jpg","type":"image\/jpeg"}],"twitter_card":"summary_large_image","twitter_misc":{"\u01af\u1edbc t\u00ednh th\u1eddi gian \u0111\u1ecdc":"1 ph\u00fat"},"schema":{"@context":"https:\/\/schema.org","@graph":[{"@type":"WebPage","@id":"https:\/\/accessories.azdigi.shop\/index.php\/product\/nhan-ho-tron-kieu-vong-cung-titan-phong-cach-au-my\/","url":"https:\/\/accessories.azdigi.shop\/index.php\/product\/nhan-ho-tron-kieu-vong-cung-titan-phong-cach-au-my\/","name":"Nh\u1eabn H\u1edf Tr\u01a1n Ki\u1ec3u V\u00f2ng Cung Titan Phong C\u00e1ch \u00c2u M\u1ef9 - Accessories","isPartOf":{"@id":"https:\/\/accessories.azdigi.shop\/#website"},"primaryImageOfPage":{"@id":"https:\/\/accessories.azdigi.shop\/index.php\/product\/nhan-ho-tron-kieu-vong-cung-titan-phong-cach-au-my\/#primaryimage"},"image":{"@id":"https:\/\/accessories.azdigi.shop\/index.php\/product\/nhan-ho-tron-kieu-vong-cung-titan-phong-cach-au-my\/#primaryimage"},"thumbnailUrl":"https:\/\/accessories.azdigi.shop\/wp-content\/uploads\/2026\/04\/z7685510317957_2ec372aa24232eb4fb1b332c8759028a.jpg","datePublished":"2026-04-02T16:50:00+00:00","dateModified":"2026-04-08T15:47:10+00:00","breadcrumb":{"@id":"https:\/\/accessories.azdigi.shop\/index.php\/product\/nhan-ho-tron-kieu-vong-cung-titan-phong-cach-au-my\/#breadcrumb"},"inLanguage":"vi","potentialAction":[{"@type":"ReadAction","target":["https:\/\/accessories.azdigi.shop\/index.php\/product\/nhan-ho-tron-kieu-vong-cung-titan-phong-cach-au-my\/"]}]},{"@type":"ImageObject","inLanguage":"vi","@id":"https:\/\/accessories.azdigi.shop\/index.php\/product\/nhan-ho-tron-kieu-vong-cung-titan-phong-cach-au-my\/#primaryimage","url":"https:\/\/accessories.azdigi.shop\/wp-content\/uploads\/2026\/04\/z7685510317957_2ec372aa24232eb4fb1b332c8759028a.jpg","contentUrl":"https:\/\/accessories.azdigi.shop\/wp-content\/uploads\/2026\/04\/z7685510317957_2ec372aa24232eb4fb1b332c8759028a.jpg","width":1290,"height":1284},{"@type":"BreadcrumbList","@id":"https:\/\/accessories.azdigi.shop\/index.php\/product\/nhan-ho-tron-kieu-vong-cung-titan-phong-cach-au-my\/#breadcrumb","itemListElement":[{"@type":"ListItem","position":1,"name":"Home","item":"https:\/\/accessories.azdigi.shop\/"},{"@type":"ListItem","position":2,"name":"Shop","item":"https:\/\/accessories.azdigi.shop\/index.php\/shop\/"},{"@type":"ListItem","position":3,"name":"Nh\u1eabn H\u1edf Tr\u01a1n Ki\u1ec3u V\u00f2ng Cung Titan Phong C\u00e1ch \u00c2u M\u1ef9"}]},{"@type":"WebSite","@id":"https:\/\/accessories.azdigi.shop\/#website","url":"https:\/\/accessories.azdigi.shop\/","name":"Accessories","description":"","publisher":{"@id":"https:\/\/accessories.azdigi.shop\/#organization"},"potentialAction":[{"@type":"SearchAction","target":{"@type":"EntryPoint","urlTemplate":"https:\/\/accessories.azdigi.shop\/?s={search_term_string}"},"query-input":{"@type":"PropertyValueSpecification","valueRequired":true,"valueName":"search_term_string"}}],"inLanguage":"vi"},{"@type":"Organization","@id":"https:\/\/accessories.azdigi.shop\/#organization","name":"Accessories","url":"https:\/\/accessories.azdigi.shop\/","logo":{"@type":"ImageObject","inLanguage":"vi","@id":"https:\/\/accessories.azdigi.shop\/#\/schema\/logo\/image\/","url":"https:\/\/accessories.azdigi.shop\/wp-content\/uploads\/2026\/03\/di-1.jpeg","contentUrl":"https:\/\/accessories.azdigi.shop\/wp-content\/uploads\/2026\/03\/di-1.jpeg","width":490,"height":371,"caption":"Accessories"},"image":{"@id":"https:\/\/accessories.azdigi.shop\/#\/schema\/logo\/image\/"}}]}},"_links":{"self":[{"href":"https:\/\/accessories.azdigi.shop\/index.php\/wp-json\/wp\/v2\/product\/175","targetHints":{"allow":["GET"]}}],"collection":[{"href":"https:\/\/accessories.azdigi.shop\/index.php\/wp-json\/wp\/v2\/product"}],"about":[{"href":"https:\/\/accessories.azdigi.shop\/index.php\/wp-json\/wp\/v2\/types\/product"}],"replies":[{"embeddable":true,"href":"https:\/\/accessories.azdigi.shop\/index.php\/wp-json\/wp\/v2\/comments?post=175"}],"wp:featuredmedia":[{"embeddable":true,"href":"https:\/\/accessories.azdigi.shop\/index.php\/wp-json\/wp\/v2\/media\/182"}],"wp:attachment":[{"href":"https:\/\/accessories.azdigi.shop\/index.php\/wp-json\/wp\/v2\/media?parent=175"}],"wp:term":[{"taxonomy":"product_brand","embeddable":true,"href":"https:\/\/accessories.azdigi.shop\/index.php\/wp-json\/wp\/v2\/product_brand?post=175"},{"taxonomy":"product_cat","embeddable":true,"href":"https:\/\/accessories.azdigi.shop\/index.php\/wp-json\/wp\/v2\/product_cat?post=175"},{"taxonomy":"product_tag","embeddable":true,"href":"https:\/\/accessories.azdigi.shop\/index.php\/wp-json\/wp\/v2\/product_tag?post=175"}],"curies":[{"name":"wp","href":"https:\/\/api.w.org\/{rel}","templated":true}]}}