{"id":198,"date":"2026-04-04T17:40:33","date_gmt":"2026-04-04T17:40:33","guid":{"rendered":"https:\/\/accessories.azdigi.shop\/?post_type=product&#038;p=198"},"modified":"2026-04-08T15:47:52","modified_gmt":"2026-04-08T15:47:52","slug":"tui-xach-da-den-retro-au-my-chuan-moi-phong-cach","status":"publish","type":"product","link":"https:\/\/accessories.azdigi.shop\/index.php\/product\/tui-xach-da-den-retro-au-my-chuan-moi-phong-cach\/","title":{"rendered":"T\u00fai X\u00e1ch Da \u0110en Retro \u00c2u M\u1ef9 Chu\u1ea9n M\u1ecdi Phong C\u00e1ch"},"content":{"rendered":"<div id=\"messageView\" class=\"message-view \" tabindex=\"21\">\n<div>\n<div id=\"messageViewContainer\" class=\" message-view__scroll \">\n<div class=\"transform-gpu\">\n<div id=\"messageViewScroll\" class=\"message-view__scroll__inner --audit-message-spacing --less-space preview-ts fadeInAndOut\">\n<div class=\"block-date\">\n<div class=\"chat-item flx chat-item-audit chat-item-spacing me\">\n<div class=\"chat-content flx flx-col flx-cell chat-content-audit\">\n<div id=\"bb_msg_id_1775324062606\" class=\"chat-message chat-message-v2 wrap-message rotate-container me -send-time -reaction\" data-component=\"bubble-message\">\n<div class=\"message-wrapper message-wrapper--me\">\n<div class=\"message-content-wrapper\">\n<div class=\"message-content-render focused-background\">\n<div id=\"message-frame_1775324062606\" class=\" me last-msg card shadow-bubble message-frame focused-item focused-item--has-border\" data-component=\"message-content-view\" data-qid=\"7692234685121@1775324062606_0_551880139454597680\">\n<div class=\"\" data-id=\"div_DisabledTargetEventLayer\">\n<div class=\"message-action\">\n<div id=\"text-mCntr_7692234685121-1775324062606-0-551880139454597680\" class=\"text-message__container\" data-id=\"div_SentMsg_Text\">\n<div>\n<div class=\"overflow-hidden\" data-component=\"message-text-content\"><a href=\"https:\/\/accessories.azdigi.shop\" target=\"_blank\" rel=\"noopener\"><span class=\"text\">TH\u00d4NG TIN S\u1ea2N PH\u1ea8M<\/span><\/a><\/div>\n<div class=\"overflow-hidden\" data-component=\"message-text-content\"><span class=\"text\"> * K\u00edch th\u01b0\u1edbc: D\u00e0i 26cm x R\u1ed9ng 8 cm x Cao 16 cm<\/span><\/div>\n<div class=\"overflow-hidden\" data-component=\"message-text-content\"><span class=\"text\"> * M\u00e0u s\u1eafc: \u0110en<\/span><\/div>\n<div class=\"overflow-hidden\" data-component=\"message-text-content\"><span class=\"text\"> * Kh\u1ed1i l\u01b0\u1ee3ng: 280g <\/span><\/div>\n<div class=\"overflow-hidden\" data-component=\"message-text-content\"><span class=\"text\">* \u00a0T\u00fai x\u00e1ch n\u1eef thi\u1ebft k\u1ebf ki\u1ec3u d\u00e1ng hi\u00ean \u0111\u1ea1i v\u00e0 th\u1eddi trang, d\u1ec5 d\u00e0ng k\u1ebft h\u1ee3p v\u1edbi m\u1ecdi lo\u1ea1i trang ph\u1ee5c kh\u00e1c nhau ph\u00f9 h\u1ee3p \u0111i l\u00e0m c\u00f4ng s\u1edf, \u0111i ch\u01a1i, du l\u1ecbch <\/span><\/div>\n<div class=\"overflow-hidden\" data-component=\"message-text-content\"><span class=\"text\">* Kh\u00f4i l\u01b0\u1ee3ng: 300g<\/span><\/div>\n<div class=\"overflow-hidden\" data-component=\"message-text-content\"><span class=\"text\"> * C\u00f4ng d\u1ee5ng: \u0110\u1ef1ng \u0111i\u1ec7n tho\u1ea1i \/ \u0110\u1ef1ng ti\u1ec1n \/ Th\u1ebb \/ \u0110\u1ed3 trang \u0111i\u1ec3m \/ \u0110\u1ed3 d\u00f9ng c\u00e1 nh\u00e2n&#8230;<\/span><\/div>\n<div class=\"overflow-hidden\" data-component=\"message-text-content\"><span class=\"text\"> *T\u00fai x\u00e1ch n\u1eef C\u00f3 l\u1edbp v\u1ea3i l\u00f3t t\u00fai. <\/span><\/div>\n<div class=\"overflow-hidden\" data-component=\"message-text-content\"><span class=\"text\">*T\u00fai x\u00e1ch n\u1eef c\u00f3 \u0111\u01b0\u1eddng may ch\u1eafc ch\u1eafn, c\u1ea7n th\u1eadn, ch\u1ea5t li\u1ec7u d\u00e0y d\u1ea1n <\/span><\/div>\n<div class=\"overflow-hidden\" data-component=\"message-text-content\"><span class=\"text\">*C\u00c1C TH\u00d4NG S\u1ed0 C\u00d3 TH\u1ec2 SAI L\u1ec6CH 0-3 CM V\u00cc \u0110\u01af\u1ee2C \u0110O B\u1eb0NG BI\u1ec6N PH\u00c1P TH\u1ee6 C\u00d4NG <\/span><\/div>\n<div class=\"overflow-hidden\" data-component=\"message-text-content\"><a href=\"https:\/\/share.google\/akHAMzJR5gb2Olb21\" target=\"_blank\" rel=\"noopener\"><span class=\"text\">H\u01af\u1edaNG D\u1eaaN S\u1eec D\u1ee4NG <\/span><\/a><\/div>\n<div class=\"overflow-hidden\" data-component=\"message-text-content\"><span class=\"text\">&#8211; Kh\u00f4ng gi\u1eb7t t\u1ea9y b\u1eb1ng c\u00e1c ch\u1ea5t t\u1ea9y r\u1eeda m\u1ea1nh, c\u00f3 th\u1ec3 d\u00f9ng ( v\u1ecf chu\u1ed1i, s\u1eefa t\u01b0\u01a1i, gi\u1ea5m&#8230;)<\/span><\/div>\n<div class=\"overflow-hidden\" data-component=\"message-text-content\"><span class=\"text\"> &#8211; Kh\u00f4ng ng\u00e2m n\u01b0\u1edbc qu\u00e1 l\u00e2u <\/span><\/div>\n<div class=\"overflow-hidden\" data-component=\"message-text-content\"><span class=\"text\">&#8211; V\u1edbi c\u00e1c s\u00e0n ph\u1ea9m s\u00e1ng m\u00e0u, n\u00ean v\u1ec7 sinh th\u01b0\u1eddng xuy\u00ean<\/span><\/div>\n<div class=\"overflow-hidden\" data-component=\"message-text-content\"><span class=\"text\"> -Tr\u00e1nh c\u1ea5t gi\u1eef t\u00fai khi c\u00f2n \u01b0\u1edbt, \u1ea9m&#8230; QUY \u0110\u1ecaNH B\u1ea2O H\u00c0NH, \u0110\u1ed4I TR\u1ea2 THEO CH\u00cdNH S\u00c1CH SHOPEE<\/span><\/div>\n<div class=\"overflow-hidden\" data-component=\"message-text-content\"><span class=\"text\"> &#8211; B\u1ea3o h\u00e0nh 1 \u0111\u1ed5i 1 n\u1ebfu nh\u01b0 l\u1ed7i s\u1ea3n xu\u1ea5t<\/span><\/div>\n<div class=\"overflow-hidden\" data-component=\"message-text-content\"><span class=\"text\"> &#8211; S\u1ea3n ph\u00e2m \u0111\u1ed1i tr\u1ea3 ph\u1ea3i c\u00f2n nguy\u00ean tem m\u00e1c&#8230;c\u00f3 video b\u00f3c<\/span><\/div>\n<\/div>\n<\/div>\n<\/div>\n<\/div>\n<\/div>\n<\/div>\n<\/div>\n<\/div>\n<\/div>\n<\/div>\n<\/div>\n<\/div>\n<\/div>\n<\/div>\n<\/div>\n<\/div>\n<\/div>\n<div id=\"chat-box-input-container-id\" class=\"chat-box-input-container\">\n<div id=\"chatInput\" class=\"chat-box-input chat-box-input--to-focus darwin\">\n<div class=\"chat-box-input__heading\"><\/div>\n<div id=\"chat-input-container-id\" class=\"chat-input-container\">\n<div class=\"chat-input-container__left-layout\">\n<div id=\"chat-input-scroller-id\" class=\"chat-input-scrollable\">\n<div class=\"chat-input-wrapper\">\n<div id=\"chat-input-content-id\" class=\"chat-input-content\">\n<div id=\"richInput\" class=\"rich-input empty\" tabindex=\"1\" contenteditable=\"false\" spellcheck=\"false\" data-keybinding-context=\"mainChatInputFocus#1\" data-translate-placeholder=\"STR_MESSAGE_TO\" data-trailer=\"My Documents\">\n<div id=\"input_line_0\"><\/div>\n<\/div>\n<\/div>\n<\/div>\n<\/div>\n<\/div>\n<\/div>\n<\/div>\n<\/div>\n","protected":false},"excerpt":{"rendered":"<p>TH\u00d4NG TIN S\u1ea2N PH\u1ea8M * K\u00edch th\u01b0\u1edbc: D\u00e0i 26cm x R\u1ed9ng 8 cm x Cao 16 cm * M\u00e0u s\u1eafc: \u0110en * Kh\u1ed1i l\u01b0\u1ee3ng: 280g * \u00a0T\u00fai x\u00e1ch n\u1eef thi\u1ebft k\u1ebf ki\u1ec3u d\u00e1ng hi\u00ean \u0111\u1ea1i v\u00e0 th\u1eddi trang, d\u1ec5 d\u00e0ng k\u1ebft h\u1ee3p v\u1edbi m\u1ecdi lo\u1ea1i trang ph\u1ee5c kh\u00e1c nhau ph\u00f9 h\u1ee3p \u0111i l\u00e0m c\u00f4ng s\u1edf, [&#8230;]\n","protected":false},"featured_media":201,"comment_status":"open","ping_status":"closed","template":"","meta":[],"product_brand":[],"product_cat":[31],"product_tag":[],"class_list":{"0":"post-198","1":"product","2":"type-product","3":"status-publish","4":"has-post-thumbnail","6":"product_cat-tui","8":"first","9":"instock","10":"shipping-taxable","11":"purchasable","12":"product-type-simple"},"yoast_head":"<!-- This site is optimized with the Yoast SEO plugin v27.3 - https:\/\/yoast.com\/product\/yoast-seo-wordpress\/ -->\n<title>T\u00fai X\u00e1ch Da \u0110en Retro \u00c2u M\u1ef9 Chu\u1ea9n M\u1ecdi Phong C\u00e1ch - Accessories<\/title>\n<meta name=\"description\" content=\"T\u00fai x\u00e1ch n\u1eef v\u1edbi thi\u1ebft k\u1ebf sang tr\u1ecdng, tr\u1ebb trung, th\u00e0nh l\u1ecbch v\u1edbi phong c\u00e1ch Retro \u00c2u M\u1ef9 ph\u00f9 h\u1ee3p m\u1ecdi l\u1ee9a tu\u1ed5i\" \/>\n<meta name=\"robots\" content=\"index, follow, max-snippet:-1, max-image-preview:large, max-video-preview:-1\" \/>\n<link rel=\"canonical\" href=\"https:\/\/accessories.azdigi.shop\/index.php\/product\/tui-xach-da-den-retro-au-my-chuan-moi-phong-cach\/\" \/>\n<meta property=\"og:locale\" content=\"vi_VN\" \/>\n<meta property=\"og:type\" content=\"article\" \/>\n<meta property=\"og:title\" content=\"T\u00fai X\u00e1ch Da \u0110en Retro \u00c2u M\u1ef9 Chu\u1ea9n M\u1ecdi Phong C\u00e1ch - Accessories\" \/>\n<meta property=\"og:description\" content=\"T\u00fai x\u00e1ch n\u1eef v\u1edbi thi\u1ebft k\u1ebf sang tr\u1ecdng, tr\u1ebb trung, th\u00e0nh l\u1ecbch v\u1edbi phong c\u00e1ch Retro \u00c2u M\u1ef9 ph\u00f9 h\u1ee3p m\u1ecdi l\u1ee9a tu\u1ed5i\" \/>\n<meta property=\"og:url\" content=\"https:\/\/accessories.azdigi.shop\/index.php\/product\/tui-xach-da-den-retro-au-my-chuan-moi-phong-cach\/\" \/>\n<meta property=\"og:site_name\" content=\"Accessories\" \/>\n<meta property=\"article:modified_time\" content=\"2026-04-08T15:47:52+00:00\" \/>\n<meta property=\"og:image\" content=\"https:\/\/accessories.azdigi.shop\/wp-content\/uploads\/2026\/04\/z7692226320397_42184765549a344f096c665dac68da1f.jpg\" \/>\n\t<meta property=\"og:image:width\" content=\"1290\" \/>\n\t<meta property=\"og:image:height\" content=\"1212\" \/>\n\t<meta property=\"og:image:type\" content=\"image\/jpeg\" \/>\n<meta name=\"twitter:card\" content=\"summary_large_image\" \/>\n<meta name=\"twitter:label1\" content=\"\u01af\u1edbc t\u00ednh th\u1eddi gian \u0111\u1ecdc\" \/>\n\t<meta name=\"twitter:data1\" content=\"2 ph\u00fat\" \/>\n<script type=\"application\/ld+json\" class=\"yoast-schema-graph\">{\"@context\":\"https:\\\/\\\/schema.org\",\"@graph\":[{\"@type\":\"WebPage\",\"@id\":\"https:\\\/\\\/accessories.azdigi.shop\\\/index.php\\\/product\\\/tui-xach-da-den-retro-au-my-chuan-moi-phong-cach\\\/\",\"url\":\"https:\\\/\\\/accessories.azdigi.shop\\\/index.php\\\/product\\\/tui-xach-da-den-retro-au-my-chuan-moi-phong-cach\\\/\",\"name\":\"T\u00fai X\u00e1ch Da \u0110en Retro \u00c2u M\u1ef9 Chu\u1ea9n M\u1ecdi Phong C\u00e1ch - Accessories\",\"isPartOf\":{\"@id\":\"https:\\\/\\\/accessories.azdigi.shop\\\/#website\"},\"primaryImageOfPage\":{\"@id\":\"https:\\\/\\\/accessories.azdigi.shop\\\/index.php\\\/product\\\/tui-xach-da-den-retro-au-my-chuan-moi-phong-cach\\\/#primaryimage\"},\"image\":{\"@id\":\"https:\\\/\\\/accessories.azdigi.shop\\\/index.php\\\/product\\\/tui-xach-da-den-retro-au-my-chuan-moi-phong-cach\\\/#primaryimage\"},\"thumbnailUrl\":\"https:\\\/\\\/accessories.azdigi.shop\\\/wp-content\\\/uploads\\\/2026\\\/04\\\/z7692226320397_42184765549a344f096c665dac68da1f.jpg\",\"datePublished\":\"2026-04-04T17:40:33+00:00\",\"dateModified\":\"2026-04-08T15:47:52+00:00\",\"description\":\"T\u00fai x\u00e1ch n\u1eef v\u1edbi thi\u1ebft k\u1ebf sang tr\u1ecdng, tr\u1ebb trung, th\u00e0nh l\u1ecbch v\u1edbi phong c\u00e1ch Retro \u00c2u M\u1ef9 ph\u00f9 h\u1ee3p m\u1ecdi l\u1ee9a tu\u1ed5i\",\"breadcrumb\":{\"@id\":\"https:\\\/\\\/accessories.azdigi.shop\\\/index.php\\\/product\\\/tui-xach-da-den-retro-au-my-chuan-moi-phong-cach\\\/#breadcrumb\"},\"inLanguage\":\"vi\",\"potentialAction\":[{\"@type\":\"ReadAction\",\"target\":[\"https:\\\/\\\/accessories.azdigi.shop\\\/index.php\\\/product\\\/tui-xach-da-den-retro-au-my-chuan-moi-phong-cach\\\/\"]}]},{\"@type\":\"ImageObject\",\"inLanguage\":\"vi\",\"@id\":\"https:\\\/\\\/accessories.azdigi.shop\\\/index.php\\\/product\\\/tui-xach-da-den-retro-au-my-chuan-moi-phong-cach\\\/#primaryimage\",\"url\":\"https:\\\/\\\/accessories.azdigi.shop\\\/wp-content\\\/uploads\\\/2026\\\/04\\\/z7692226320397_42184765549a344f096c665dac68da1f.jpg\",\"contentUrl\":\"https:\\\/\\\/accessories.azdigi.shop\\\/wp-content\\\/uploads\\\/2026\\\/04\\\/z7692226320397_42184765549a344f096c665dac68da1f.jpg\",\"width\":1290,\"height\":1212},{\"@type\":\"BreadcrumbList\",\"@id\":\"https:\\\/\\\/accessories.azdigi.shop\\\/index.php\\\/product\\\/tui-xach-da-den-retro-au-my-chuan-moi-phong-cach\\\/#breadcrumb\",\"itemListElement\":[{\"@type\":\"ListItem\",\"position\":1,\"name\":\"Home\",\"item\":\"https:\\\/\\\/accessories.azdigi.shop\\\/\"},{\"@type\":\"ListItem\",\"position\":2,\"name\":\"Shop\",\"item\":\"https:\\\/\\\/accessories.azdigi.shop\\\/index.php\\\/shop\\\/\"},{\"@type\":\"ListItem\",\"position\":3,\"name\":\"T\u00fai X\u00e1ch Da \u0110en Retro \u00c2u M\u1ef9 Chu\u1ea9n M\u1ecdi Phong C\u00e1ch\"}]},{\"@type\":\"WebSite\",\"@id\":\"https:\\\/\\\/accessories.azdigi.shop\\\/#website\",\"url\":\"https:\\\/\\\/accessories.azdigi.shop\\\/\",\"name\":\"Accessories\",\"description\":\"\",\"publisher\":{\"@id\":\"https:\\\/\\\/accessories.azdigi.shop\\\/#organization\"},\"potentialAction\":[{\"@type\":\"SearchAction\",\"target\":{\"@type\":\"EntryPoint\",\"urlTemplate\":\"https:\\\/\\\/accessories.azdigi.shop\\\/?s={search_term_string}\"},\"query-input\":{\"@type\":\"PropertyValueSpecification\",\"valueRequired\":true,\"valueName\":\"search_term_string\"}}],\"inLanguage\":\"vi\"},{\"@type\":\"Organization\",\"@id\":\"https:\\\/\\\/accessories.azdigi.shop\\\/#organization\",\"name\":\"Accessories\",\"url\":\"https:\\\/\\\/accessories.azdigi.shop\\\/\",\"logo\":{\"@type\":\"ImageObject\",\"inLanguage\":\"vi\",\"@id\":\"https:\\\/\\\/accessories.azdigi.shop\\\/#\\\/schema\\\/logo\\\/image\\\/\",\"url\":\"https:\\\/\\\/accessories.azdigi.shop\\\/wp-content\\\/uploads\\\/2026\\\/03\\\/di-1.jpeg\",\"contentUrl\":\"https:\\\/\\\/accessories.azdigi.shop\\\/wp-content\\\/uploads\\\/2026\\\/03\\\/di-1.jpeg\",\"width\":490,\"height\":371,\"caption\":\"Accessories\"},\"image\":{\"@id\":\"https:\\\/\\\/accessories.azdigi.shop\\\/#\\\/schema\\\/logo\\\/image\\\/\"}}]}<\/script>\n<!-- \/ Yoast SEO plugin. -->","yoast_head_json":{"title":"T\u00fai X\u00e1ch Da \u0110en Retro \u00c2u M\u1ef9 Chu\u1ea9n M\u1ecdi Phong C\u00e1ch - Accessories","description":"T\u00fai x\u00e1ch n\u1eef v\u1edbi thi\u1ebft k\u1ebf sang tr\u1ecdng, tr\u1ebb trung, th\u00e0nh l\u1ecbch v\u1edbi phong c\u00e1ch Retro \u00c2u M\u1ef9 ph\u00f9 h\u1ee3p m\u1ecdi l\u1ee9a tu\u1ed5i","robots":{"index":"index","follow":"follow","max-snippet":"max-snippet:-1","max-image-preview":"max-image-preview:large","max-video-preview":"max-video-preview:-1"},"canonical":"https:\/\/accessories.azdigi.shop\/index.php\/product\/tui-xach-da-den-retro-au-my-chuan-moi-phong-cach\/","og_locale":"vi_VN","og_type":"article","og_title":"T\u00fai X\u00e1ch Da \u0110en Retro \u00c2u M\u1ef9 Chu\u1ea9n M\u1ecdi Phong C\u00e1ch - Accessories","og_description":"T\u00fai x\u00e1ch n\u1eef v\u1edbi thi\u1ebft k\u1ebf sang tr\u1ecdng, tr\u1ebb trung, th\u00e0nh l\u1ecbch v\u1edbi phong c\u00e1ch Retro \u00c2u M\u1ef9 ph\u00f9 h\u1ee3p m\u1ecdi l\u1ee9a tu\u1ed5i","og_url":"https:\/\/accessories.azdigi.shop\/index.php\/product\/tui-xach-da-den-retro-au-my-chuan-moi-phong-cach\/","og_site_name":"Accessories","article_modified_time":"2026-04-08T15:47:52+00:00","og_image":[{"width":1290,"height":1212,"url":"https:\/\/accessories.azdigi.shop\/wp-content\/uploads\/2026\/04\/z7692226320397_42184765549a344f096c665dac68da1f.jpg","type":"image\/jpeg"}],"twitter_card":"summary_large_image","twitter_misc":{"\u01af\u1edbc t\u00ednh th\u1eddi gian \u0111\u1ecdc":"2 ph\u00fat"},"schema":{"@context":"https:\/\/schema.org","@graph":[{"@type":"WebPage","@id":"https:\/\/accessories.azdigi.shop\/index.php\/product\/tui-xach-da-den-retro-au-my-chuan-moi-phong-cach\/","url":"https:\/\/accessories.azdigi.shop\/index.php\/product\/tui-xach-da-den-retro-au-my-chuan-moi-phong-cach\/","name":"T\u00fai X\u00e1ch Da \u0110en Retro \u00c2u M\u1ef9 Chu\u1ea9n M\u1ecdi Phong C\u00e1ch - Accessories","isPartOf":{"@id":"https:\/\/accessories.azdigi.shop\/#website"},"primaryImageOfPage":{"@id":"https:\/\/accessories.azdigi.shop\/index.php\/product\/tui-xach-da-den-retro-au-my-chuan-moi-phong-cach\/#primaryimage"},"image":{"@id":"https:\/\/accessories.azdigi.shop\/index.php\/product\/tui-xach-da-den-retro-au-my-chuan-moi-phong-cach\/#primaryimage"},"thumbnailUrl":"https:\/\/accessories.azdigi.shop\/wp-content\/uploads\/2026\/04\/z7692226320397_42184765549a344f096c665dac68da1f.jpg","datePublished":"2026-04-04T17:40:33+00:00","dateModified":"2026-04-08T15:47:52+00:00","description":"T\u00fai x\u00e1ch n\u1eef v\u1edbi thi\u1ebft k\u1ebf sang tr\u1ecdng, tr\u1ebb trung, th\u00e0nh l\u1ecbch v\u1edbi phong c\u00e1ch Retro \u00c2u M\u1ef9 ph\u00f9 h\u1ee3p m\u1ecdi l\u1ee9a tu\u1ed5i","breadcrumb":{"@id":"https:\/\/accessories.azdigi.shop\/index.php\/product\/tui-xach-da-den-retro-au-my-chuan-moi-phong-cach\/#breadcrumb"},"inLanguage":"vi","potentialAction":[{"@type":"ReadAction","target":["https:\/\/accessories.azdigi.shop\/index.php\/product\/tui-xach-da-den-retro-au-my-chuan-moi-phong-cach\/"]}]},{"@type":"ImageObject","inLanguage":"vi","@id":"https:\/\/accessories.azdigi.shop\/index.php\/product\/tui-xach-da-den-retro-au-my-chuan-moi-phong-cach\/#primaryimage","url":"https:\/\/accessories.azdigi.shop\/wp-content\/uploads\/2026\/04\/z7692226320397_42184765549a344f096c665dac68da1f.jpg","contentUrl":"https:\/\/accessories.azdigi.shop\/wp-content\/uploads\/2026\/04\/z7692226320397_42184765549a344f096c665dac68da1f.jpg","width":1290,"height":1212},{"@type":"BreadcrumbList","@id":"https:\/\/accessories.azdigi.shop\/index.php\/product\/tui-xach-da-den-retro-au-my-chuan-moi-phong-cach\/#breadcrumb","itemListElement":[{"@type":"ListItem","position":1,"name":"Home","item":"https:\/\/accessories.azdigi.shop\/"},{"@type":"ListItem","position":2,"name":"Shop","item":"https:\/\/accessories.azdigi.shop\/index.php\/shop\/"},{"@type":"ListItem","position":3,"name":"T\u00fai X\u00e1ch Da \u0110en Retro \u00c2u M\u1ef9 Chu\u1ea9n M\u1ecdi Phong C\u00e1ch"}]},{"@type":"WebSite","@id":"https:\/\/accessories.azdigi.shop\/#website","url":"https:\/\/accessories.azdigi.shop\/","name":"Accessories","description":"","publisher":{"@id":"https:\/\/accessories.azdigi.shop\/#organization"},"potentialAction":[{"@type":"SearchAction","target":{"@type":"EntryPoint","urlTemplate":"https:\/\/accessories.azdigi.shop\/?s={search_term_string}"},"query-input":{"@type":"PropertyValueSpecification","valueRequired":true,"valueName":"search_term_string"}}],"inLanguage":"vi"},{"@type":"Organization","@id":"https:\/\/accessories.azdigi.shop\/#organization","name":"Accessories","url":"https:\/\/accessories.azdigi.shop\/","logo":{"@type":"ImageObject","inLanguage":"vi","@id":"https:\/\/accessories.azdigi.shop\/#\/schema\/logo\/image\/","url":"https:\/\/accessories.azdigi.shop\/wp-content\/uploads\/2026\/03\/di-1.jpeg","contentUrl":"https:\/\/accessories.azdigi.shop\/wp-content\/uploads\/2026\/03\/di-1.jpeg","width":490,"height":371,"caption":"Accessories"},"image":{"@id":"https:\/\/accessories.azdigi.shop\/#\/schema\/logo\/image\/"}}]}},"_links":{"self":[{"href":"https:\/\/accessories.azdigi.shop\/index.php\/wp-json\/wp\/v2\/product\/198","targetHints":{"allow":["GET"]}}],"collection":[{"href":"https:\/\/accessories.azdigi.shop\/index.php\/wp-json\/wp\/v2\/product"}],"about":[{"href":"https:\/\/accessories.azdigi.shop\/index.php\/wp-json\/wp\/v2\/types\/product"}],"replies":[{"embeddable":true,"href":"https:\/\/accessories.azdigi.shop\/index.php\/wp-json\/wp\/v2\/comments?post=198"}],"wp:featuredmedia":[{"embeddable":true,"href":"https:\/\/accessories.azdigi.shop\/index.php\/wp-json\/wp\/v2\/media\/201"}],"wp:attachment":[{"href":"https:\/\/accessories.azdigi.shop\/index.php\/wp-json\/wp\/v2\/media?parent=198"}],"wp:term":[{"taxonomy":"product_brand","embeddable":true,"href":"https:\/\/accessories.azdigi.shop\/index.php\/wp-json\/wp\/v2\/product_brand?post=198"},{"taxonomy":"product_cat","embeddable":true,"href":"https:\/\/accessories.azdigi.shop\/index.php\/wp-json\/wp\/v2\/product_cat?post=198"},{"taxonomy":"product_tag","embeddable":true,"href":"https:\/\/accessories.azdigi.shop\/index.php\/wp-json\/wp\/v2\/product_tag?post=198"}],"curies":[{"name":"wp","href":"https:\/\/api.w.org\/{rel}","templated":true}]}}