{"id":206,"date":"2026-04-04T17:55:56","date_gmt":"2026-04-04T17:55:56","guid":{"rendered":"https:\/\/accessories.azdigi.shop\/?post_type=product&#038;p=206"},"modified":"2026-04-08T15:50:50","modified_gmt":"2026-04-08T15:50:50","slug":"diamond-belt-206","status":"publish","type":"product","link":"https:\/\/accessories.azdigi.shop\/index.php\/product\/diamond-belt-206\/","title":{"rendered":"Diamond Belt Th\u1eaft L\u01b0ng \u0110\u00ednh \u0110\u00e1 H\u1ea1t L\u1ea5p L\u00e1nh"},"content":{"rendered":"<p>M\u1edbi v\u00e0 ch\u1ea5t l\u01b0\u1ee3ng cao!<\/p>\n<p><a href=\"https:\/\/accessories.azdigi.shop\" target=\"_blank\" rel=\"noopener\">M\u00f4 t\u1ea3:<\/a><\/p>\n<p>1. Th\u1eddi trang v\u00e0 b\u1eaft m\u1eaft: Thi\u1ebft k\u1ebf c\u1ee7a chi\u1ebfc th\u1eaft l\u01b0ng n\u00e0y r\u1ea5t \u0111\u01a1n gi\u1ea3n v\u00e0 th\u1eddi trang. Di\u1ec7n t\u00edch trang tr\u00ed sequin l\u1edbn gi\u00fap b\u1ea1n n\u1ed5i b\u1eadt gi\u1eefa \u0111\u00e1m \u0111\u00f4ng v\u00e0 d\u1ec5 d\u00e0ng th\u1ec3 hi\u1ec7n phong c\u00e1ch c\u00e1 t\u00ednh c\u1ee7a m\u00ecnh.<\/p>\n<p>2. Ch\u1ea5t li\u1ec7u cao c\u1ea5p: Th\u1eaft l\u01b0ng n\u00e0y \u0111\u01b0\u1ee3c l\u00e0m b\u1eb1ng ch\u1ea5t li\u1ec7u cao c\u1ea5p. Sequins ch\u1eafc ch\u1eafn v\u00e0 kh\u00f4ng d\u1ec5 r\u01a1i ra. D\u00e2y \u0111ai l\u00e0 v\u00e0 c\u00f3 th\u1ec3 s\u1eed d\u1ee5ng l\u00e2u d\u00e0i m\u00e0 kh\u00f4ng b\u1ecb h\u1ecfng.<\/p>\n<p>3. D\u1ec5 d\u00e0ng ph\u1ed1i \u0111\u1ed3: cho d\u00f9 b\u1ea1n mu\u1ed1n ph\u1ed1i v\u00e1y hay qu\u1ea7n, chi\u1ebfc th\u1eaft l\u01b0ng sequin n\u00e0y c\u00f3 th\u1ec3 d\u1ec5 d\u00e0ng ph\u1ed1i \u0111\u1ed3 \u0111\u1ec3 l\u00e0m cho qu\u1ea7n \u00e1o c\u1ee7a b\u1ea1n tr\u1edf n\u00ean \u0111\u1ea7y \u0111\u1eb7n v\u00e0 c\u00e1 t\u00ednh h\u01a1n.<\/p>\n<p>4. Tho\u1ea3i m\u00e1i khi m\u1eb7c: Th\u1eaft l\u01b0ng c\u00f3 \u0111\u1ed9 r\u1ed9ng v\u1eeba ph\u1ea3i v\u00e0 s\u1ebd kh\u00f4ng g\u00e2y \u00e1p l\u1ef1c l\u00ean eo c\u1ee7a b\u1ea1n. B\u1ea1n c\u00f3 th\u1ebf \u0111i\u1ec1u ch\u1ec9nh \u0111\u1ed9 d\u00e0i c\u1ee7a th\u1eaft l\u01b0ng t\u00f9y theo \u00fd mu\u1ed1n \u0111\u1ec3 t\u1ea1o c\u1ea3m gi\u00e1c tho\u1ea3i m\u00e1i h\u01a1n khi \u0111eo.<\/p>\n<p>5. Nh\u1eefng d\u1ecbp \u00e1p d\u1ee5ng r\u1ed9ng r\u00e3i: chi\u1ebfc th\u1eaft l\u01b0ng c\u00e1 nh\u00e2n h\u00f3a n\u00e0y kh\u00f4ng ch\u1ec9 th\u00edch h\u1ee3p \u0111\u1ebf \u0111eo h\u00e0ng ng\u00e0y m\u00e0 c\u00f2n th\u00edch h\u1ee3p cho c\u00e1c b\u1eefa ti\u1ec7c, bu\u1ed5i bi\u1ec3u di\u1ec5n v\u00e0 c\u00e1c d\u1ecbp, t\u0103ng th\u00eam n\u00e9t s\u00e1ng b\u00f3ng cho v\u00f3c d\u00e1ng c\u1ee7a b\u1ea1n.<\/p>\n<p>Ch\u1ea5t li\u1ec7u:, h\u1ee3p kim<\/p>\n<p>M\u00e0u s\u1eafc: nh\u01b0 h\u00ecnh<\/p>\n<p>K\u00edch th\u01b0\u1edbc: nh\u01b0 h\u00ecnh<\/p>\n<p><a href=\"https:\/\/share.google\/bl2jnrKujj7kZixWn\" target=\"_blank\" rel=\"noopener\">\u00a0L\u01b0u \u00fd:<\/a> 1. Do \u0111o l\u01b0\u1eddng th\u1ee7 c\u00f4ng, xin vui l\u00f2ng cho ph\u00e9p m\u1ed9t sai s\u1ed1 1-3mm.<\/p>\n<p>2. V\u00ec c\u00e1c m\u00e1y t\u00ednh kh\u00e1c nhau hi\u1ec3n th\u1ecb c\u00e1c m\u00e0u kh\u00e1c nhau, c\u1ea3m \u01a1n b\u1ea1n \u0111\u00e3 th\u00f4ng c\u1ea3m, m\u00e0u s\u1eafc s\u1ea3n ph\u1ea9m th\u1ef1c t\u1ebf c\u00f3 th\u1ec3 h\u01a1i kh\u00e1c so v\u1edbi h\u00ecnh \u1ea3nh.<\/p>\n<p>Mua ngay<\/p>\n","protected":false},"excerpt":{"rendered":"<p>M\u1edbi v\u00e0 ch\u1ea5t l\u01b0\u1ee3ng cao! M\u00f4 t\u1ea3: 1. Th\u1eddi trang v\u00e0 b\u1eaft m\u1eaft: Thi\u1ebft k\u1ebf c\u1ee7a chi\u1ebfc th\u1eaft l\u01b0ng n\u00e0y r\u1ea5t \u0111\u01a1n gi\u1ea3n v\u00e0 th\u1eddi trang. Di\u1ec7n t\u00edch trang tr\u00ed sequin l\u1edbn gi\u00fap b\u1ea1n n\u1ed5i b\u1eadt gi\u1eefa \u0111\u00e1m \u0111\u00f4ng v\u00e0 d\u1ec5 d\u00e0ng th\u1ec3 hi\u1ec7n phong c\u00e1ch c\u00e1 t\u00ednh c\u1ee7a m\u00ecnh. 2. Ch\u1ea5t li\u1ec7u cao c\u1ea5p: [&#8230;]\n","protected":false},"featured_media":210,"comment_status":"open","ping_status":"closed","template":"","meta":[],"product_brand":[],"product_cat":[34],"product_tag":[],"class_list":{"0":"post-206","1":"product","2":"type-product","3":"status-publish","4":"has-post-thumbnail","6":"product_cat-that-lung","8":"first","9":"instock","10":"shipping-taxable","11":"purchasable","12":"product-type-variable"},"yoast_head":"<!-- This site is optimized with the Yoast SEO plugin v27.3 - https:\/\/yoast.com\/product\/yoast-seo-wordpress\/ -->\n<title>Diamond Belt Th\u1eaft L\u01b0ng \u0110\u00ednh \u0110\u00e1 H\u1ea1t L\u1ea5p L\u00e1nh - Accessories<\/title>\n<meta name=\"robots\" content=\"index, follow, max-snippet:-1, max-image-preview:large, max-video-preview:-1\" \/>\n<link rel=\"canonical\" href=\"https:\/\/accessories.azdigi.shop\/index.php\/product\/diamond-belt-206\/\" \/>\n<meta property=\"og:locale\" content=\"vi_VN\" \/>\n<meta property=\"og:type\" content=\"article\" \/>\n<meta property=\"og:title\" content=\"Diamond Belt Th\u1eaft L\u01b0ng \u0110\u00ednh \u0110\u00e1 H\u1ea1t L\u1ea5p L\u00e1nh - Accessories\" \/>\n<meta property=\"og:description\" content=\"M\u1edbi v\u00e0 ch\u1ea5t l\u01b0\u1ee3ng cao! M\u00f4 t\u1ea3: 1. Th\u1eddi trang v\u00e0 b\u1eaft m\u1eaft: Thi\u1ebft k\u1ebf c\u1ee7a chi\u1ebfc th\u1eaft l\u01b0ng n\u00e0y r\u1ea5t \u0111\u01a1n gi\u1ea3n v\u00e0 th\u1eddi trang. Di\u1ec7n t\u00edch trang tr\u00ed sequin l\u1edbn gi\u00fap b\u1ea1n n\u1ed5i b\u1eadt gi\u1eefa \u0111\u00e1m \u0111\u00f4ng v\u00e0 d\u1ec5 d\u00e0ng th\u1ec3 hi\u1ec7n phong c\u00e1ch c\u00e1 t\u00ednh c\u1ee7a m\u00ecnh. 2. Ch\u1ea5t li\u1ec7u cao c\u1ea5p: [...]\" \/>\n<meta property=\"og:url\" content=\"https:\/\/accessories.azdigi.shop\/index.php\/product\/diamond-belt-206\/\" \/>\n<meta property=\"og:site_name\" content=\"Accessories\" \/>\n<meta property=\"article:modified_time\" content=\"2026-04-08T15:50:50+00:00\" \/>\n<meta property=\"og:image\" content=\"https:\/\/accessories.azdigi.shop\/wp-content\/uploads\/2026\/04\/z7692242019890_bc296d1c7e1b38ec679b7ca09c3fc9fa.jpg\" \/>\n\t<meta property=\"og:image:width\" content=\"1290\" \/>\n\t<meta property=\"og:image:height\" content=\"1203\" \/>\n\t<meta property=\"og:image:type\" content=\"image\/jpeg\" \/>\n<meta name=\"twitter:card\" content=\"summary_large_image\" \/>\n<meta name=\"twitter:label1\" content=\"\u01af\u1edbc t\u00ednh th\u1eddi gian \u0111\u1ecdc\" \/>\n\t<meta name=\"twitter:data1\" content=\"2 ph\u00fat\" \/>\n<script type=\"application\/ld+json\" class=\"yoast-schema-graph\">{\"@context\":\"https:\\\/\\\/schema.org\",\"@graph\":[{\"@type\":\"WebPage\",\"@id\":\"https:\\\/\\\/accessories.azdigi.shop\\\/index.php\\\/product\\\/diamond-belt-206\\\/\",\"url\":\"https:\\\/\\\/accessories.azdigi.shop\\\/index.php\\\/product\\\/diamond-belt-206\\\/\",\"name\":\"Diamond Belt Th\u1eaft L\u01b0ng \u0110\u00ednh \u0110\u00e1 H\u1ea1t L\u1ea5p L\u00e1nh - Accessories\",\"isPartOf\":{\"@id\":\"https:\\\/\\\/accessories.azdigi.shop\\\/#website\"},\"primaryImageOfPage\":{\"@id\":\"https:\\\/\\\/accessories.azdigi.shop\\\/index.php\\\/product\\\/diamond-belt-206\\\/#primaryimage\"},\"image\":{\"@id\":\"https:\\\/\\\/accessories.azdigi.shop\\\/index.php\\\/product\\\/diamond-belt-206\\\/#primaryimage\"},\"thumbnailUrl\":\"https:\\\/\\\/accessories.azdigi.shop\\\/wp-content\\\/uploads\\\/2026\\\/04\\\/z7692242019890_bc296d1c7e1b38ec679b7ca09c3fc9fa.jpg\",\"datePublished\":\"2026-04-04T17:55:56+00:00\",\"dateModified\":\"2026-04-08T15:50:50+00:00\",\"breadcrumb\":{\"@id\":\"https:\\\/\\\/accessories.azdigi.shop\\\/index.php\\\/product\\\/diamond-belt-206\\\/#breadcrumb\"},\"inLanguage\":\"vi\",\"potentialAction\":[{\"@type\":\"ReadAction\",\"target\":[\"https:\\\/\\\/accessories.azdigi.shop\\\/index.php\\\/product\\\/diamond-belt-206\\\/\"]}]},{\"@type\":\"ImageObject\",\"inLanguage\":\"vi\",\"@id\":\"https:\\\/\\\/accessories.azdigi.shop\\\/index.php\\\/product\\\/diamond-belt-206\\\/#primaryimage\",\"url\":\"https:\\\/\\\/accessories.azdigi.shop\\\/wp-content\\\/uploads\\\/2026\\\/04\\\/z7692242019890_bc296d1c7e1b38ec679b7ca09c3fc9fa.jpg\",\"contentUrl\":\"https:\\\/\\\/accessories.azdigi.shop\\\/wp-content\\\/uploads\\\/2026\\\/04\\\/z7692242019890_bc296d1c7e1b38ec679b7ca09c3fc9fa.jpg\",\"width\":1290,\"height\":1203},{\"@type\":\"BreadcrumbList\",\"@id\":\"https:\\\/\\\/accessories.azdigi.shop\\\/index.php\\\/product\\\/diamond-belt-206\\\/#breadcrumb\",\"itemListElement\":[{\"@type\":\"ListItem\",\"position\":1,\"name\":\"Home\",\"item\":\"https:\\\/\\\/accessories.azdigi.shop\\\/\"},{\"@type\":\"ListItem\",\"position\":2,\"name\":\"Shop\",\"item\":\"https:\\\/\\\/accessories.azdigi.shop\\\/index.php\\\/shop\\\/\"},{\"@type\":\"ListItem\",\"position\":3,\"name\":\"Diamond Belt Th\u1eaft L\u01b0ng \u0110\u00ednh \u0110\u00e1 H\u1ea1t L\u1ea5p L\u00e1nh\"}]},{\"@type\":\"WebSite\",\"@id\":\"https:\\\/\\\/accessories.azdigi.shop\\\/#website\",\"url\":\"https:\\\/\\\/accessories.azdigi.shop\\\/\",\"name\":\"Accessories\",\"description\":\"\",\"publisher\":{\"@id\":\"https:\\\/\\\/accessories.azdigi.shop\\\/#organization\"},\"potentialAction\":[{\"@type\":\"SearchAction\",\"target\":{\"@type\":\"EntryPoint\",\"urlTemplate\":\"https:\\\/\\\/accessories.azdigi.shop\\\/?s={search_term_string}\"},\"query-input\":{\"@type\":\"PropertyValueSpecification\",\"valueRequired\":true,\"valueName\":\"search_term_string\"}}],\"inLanguage\":\"vi\"},{\"@type\":\"Organization\",\"@id\":\"https:\\\/\\\/accessories.azdigi.shop\\\/#organization\",\"name\":\"Accessories\",\"url\":\"https:\\\/\\\/accessories.azdigi.shop\\\/\",\"logo\":{\"@type\":\"ImageObject\",\"inLanguage\":\"vi\",\"@id\":\"https:\\\/\\\/accessories.azdigi.shop\\\/#\\\/schema\\\/logo\\\/image\\\/\",\"url\":\"https:\\\/\\\/accessories.azdigi.shop\\\/wp-content\\\/uploads\\\/2026\\\/03\\\/di-1.jpeg\",\"contentUrl\":\"https:\\\/\\\/accessories.azdigi.shop\\\/wp-content\\\/uploads\\\/2026\\\/03\\\/di-1.jpeg\",\"width\":490,\"height\":371,\"caption\":\"Accessories\"},\"image\":{\"@id\":\"https:\\\/\\\/accessories.azdigi.shop\\\/#\\\/schema\\\/logo\\\/image\\\/\"}}]}<\/script>\n<!-- \/ Yoast SEO plugin. -->","yoast_head_json":{"title":"Diamond Belt Th\u1eaft L\u01b0ng \u0110\u00ednh \u0110\u00e1 H\u1ea1t L\u1ea5p L\u00e1nh - Accessories","robots":{"index":"index","follow":"follow","max-snippet":"max-snippet:-1","max-image-preview":"max-image-preview:large","max-video-preview":"max-video-preview:-1"},"canonical":"https:\/\/accessories.azdigi.shop\/index.php\/product\/diamond-belt-206\/","og_locale":"vi_VN","og_type":"article","og_title":"Diamond Belt Th\u1eaft L\u01b0ng \u0110\u00ednh \u0110\u00e1 H\u1ea1t L\u1ea5p L\u00e1nh - Accessories","og_description":"M\u1edbi v\u00e0 ch\u1ea5t l\u01b0\u1ee3ng cao! M\u00f4 t\u1ea3: 1. Th\u1eddi trang v\u00e0 b\u1eaft m\u1eaft: Thi\u1ebft k\u1ebf c\u1ee7a chi\u1ebfc th\u1eaft l\u01b0ng n\u00e0y r\u1ea5t \u0111\u01a1n gi\u1ea3n v\u00e0 th\u1eddi trang. Di\u1ec7n t\u00edch trang tr\u00ed sequin l\u1edbn gi\u00fap b\u1ea1n n\u1ed5i b\u1eadt gi\u1eefa \u0111\u00e1m \u0111\u00f4ng v\u00e0 d\u1ec5 d\u00e0ng th\u1ec3 hi\u1ec7n phong c\u00e1ch c\u00e1 t\u00ednh c\u1ee7a m\u00ecnh. 2. Ch\u1ea5t li\u1ec7u cao c\u1ea5p: [...]","og_url":"https:\/\/accessories.azdigi.shop\/index.php\/product\/diamond-belt-206\/","og_site_name":"Accessories","article_modified_time":"2026-04-08T15:50:50+00:00","og_image":[{"width":1290,"height":1203,"url":"https:\/\/accessories.azdigi.shop\/wp-content\/uploads\/2026\/04\/z7692242019890_bc296d1c7e1b38ec679b7ca09c3fc9fa.jpg","type":"image\/jpeg"}],"twitter_card":"summary_large_image","twitter_misc":{"\u01af\u1edbc t\u00ednh th\u1eddi gian \u0111\u1ecdc":"2 ph\u00fat"},"schema":{"@context":"https:\/\/schema.org","@graph":[{"@type":"WebPage","@id":"https:\/\/accessories.azdigi.shop\/index.php\/product\/diamond-belt-206\/","url":"https:\/\/accessories.azdigi.shop\/index.php\/product\/diamond-belt-206\/","name":"Diamond Belt Th\u1eaft L\u01b0ng \u0110\u00ednh \u0110\u00e1 H\u1ea1t L\u1ea5p L\u00e1nh - Accessories","isPartOf":{"@id":"https:\/\/accessories.azdigi.shop\/#website"},"primaryImageOfPage":{"@id":"https:\/\/accessories.azdigi.shop\/index.php\/product\/diamond-belt-206\/#primaryimage"},"image":{"@id":"https:\/\/accessories.azdigi.shop\/index.php\/product\/diamond-belt-206\/#primaryimage"},"thumbnailUrl":"https:\/\/accessories.azdigi.shop\/wp-content\/uploads\/2026\/04\/z7692242019890_bc296d1c7e1b38ec679b7ca09c3fc9fa.jpg","datePublished":"2026-04-04T17:55:56+00:00","dateModified":"2026-04-08T15:50:50+00:00","breadcrumb":{"@id":"https:\/\/accessories.azdigi.shop\/index.php\/product\/diamond-belt-206\/#breadcrumb"},"inLanguage":"vi","potentialAction":[{"@type":"ReadAction","target":["https:\/\/accessories.azdigi.shop\/index.php\/product\/diamond-belt-206\/"]}]},{"@type":"ImageObject","inLanguage":"vi","@id":"https:\/\/accessories.azdigi.shop\/index.php\/product\/diamond-belt-206\/#primaryimage","url":"https:\/\/accessories.azdigi.shop\/wp-content\/uploads\/2026\/04\/z7692242019890_bc296d1c7e1b38ec679b7ca09c3fc9fa.jpg","contentUrl":"https:\/\/accessories.azdigi.shop\/wp-content\/uploads\/2026\/04\/z7692242019890_bc296d1c7e1b38ec679b7ca09c3fc9fa.jpg","width":1290,"height":1203},{"@type":"BreadcrumbList","@id":"https:\/\/accessories.azdigi.shop\/index.php\/product\/diamond-belt-206\/#breadcrumb","itemListElement":[{"@type":"ListItem","position":1,"name":"Home","item":"https:\/\/accessories.azdigi.shop\/"},{"@type":"ListItem","position":2,"name":"Shop","item":"https:\/\/accessories.azdigi.shop\/index.php\/shop\/"},{"@type":"ListItem","position":3,"name":"Diamond Belt Th\u1eaft L\u01b0ng \u0110\u00ednh \u0110\u00e1 H\u1ea1t L\u1ea5p L\u00e1nh"}]},{"@type":"WebSite","@id":"https:\/\/accessories.azdigi.shop\/#website","url":"https:\/\/accessories.azdigi.shop\/","name":"Accessories","description":"","publisher":{"@id":"https:\/\/accessories.azdigi.shop\/#organization"},"potentialAction":[{"@type":"SearchAction","target":{"@type":"EntryPoint","urlTemplate":"https:\/\/accessories.azdigi.shop\/?s={search_term_string}"},"query-input":{"@type":"PropertyValueSpecification","valueRequired":true,"valueName":"search_term_string"}}],"inLanguage":"vi"},{"@type":"Organization","@id":"https:\/\/accessories.azdigi.shop\/#organization","name":"Accessories","url":"https:\/\/accessories.azdigi.shop\/","logo":{"@type":"ImageObject","inLanguage":"vi","@id":"https:\/\/accessories.azdigi.shop\/#\/schema\/logo\/image\/","url":"https:\/\/accessories.azdigi.shop\/wp-content\/uploads\/2026\/03\/di-1.jpeg","contentUrl":"https:\/\/accessories.azdigi.shop\/wp-content\/uploads\/2026\/03\/di-1.jpeg","width":490,"height":371,"caption":"Accessories"},"image":{"@id":"https:\/\/accessories.azdigi.shop\/#\/schema\/logo\/image\/"}}]}},"_links":{"self":[{"href":"https:\/\/accessories.azdigi.shop\/index.php\/wp-json\/wp\/v2\/product\/206","targetHints":{"allow":["GET"]}}],"collection":[{"href":"https:\/\/accessories.azdigi.shop\/index.php\/wp-json\/wp\/v2\/product"}],"about":[{"href":"https:\/\/accessories.azdigi.shop\/index.php\/wp-json\/wp\/v2\/types\/product"}],"replies":[{"embeddable":true,"href":"https:\/\/accessories.azdigi.shop\/index.php\/wp-json\/wp\/v2\/comments?post=206"}],"wp:featuredmedia":[{"embeddable":true,"href":"https:\/\/accessories.azdigi.shop\/index.php\/wp-json\/wp\/v2\/media\/210"}],"wp:attachment":[{"href":"https:\/\/accessories.azdigi.shop\/index.php\/wp-json\/wp\/v2\/media?parent=206"}],"wp:term":[{"taxonomy":"product_brand","embeddable":true,"href":"https:\/\/accessories.azdigi.shop\/index.php\/wp-json\/wp\/v2\/product_brand?post=206"},{"taxonomy":"product_cat","embeddable":true,"href":"https:\/\/accessories.azdigi.shop\/index.php\/wp-json\/wp\/v2\/product_cat?post=206"},{"taxonomy":"product_tag","embeddable":true,"href":"https:\/\/accessories.azdigi.shop\/index.php\/wp-json\/wp\/v2\/product_tag?post=206"}],"curies":[{"name":"wp","href":"https:\/\/api.w.org\/{rel}","templated":true}]}}