{"id":237,"date":"2026-04-07T14:49:48","date_gmt":"2026-04-07T14:49:48","guid":{"rendered":"https:\/\/accessories.azdigi.shop\/?post_type=product&#038;p=237"},"modified":"2026-04-08T09:30:44","modified_gmt":"2026-04-08T09:30:44","slug":"vong-deo-canh-tay-tren-ca-tinh-y2k","status":"publish","type":"product","link":"https:\/\/accessories.azdigi.shop\/index.php\/product\/vong-deo-canh-tay-tren-ca-tinh-y2k\/","title":{"rendered":"V\u00f2ng \u0110eo C\u00e1nh Tay Tr\u00ean C\u00e1 T\u00ednh, Y2K"},"content":{"rendered":"<h1>Lo\u1ea1i v\u00f2ng \u00c2u M\u1ef9<\/h1>\n<p><a href=\"https:\/\/accessories.azdigi.shop\" target=\"_blank\" rel=\"noopener\">V\u00f2ng \u0111eo b\u1eafp tay n\u1eef<\/a><\/p>\n<p>V\u00f2ng \u0111eo tay n\u1eef c\u00f3 ch\u1ea5t li\u1ec7u : h\u1ee3p kim K\u00edch th\u01b0\u1edbc<\/p>\n<p>V\u00f2ng \u0111eo b\u1eafp tay n\u1eef : freesize<\/p>\n<p>V\u00f2ng \u0111eo tay n\u1eef th\u00edch h\u1ee3p m\u1eabu \u0111eo ch\u1ee5p \u1ea3nh. <a href=\"https:\/\/share.google\/0cuV98XvD0wLqPntl\" target=\"_blank\" rel=\"noopener\">V\u00f2ng \u0111eo<\/a> l\u00e0 s\u1ea3n ph\u1ea9m cho b\u1ea1n d\u00e0nh t\u1eb7ng ng\u01b0\u1eddi y\u00eau ho\u1eb7c cho c\u00e1c c\u00f4 n\u00e0ng \u0111i\u1ec7u \u0111\u00e0 mix c\u00f9ng nh\u1eefng chi\u1ebfc v\u00e1y xinh, nh\u1eefng chi\u1ebfc qu\u1ea7n sooc c\u00e1 t\u00ednh. V\u00f2ng \u0111eo b\u1eafp tay n\u1eef lu\u00f4n l\u00e0 m\u1ed9t m\u00f3n trang s\u1ee9c n\u1eef \u0111\u01b0\u1ee3c c\u00e1c c\u00f4 n\u00e0ng \u01b0a chu\u1ed9ng b\u1edfi \u0111i\u1ec3m nh\u1ea5n c\u1ee7a c\u00e1c s\u1ee3i l\u1eafc ch\u00e2n s\u1ebd l\u00e0m cho \u0111\u1ed1i ph\u01b0\u01a1ng lu\u00f4n ph\u1ea3i t\u00f2 m\u00f2. M\u1ed9t ch\u00fat \u0111\u01a1n gi\u1ea3n, m\u1ed9t ch\u00fat nh\u1eb9 nh\u00e0ng nh\u01b0ng \u0111\u1ea7y thu h\u00fat l\u00e0 \u0111i\u1ec1u m\u00e0 ch\u00fang t\u00f4i mu\u1ed1n n\u00f3i \u0111\u1ebfn v\u1edbi s\u1ee3i l\u1eafc tay &#8211; l\u1eafc ch\u00e2n n\u00e0y. #beheo #vong_tay #v\u00f2ng_tay #v\u00f2ng_tay_b\u1eafp #vong_tay_bap #v\u00f2ng_\u0111eo_b\u1eafp_tay #vong_deo_bap_tay #vong_tay_nu #v\u00f2ng_tay_n\u1eef #v\u00f2ng_tay_\u0111\u00f4i #vong_tay_doi #vong_tay_nam #v\u00f2ng_tay_nam<\/p>\n","protected":false},"excerpt":{"rendered":"<p>Lo\u1ea1i v\u00f2ng \u00c2u M\u1ef9 V\u00f2ng \u0111eo b\u1eafp tay n\u1eef V\u00f2ng \u0111eo tay n\u1eef c\u00f3 ch\u1ea5t li\u1ec7u : h\u1ee3p kim K\u00edch th\u01b0\u1edbc V\u00f2ng \u0111eo b\u1eafp tay n\u1eef : freesize V\u00f2ng \u0111eo tay n\u1eef th\u00edch h\u1ee3p m\u1eabu \u0111eo ch\u1ee5p \u1ea3nh. V\u00f2ng \u0111eo l\u00e0 s\u1ea3n ph\u1ea9m cho b\u1ea1n d\u00e0nh t\u1eb7ng ng\u01b0\u1eddi y\u00eau ho\u1eb7c cho c\u00e1c c\u00f4 n\u00e0ng \u0111i\u1ec7u [&#8230;]\n","protected":false},"featured_media":247,"comment_status":"open","ping_status":"closed","template":"","meta":[],"product_brand":[],"product_cat":[28],"product_tag":[],"class_list":{"0":"post-237","1":"product","2":"type-product","3":"status-publish","4":"has-post-thumbnail","6":"product_cat-vong","8":"first","9":"instock","10":"shipping-taxable","11":"purchasable","12":"product-type-variable"},"yoast_head":"<!-- This site is optimized with the Yoast SEO plugin v27.3 - https:\/\/yoast.com\/product\/yoast-seo-wordpress\/ -->\n<title>V\u00f2ng \u0110eo C\u00e1nh Tay Tr\u00ean C\u00e1 T\u00ednh, Y2K - Accessories<\/title>\n<meta name=\"description\" content=\"V\u00f2ng \u0111eo b\u1eafp tay khi \u0111eo l\u00ean s\u1ebd l\u00e0m cho b\u1eafp tay c\u00e1c n\u00e0ng fix v\u1edbi d\u00e1ng ng\u01b0\u1eddi, t\u0103ng \u0111\u1ed9 t\u1ef1 tin v\u00e0 s\u1ef1 quy\u1ebfn r\u0169 cho c\u00e1c n\u00e0ng khi ph\u1ed1i \u0111\u1ed3.\" \/>\n<meta name=\"robots\" content=\"index, follow, max-snippet:-1, max-image-preview:large, max-video-preview:-1\" \/>\n<link rel=\"canonical\" href=\"https:\/\/accessories.azdigi.shop\/index.php\/product\/vong-deo-canh-tay-tren-ca-tinh-y2k\/\" \/>\n<meta property=\"og:locale\" content=\"vi_VN\" \/>\n<meta property=\"og:type\" content=\"article\" \/>\n<meta property=\"og:title\" content=\"V\u00f2ng \u0110eo C\u00e1nh Tay Tr\u00ean C\u00e1 T\u00ednh, Y2K - Accessories\" \/>\n<meta property=\"og:description\" content=\"V\u00f2ng \u0111eo b\u1eafp tay khi \u0111eo l\u00ean s\u1ebd l\u00e0m cho b\u1eafp tay c\u00e1c n\u00e0ng fix v\u1edbi d\u00e1ng ng\u01b0\u1eddi, t\u0103ng \u0111\u1ed9 t\u1ef1 tin v\u00e0 s\u1ef1 quy\u1ebfn r\u0169 cho c\u00e1c n\u00e0ng khi ph\u1ed1i \u0111\u1ed3.\" \/>\n<meta property=\"og:url\" content=\"https:\/\/accessories.azdigi.shop\/index.php\/product\/vong-deo-canh-tay-tren-ca-tinh-y2k\/\" \/>\n<meta property=\"og:site_name\" content=\"Accessories\" \/>\n<meta property=\"article:modified_time\" content=\"2026-04-08T09:30:44+00:00\" \/>\n<meta property=\"og:image\" content=\"https:\/\/accessories.azdigi.shop\/wp-content\/uploads\/2026\/04\/z7701748446983_1faf6a68098837e80ef362b590529b7f.jpg\" \/>\n\t<meta property=\"og:image:width\" content=\"1290\" \/>\n\t<meta property=\"og:image:height\" content=\"1255\" \/>\n\t<meta property=\"og:image:type\" content=\"image\/jpeg\" \/>\n<meta name=\"twitter:card\" content=\"summary_large_image\" \/>\n<meta name=\"twitter:label1\" content=\"\u01af\u1edbc t\u00ednh th\u1eddi gian \u0111\u1ecdc\" \/>\n\t<meta name=\"twitter:data1\" content=\"1 ph\u00fat\" \/>\n<script type=\"application\/ld+json\" class=\"yoast-schema-graph\">{\"@context\":\"https:\\\/\\\/schema.org\",\"@graph\":[{\"@type\":\"WebPage\",\"@id\":\"https:\\\/\\\/accessories.azdigi.shop\\\/index.php\\\/product\\\/vong-deo-canh-tay-tren-ca-tinh-y2k\\\/\",\"url\":\"https:\\\/\\\/accessories.azdigi.shop\\\/index.php\\\/product\\\/vong-deo-canh-tay-tren-ca-tinh-y2k\\\/\",\"name\":\"V\u00f2ng \u0110eo C\u00e1nh Tay Tr\u00ean C\u00e1 T\u00ednh, Y2K - Accessories\",\"isPartOf\":{\"@id\":\"https:\\\/\\\/accessories.azdigi.shop\\\/#website\"},\"primaryImageOfPage\":{\"@id\":\"https:\\\/\\\/accessories.azdigi.shop\\\/index.php\\\/product\\\/vong-deo-canh-tay-tren-ca-tinh-y2k\\\/#primaryimage\"},\"image\":{\"@id\":\"https:\\\/\\\/accessories.azdigi.shop\\\/index.php\\\/product\\\/vong-deo-canh-tay-tren-ca-tinh-y2k\\\/#primaryimage\"},\"thumbnailUrl\":\"https:\\\/\\\/accessories.azdigi.shop\\\/wp-content\\\/uploads\\\/2026\\\/04\\\/z7701748446983_1faf6a68098837e80ef362b590529b7f.jpg\",\"datePublished\":\"2026-04-07T14:49:48+00:00\",\"dateModified\":\"2026-04-08T09:30:44+00:00\",\"description\":\"V\u00f2ng \u0111eo b\u1eafp tay khi \u0111eo l\u00ean s\u1ebd l\u00e0m cho b\u1eafp tay c\u00e1c n\u00e0ng fix v\u1edbi d\u00e1ng ng\u01b0\u1eddi, t\u0103ng \u0111\u1ed9 t\u1ef1 tin v\u00e0 s\u1ef1 quy\u1ebfn r\u0169 cho c\u00e1c n\u00e0ng khi ph\u1ed1i \u0111\u1ed3.\",\"breadcrumb\":{\"@id\":\"https:\\\/\\\/accessories.azdigi.shop\\\/index.php\\\/product\\\/vong-deo-canh-tay-tren-ca-tinh-y2k\\\/#breadcrumb\"},\"inLanguage\":\"vi\",\"potentialAction\":[{\"@type\":\"ReadAction\",\"target\":[\"https:\\\/\\\/accessories.azdigi.shop\\\/index.php\\\/product\\\/vong-deo-canh-tay-tren-ca-tinh-y2k\\\/\"]}]},{\"@type\":\"ImageObject\",\"inLanguage\":\"vi\",\"@id\":\"https:\\\/\\\/accessories.azdigi.shop\\\/index.php\\\/product\\\/vong-deo-canh-tay-tren-ca-tinh-y2k\\\/#primaryimage\",\"url\":\"https:\\\/\\\/accessories.azdigi.shop\\\/wp-content\\\/uploads\\\/2026\\\/04\\\/z7701748446983_1faf6a68098837e80ef362b590529b7f.jpg\",\"contentUrl\":\"https:\\\/\\\/accessories.azdigi.shop\\\/wp-content\\\/uploads\\\/2026\\\/04\\\/z7701748446983_1faf6a68098837e80ef362b590529b7f.jpg\",\"width\":1290,\"height\":1255},{\"@type\":\"BreadcrumbList\",\"@id\":\"https:\\\/\\\/accessories.azdigi.shop\\\/index.php\\\/product\\\/vong-deo-canh-tay-tren-ca-tinh-y2k\\\/#breadcrumb\",\"itemListElement\":[{\"@type\":\"ListItem\",\"position\":1,\"name\":\"Home\",\"item\":\"https:\\\/\\\/accessories.azdigi.shop\\\/\"},{\"@type\":\"ListItem\",\"position\":2,\"name\":\"Shop\",\"item\":\"https:\\\/\\\/accessories.azdigi.shop\\\/index.php\\\/shop\\\/\"},{\"@type\":\"ListItem\",\"position\":3,\"name\":\"V\u00f2ng \u0110eo C\u00e1nh Tay Tr\u00ean C\u00e1 T\u00ednh, Y2K\"}]},{\"@type\":\"WebSite\",\"@id\":\"https:\\\/\\\/accessories.azdigi.shop\\\/#website\",\"url\":\"https:\\\/\\\/accessories.azdigi.shop\\\/\",\"name\":\"Accessories\",\"description\":\"\",\"publisher\":{\"@id\":\"https:\\\/\\\/accessories.azdigi.shop\\\/#organization\"},\"potentialAction\":[{\"@type\":\"SearchAction\",\"target\":{\"@type\":\"EntryPoint\",\"urlTemplate\":\"https:\\\/\\\/accessories.azdigi.shop\\\/?s={search_term_string}\"},\"query-input\":{\"@type\":\"PropertyValueSpecification\",\"valueRequired\":true,\"valueName\":\"search_term_string\"}}],\"inLanguage\":\"vi\"},{\"@type\":\"Organization\",\"@id\":\"https:\\\/\\\/accessories.azdigi.shop\\\/#organization\",\"name\":\"Accessories\",\"url\":\"https:\\\/\\\/accessories.azdigi.shop\\\/\",\"logo\":{\"@type\":\"ImageObject\",\"inLanguage\":\"vi\",\"@id\":\"https:\\\/\\\/accessories.azdigi.shop\\\/#\\\/schema\\\/logo\\\/image\\\/\",\"url\":\"https:\\\/\\\/accessories.azdigi.shop\\\/wp-content\\\/uploads\\\/2026\\\/03\\\/di-1.jpeg\",\"contentUrl\":\"https:\\\/\\\/accessories.azdigi.shop\\\/wp-content\\\/uploads\\\/2026\\\/03\\\/di-1.jpeg\",\"width\":490,\"height\":371,\"caption\":\"Accessories\"},\"image\":{\"@id\":\"https:\\\/\\\/accessories.azdigi.shop\\\/#\\\/schema\\\/logo\\\/image\\\/\"}}]}<\/script>\n<!-- \/ Yoast SEO plugin. -->","yoast_head_json":{"title":"V\u00f2ng \u0110eo C\u00e1nh Tay Tr\u00ean C\u00e1 T\u00ednh, Y2K - Accessories","description":"V\u00f2ng \u0111eo b\u1eafp tay khi \u0111eo l\u00ean s\u1ebd l\u00e0m cho b\u1eafp tay c\u00e1c n\u00e0ng fix v\u1edbi d\u00e1ng ng\u01b0\u1eddi, t\u0103ng \u0111\u1ed9 t\u1ef1 tin v\u00e0 s\u1ef1 quy\u1ebfn r\u0169 cho c\u00e1c n\u00e0ng khi ph\u1ed1i \u0111\u1ed3.","robots":{"index":"index","follow":"follow","max-snippet":"max-snippet:-1","max-image-preview":"max-image-preview:large","max-video-preview":"max-video-preview:-1"},"canonical":"https:\/\/accessories.azdigi.shop\/index.php\/product\/vong-deo-canh-tay-tren-ca-tinh-y2k\/","og_locale":"vi_VN","og_type":"article","og_title":"V\u00f2ng \u0110eo C\u00e1nh Tay Tr\u00ean C\u00e1 T\u00ednh, Y2K - Accessories","og_description":"V\u00f2ng \u0111eo b\u1eafp tay khi \u0111eo l\u00ean s\u1ebd l\u00e0m cho b\u1eafp tay c\u00e1c n\u00e0ng fix v\u1edbi d\u00e1ng ng\u01b0\u1eddi, t\u0103ng \u0111\u1ed9 t\u1ef1 tin v\u00e0 s\u1ef1 quy\u1ebfn r\u0169 cho c\u00e1c n\u00e0ng khi ph\u1ed1i \u0111\u1ed3.","og_url":"https:\/\/accessories.azdigi.shop\/index.php\/product\/vong-deo-canh-tay-tren-ca-tinh-y2k\/","og_site_name":"Accessories","article_modified_time":"2026-04-08T09:30:44+00:00","og_image":[{"width":1290,"height":1255,"url":"https:\/\/accessories.azdigi.shop\/wp-content\/uploads\/2026\/04\/z7701748446983_1faf6a68098837e80ef362b590529b7f.jpg","type":"image\/jpeg"}],"twitter_card":"summary_large_image","twitter_misc":{"\u01af\u1edbc t\u00ednh th\u1eddi gian \u0111\u1ecdc":"1 ph\u00fat"},"schema":{"@context":"https:\/\/schema.org","@graph":[{"@type":"WebPage","@id":"https:\/\/accessories.azdigi.shop\/index.php\/product\/vong-deo-canh-tay-tren-ca-tinh-y2k\/","url":"https:\/\/accessories.azdigi.shop\/index.php\/product\/vong-deo-canh-tay-tren-ca-tinh-y2k\/","name":"V\u00f2ng \u0110eo C\u00e1nh Tay Tr\u00ean C\u00e1 T\u00ednh, Y2K - Accessories","isPartOf":{"@id":"https:\/\/accessories.azdigi.shop\/#website"},"primaryImageOfPage":{"@id":"https:\/\/accessories.azdigi.shop\/index.php\/product\/vong-deo-canh-tay-tren-ca-tinh-y2k\/#primaryimage"},"image":{"@id":"https:\/\/accessories.azdigi.shop\/index.php\/product\/vong-deo-canh-tay-tren-ca-tinh-y2k\/#primaryimage"},"thumbnailUrl":"https:\/\/accessories.azdigi.shop\/wp-content\/uploads\/2026\/04\/z7701748446983_1faf6a68098837e80ef362b590529b7f.jpg","datePublished":"2026-04-07T14:49:48+00:00","dateModified":"2026-04-08T09:30:44+00:00","description":"V\u00f2ng \u0111eo b\u1eafp tay khi \u0111eo l\u00ean s\u1ebd l\u00e0m cho b\u1eafp tay c\u00e1c n\u00e0ng fix v\u1edbi d\u00e1ng ng\u01b0\u1eddi, t\u0103ng \u0111\u1ed9 t\u1ef1 tin v\u00e0 s\u1ef1 quy\u1ebfn r\u0169 cho c\u00e1c n\u00e0ng khi ph\u1ed1i \u0111\u1ed3.","breadcrumb":{"@id":"https:\/\/accessories.azdigi.shop\/index.php\/product\/vong-deo-canh-tay-tren-ca-tinh-y2k\/#breadcrumb"},"inLanguage":"vi","potentialAction":[{"@type":"ReadAction","target":["https:\/\/accessories.azdigi.shop\/index.php\/product\/vong-deo-canh-tay-tren-ca-tinh-y2k\/"]}]},{"@type":"ImageObject","inLanguage":"vi","@id":"https:\/\/accessories.azdigi.shop\/index.php\/product\/vong-deo-canh-tay-tren-ca-tinh-y2k\/#primaryimage","url":"https:\/\/accessories.azdigi.shop\/wp-content\/uploads\/2026\/04\/z7701748446983_1faf6a68098837e80ef362b590529b7f.jpg","contentUrl":"https:\/\/accessories.azdigi.shop\/wp-content\/uploads\/2026\/04\/z7701748446983_1faf6a68098837e80ef362b590529b7f.jpg","width":1290,"height":1255},{"@type":"BreadcrumbList","@id":"https:\/\/accessories.azdigi.shop\/index.php\/product\/vong-deo-canh-tay-tren-ca-tinh-y2k\/#breadcrumb","itemListElement":[{"@type":"ListItem","position":1,"name":"Home","item":"https:\/\/accessories.azdigi.shop\/"},{"@type":"ListItem","position":2,"name":"Shop","item":"https:\/\/accessories.azdigi.shop\/index.php\/shop\/"},{"@type":"ListItem","position":3,"name":"V\u00f2ng \u0110eo C\u00e1nh Tay Tr\u00ean C\u00e1 T\u00ednh, Y2K"}]},{"@type":"WebSite","@id":"https:\/\/accessories.azdigi.shop\/#website","url":"https:\/\/accessories.azdigi.shop\/","name":"Accessories","description":"","publisher":{"@id":"https:\/\/accessories.azdigi.shop\/#organization"},"potentialAction":[{"@type":"SearchAction","target":{"@type":"EntryPoint","urlTemplate":"https:\/\/accessories.azdigi.shop\/?s={search_term_string}"},"query-input":{"@type":"PropertyValueSpecification","valueRequired":true,"valueName":"search_term_string"}}],"inLanguage":"vi"},{"@type":"Organization","@id":"https:\/\/accessories.azdigi.shop\/#organization","name":"Accessories","url":"https:\/\/accessories.azdigi.shop\/","logo":{"@type":"ImageObject","inLanguage":"vi","@id":"https:\/\/accessories.azdigi.shop\/#\/schema\/logo\/image\/","url":"https:\/\/accessories.azdigi.shop\/wp-content\/uploads\/2026\/03\/di-1.jpeg","contentUrl":"https:\/\/accessories.azdigi.shop\/wp-content\/uploads\/2026\/03\/di-1.jpeg","width":490,"height":371,"caption":"Accessories"},"image":{"@id":"https:\/\/accessories.azdigi.shop\/#\/schema\/logo\/image\/"}}]}},"_links":{"self":[{"href":"https:\/\/accessories.azdigi.shop\/index.php\/wp-json\/wp\/v2\/product\/237","targetHints":{"allow":["GET"]}}],"collection":[{"href":"https:\/\/accessories.azdigi.shop\/index.php\/wp-json\/wp\/v2\/product"}],"about":[{"href":"https:\/\/accessories.azdigi.shop\/index.php\/wp-json\/wp\/v2\/types\/product"}],"replies":[{"embeddable":true,"href":"https:\/\/accessories.azdigi.shop\/index.php\/wp-json\/wp\/v2\/comments?post=237"}],"wp:featuredmedia":[{"embeddable":true,"href":"https:\/\/accessories.azdigi.shop\/index.php\/wp-json\/wp\/v2\/media\/247"}],"wp:attachment":[{"href":"https:\/\/accessories.azdigi.shop\/index.php\/wp-json\/wp\/v2\/media?parent=237"}],"wp:term":[{"taxonomy":"product_brand","embeddable":true,"href":"https:\/\/accessories.azdigi.shop\/index.php\/wp-json\/wp\/v2\/product_brand?post=237"},{"taxonomy":"product_cat","embeddable":true,"href":"https:\/\/accessories.azdigi.shop\/index.php\/wp-json\/wp\/v2\/product_cat?post=237"},{"taxonomy":"product_tag","embeddable":true,"href":"https:\/\/accessories.azdigi.shop\/index.php\/wp-json\/wp\/v2\/product_tag?post=237"}],"curies":[{"name":"wp","href":"https:\/\/api.w.org\/{rel}","templated":true}]}}