{"id":293,"date":"2026-04-08T09:22:19","date_gmt":"2026-04-08T09:22:19","guid":{"rendered":"https:\/\/accessories.azdigi.shop\/?post_type=product&#038;p=293"},"modified":"2026-04-08T15:54:44","modified_gmt":"2026-04-08T15:54:44","slug":"day-chuyen-vong-co-dai-layer-nhieu-lop-tua-rua-ca-tinh-quyen-ru","status":"publish","type":"product","link":"https:\/\/accessories.azdigi.shop\/index.php\/product\/day-chuyen-vong-co-dai-layer-nhieu-lop-tua-rua-ca-tinh-quyen-ru\/","title":{"rendered":"V\u00f2ng C\u1ed5 D\u00e0i Layer Nhi\u1ec1u L\u1edbp Tua Rua C\u00e1 T\u00ednh, Quy\u1ebfn R\u0169"},"content":{"rendered":"<p><a href=\"https:\/\/accessories.azdigi.shop\" target=\"_blank\" rel=\"noopener\">M\u1ed9t s\u1ee3i d\u00e2y chuy\u1ec1n \u0111\u1eb9p<\/a>, xinh x\u1eafn \u0111\u01b0\u1ee3c \u0111eo l\u00ean c\u1ed5 s\u1ebd l\u00e0 m\u1ed9t \u0111i\u1ec3m nh\u1ea5n tinh t\u1ebf v\u00e0 quy\u1ebfn r\u0169 th\u1ec3 hi\u1ec7n t\u00ednh c\u00e1ch, phong th\u00e1i v\u00e0 kh\u00ed ch\u1ea5t c\u1ee7a n\u00e0ng.<\/p>\n<h1>V\u1edbi gi\u00e1 c\u1ea3 h\u1ee3p l\u00fd, phong c\u00e1ch v\u00f4 c\u00f9ng hi\u1ec7n \u0111\u1ea1i v\u00e0 tr\u1ebb trung n\u00ean d\u00e2y chuy\u1ec1n n\u1eef lu\u00f4n l\u00e0 ph\u1ee5 ki\u1ec7n trang s\u1ee9c \u0111\u01b0\u1ee3c r\u1ea5t nhi\u1ec1u ph\u00e1i \u0111\u1eb9p \u01b0u ti\u00ean l\u1ef1a ch\u1ecdn.<\/h1>\n<p>-M\u1eb9o ch\u1ecdn d\u00e2y chuy\u1ec1n ph\u00f9 h\u1ee3p:<\/p>\n<p>+ N\u1ebfu chi\u1ec1u cao c\u1ee7a b\u1ea1n d\u01b0\u1edbi 160cm, ch\u1ecdn nh\u1eefng s\u1ee3i d\u00e2y chuy\u1ec1n c\u00f3 \u0111\u1ed9 d\u00e0i kh\u00f4ng qu\u00e1 50cm.<\/p>\n<p>D\u00e2y chuy\u1ec1n n\u00ean d\u00e0i \u0111\u1ebfn gi\u1eefa ng\u1ef1c, k\u1ebft h\u1ee3p \u00e1o, \u0111\u1ea7m c\u1ed5 ch\u1eef V x\u1ebb s\u00e2u s\u1ebd gi\u00fap b\u1ea1n &#8220;\u0103n gian&#8221; th\u00eam chi\u1ec1u cao.<\/p>\n<p>+ N\u1ebfu b\u1ea1n cao t\u1eeb 160cm \u0111\u1ebfn 170cm, xin ch\u00fac m\u1eebng, b\u1ea1n c\u00f3 th\u1ec3 y\u00ean t\u00e2m v\u00e0 tho\u1ea3i m\u00e1i di\u1ec7n l\u00ean c\u00e1c lo\u1ea1i d\u00e2y v\u1edbi chi\u1ec1u d\u00e0i b\u1ea1n th\u00edch m\u00e0 v\u1eabn c\u00f3 \u0111\u01b0\u1ee3c s\u1ef1 c\u00e2n \u0111\u1ed1i gi\u1eefa m\u00f3n trang s\u1ee9c v\u00e0 ngo\u1ea1i h\u00ecnh c\u1ee7a m\u00ecnh.<\/p>\n<p>+ C\u00f2n n\u00eau b\u1ea1n l\u00e0 m\u1ed9t c\u00f4 n\u00e0ng c\u00f3 chi\u1ec1u cao h\u01a1n 170cm, b\u1ea1n n\u00ean h\u1ea1n ch\u1ebf l\u1ef1a ch\u1ecdn lo\u1ea1i d\u00e2y \u00f4m s\u00e1t c\u1ed5, nh\u1eefng m\u1eabu d\u00e2y c\u00f3 d\u00e1ng d\u00e0i s\u1ebd ph\u00f9 h\u1ee3p v\u1edbi b\u1ea1n h\u01a1n.<\/p>\n<p>+ \u0110\u1ed1i v\u1edbi b\u1ed9 trang ph\u1ee5c c\u00f3 ph\u1ea7n thi\u1ebft k\u1ebf t\u1ed1i gi\u1ea3n, \u00edt chi ti\u1ebft, m\u1ed9t s\u1ee3i d\u00e2y chuy\u1ec1n ph\u00e1 c\u00e1ch s\u1ebd \u0111em \u0111\u1ebfn \u0111i\u1ec3m nh\u1ea5n n\u1ed5i b\u1eadt cho b\u1ea1n.<\/p>\n<h1>H\u00e3y l\u1ef1a ch\u1ecdn cho m\u00ecnh ki\u1ebfu \u0111\u00ednh \u0111\u00e1 l\u1ea5p l\u00e1nh, ng\u1ecdc trai ho\u1eb7c c\u00f3 thi\u1ebft k\u1ebf h\u01a1i c\u1ea7u k\u1ef3 m\u1ed9t ch\u00fat, n\u00f3 s\u1ebd gi\u00fap b\u1ea1n c\u00e2n b\u1eb1ng s\u1eafc th\u00e1i cho to\u00e0n b\u1ed9 trang ph\u1ee5c.<\/h1>\n<p>+ \u0110\u1ed1i v\u1edbi trang ph\u1ee5c c\u00f3 nhi\u1ec1u chi ti\u1ebft ho\u1eb7c nhi\u1ec1u m\u00e0u s\u1eafc, <a href=\"https:\/\/share.google\/griJD66cEpihh0211\" target=\"_blank\" rel=\"noopener\">nh\u1eefng s\u1ee3i d\u00e2y chuy\u1ec1n thi\u1ebft k\u1ebf tinh gi\u1ea3<\/a>n, nh\u1eb9 nh\u00e0ng s\u1ebd l\u00e0 l\u1ef1a ch\u1ecdn ph\u00f9 h\u1ee3p. M\u00f3n trang s\u1ee9c l\u00fac n\u00e0y s\u1ebd c\u1ef1c k\u1ef3 h\u00e0i ho\u00e0 v\u1edbi b\u1ed9 trang ph\u1ee5c, kh\u00f4ng r\u01b0\u1eddm r\u00e0, r\u1ed1i m\u1eaft.<\/p>\n","protected":false},"excerpt":{"rendered":"<p>M\u1ed9t s\u1ee3i d\u00e2y chuy\u1ec1n \u0111\u1eb9p, xinh x\u1eafn \u0111\u01b0\u1ee3c \u0111eo l\u00ean c\u1ed5 s\u1ebd l\u00e0 m\u1ed9t \u0111i\u1ec3m nh\u1ea5n tinh t\u1ebf v\u00e0 quy\u1ebfn r\u0169 th\u1ec3 hi\u1ec7n t\u00ednh c\u00e1ch, phong th\u00e1i v\u00e0 kh\u00ed ch\u1ea5t c\u1ee7a n\u00e0ng. V\u1edbi gi\u00e1 c\u1ea3 h\u1ee3p l\u00fd, phong c\u00e1ch v\u00f4 c\u00f9ng hi\u1ec7n \u0111\u1ea1i v\u00e0 tr\u1ebb trung n\u00ean d\u00e2y chuy\u1ec1n n\u1eef lu\u00f4n l\u00e0 ph\u1ee5 ki\u1ec7n trang [&#8230;]\n","protected":false},"featured_media":302,"comment_status":"open","ping_status":"closed","template":"","meta":[],"product_brand":[],"product_cat":[29],"product_tag":[],"class_list":{"0":"post-293","1":"product","2":"type-product","3":"status-publish","4":"has-post-thumbnail","6":"product_cat-vong-co","8":"first","9":"instock","10":"shipping-taxable","11":"purchasable","12":"product-type-variable"},"yoast_head":"<!-- This site is optimized with the Yoast SEO plugin v27.3 - https:\/\/yoast.com\/product\/yoast-seo-wordpress\/ -->\n<title>V\u00f2ng C\u1ed5 D\u00e0i Layer Nhi\u1ec1u L\u1edbp Tua Rua C\u00e1 T\u00ednh, Quy\u1ebfn R\u0169 - Accessories<\/title>\n<meta name=\"description\" content=\"D\u00e2y chuy\u1ec1n tua rua ki\u1ec3u c\u00e1ch \u00c2u M\u1ef9 t\u1eb1ng s\u1ef1 thu h\u00fat, ph\u1ed1i \u0111\u1ed3 m\u1ed9t c\u00e1ch d\u1ec5 d\u00e0ng, mo\u1ecb phong c\u00e1ch \u0111\u1ec1u c\u00f3 th\u1ec3 th\u00edch h\u1ee3p. Gi\u00e1 c\u1ea3 h\u1ee3p l\u00fd\" \/>\n<meta name=\"robots\" content=\"index, follow, max-snippet:-1, max-image-preview:large, max-video-preview:-1\" \/>\n<link rel=\"canonical\" href=\"https:\/\/accessories.azdigi.shop\/index.php\/product\/day-chuyen-vong-co-dai-layer-nhieu-lop-tua-rua-ca-tinh-quyen-ru\/\" \/>\n<meta property=\"og:locale\" content=\"vi_VN\" \/>\n<meta property=\"og:type\" content=\"article\" \/>\n<meta property=\"og:title\" content=\"V\u00f2ng C\u1ed5 D\u00e0i Layer Nhi\u1ec1u L\u1edbp Tua Rua C\u00e1 T\u00ednh, Quy\u1ebfn R\u0169 - Accessories\" \/>\n<meta property=\"og:description\" content=\"D\u00e2y chuy\u1ec1n tua rua ki\u1ec3u c\u00e1ch \u00c2u M\u1ef9 t\u1eb1ng s\u1ef1 thu h\u00fat, ph\u1ed1i \u0111\u1ed3 m\u1ed9t c\u00e1ch d\u1ec5 d\u00e0ng, mo\u1ecb phong c\u00e1ch \u0111\u1ec1u c\u00f3 th\u1ec3 th\u00edch h\u1ee3p. Gi\u00e1 c\u1ea3 h\u1ee3p l\u00fd\" \/>\n<meta property=\"og:url\" content=\"https:\/\/accessories.azdigi.shop\/index.php\/product\/day-chuyen-vong-co-dai-layer-nhieu-lop-tua-rua-ca-tinh-quyen-ru\/\" \/>\n<meta property=\"og:site_name\" content=\"Accessories\" \/>\n<meta property=\"article:modified_time\" content=\"2026-04-08T15:54:44+00:00\" \/>\n<meta property=\"og:image\" content=\"https:\/\/accessories.azdigi.shop\/wp-content\/uploads\/2026\/04\/z7704305986391_7ab48d1fa8a9f9798fe7249d1ba1770e.jpg\" \/>\n\t<meta property=\"og:image:width\" content=\"1290\" \/>\n\t<meta property=\"og:image:height\" content=\"1252\" \/>\n\t<meta property=\"og:image:type\" content=\"image\/jpeg\" \/>\n<meta name=\"twitter:card\" content=\"summary_large_image\" \/>\n<meta name=\"twitter:label1\" content=\"\u01af\u1edbc t\u00ednh th\u1eddi gian \u0111\u1ecdc\" \/>\n\t<meta name=\"twitter:data1\" content=\"2 ph\u00fat\" \/>\n<script type=\"application\/ld+json\" class=\"yoast-schema-graph\">{\"@context\":\"https:\\\/\\\/schema.org\",\"@graph\":[{\"@type\":\"WebPage\",\"@id\":\"https:\\\/\\\/accessories.azdigi.shop\\\/index.php\\\/product\\\/day-chuyen-vong-co-dai-layer-nhieu-lop-tua-rua-ca-tinh-quyen-ru\\\/\",\"url\":\"https:\\\/\\\/accessories.azdigi.shop\\\/index.php\\\/product\\\/day-chuyen-vong-co-dai-layer-nhieu-lop-tua-rua-ca-tinh-quyen-ru\\\/\",\"name\":\"V\u00f2ng C\u1ed5 D\u00e0i Layer Nhi\u1ec1u L\u1edbp Tua Rua C\u00e1 T\u00ednh, Quy\u1ebfn R\u0169 - Accessories\",\"isPartOf\":{\"@id\":\"https:\\\/\\\/accessories.azdigi.shop\\\/#website\"},\"primaryImageOfPage\":{\"@id\":\"https:\\\/\\\/accessories.azdigi.shop\\\/index.php\\\/product\\\/day-chuyen-vong-co-dai-layer-nhieu-lop-tua-rua-ca-tinh-quyen-ru\\\/#primaryimage\"},\"image\":{\"@id\":\"https:\\\/\\\/accessories.azdigi.shop\\\/index.php\\\/product\\\/day-chuyen-vong-co-dai-layer-nhieu-lop-tua-rua-ca-tinh-quyen-ru\\\/#primaryimage\"},\"thumbnailUrl\":\"https:\\\/\\\/accessories.azdigi.shop\\\/wp-content\\\/uploads\\\/2026\\\/04\\\/z7704305986391_7ab48d1fa8a9f9798fe7249d1ba1770e.jpg\",\"datePublished\":\"2026-04-08T09:22:19+00:00\",\"dateModified\":\"2026-04-08T15:54:44+00:00\",\"description\":\"D\u00e2y chuy\u1ec1n tua rua ki\u1ec3u c\u00e1ch \u00c2u M\u1ef9 t\u1eb1ng s\u1ef1 thu h\u00fat, ph\u1ed1i \u0111\u1ed3 m\u1ed9t c\u00e1ch d\u1ec5 d\u00e0ng, mo\u1ecb phong c\u00e1ch \u0111\u1ec1u c\u00f3 th\u1ec3 th\u00edch h\u1ee3p. Gi\u00e1 c\u1ea3 h\u1ee3p l\u00fd\",\"breadcrumb\":{\"@id\":\"https:\\\/\\\/accessories.azdigi.shop\\\/index.php\\\/product\\\/day-chuyen-vong-co-dai-layer-nhieu-lop-tua-rua-ca-tinh-quyen-ru\\\/#breadcrumb\"},\"inLanguage\":\"vi\",\"potentialAction\":[{\"@type\":\"ReadAction\",\"target\":[\"https:\\\/\\\/accessories.azdigi.shop\\\/index.php\\\/product\\\/day-chuyen-vong-co-dai-layer-nhieu-lop-tua-rua-ca-tinh-quyen-ru\\\/\"]}]},{\"@type\":\"ImageObject\",\"inLanguage\":\"vi\",\"@id\":\"https:\\\/\\\/accessories.azdigi.shop\\\/index.php\\\/product\\\/day-chuyen-vong-co-dai-layer-nhieu-lop-tua-rua-ca-tinh-quyen-ru\\\/#primaryimage\",\"url\":\"https:\\\/\\\/accessories.azdigi.shop\\\/wp-content\\\/uploads\\\/2026\\\/04\\\/z7704305986391_7ab48d1fa8a9f9798fe7249d1ba1770e.jpg\",\"contentUrl\":\"https:\\\/\\\/accessories.azdigi.shop\\\/wp-content\\\/uploads\\\/2026\\\/04\\\/z7704305986391_7ab48d1fa8a9f9798fe7249d1ba1770e.jpg\",\"width\":1290,\"height\":1252},{\"@type\":\"BreadcrumbList\",\"@id\":\"https:\\\/\\\/accessories.azdigi.shop\\\/index.php\\\/product\\\/day-chuyen-vong-co-dai-layer-nhieu-lop-tua-rua-ca-tinh-quyen-ru\\\/#breadcrumb\",\"itemListElement\":[{\"@type\":\"ListItem\",\"position\":1,\"name\":\"Home\",\"item\":\"https:\\\/\\\/accessories.azdigi.shop\\\/\"},{\"@type\":\"ListItem\",\"position\":2,\"name\":\"Shop\",\"item\":\"https:\\\/\\\/accessories.azdigi.shop\\\/index.php\\\/shop\\\/\"},{\"@type\":\"ListItem\",\"position\":3,\"name\":\"V\u00f2ng C\u1ed5 D\u00e0i Layer Nhi\u1ec1u L\u1edbp Tua Rua C\u00e1 T\u00ednh, Quy\u1ebfn R\u0169\"}]},{\"@type\":\"WebSite\",\"@id\":\"https:\\\/\\\/accessories.azdigi.shop\\\/#website\",\"url\":\"https:\\\/\\\/accessories.azdigi.shop\\\/\",\"name\":\"Accessories\",\"description\":\"\",\"publisher\":{\"@id\":\"https:\\\/\\\/accessories.azdigi.shop\\\/#organization\"},\"potentialAction\":[{\"@type\":\"SearchAction\",\"target\":{\"@type\":\"EntryPoint\",\"urlTemplate\":\"https:\\\/\\\/accessories.azdigi.shop\\\/?s={search_term_string}\"},\"query-input\":{\"@type\":\"PropertyValueSpecification\",\"valueRequired\":true,\"valueName\":\"search_term_string\"}}],\"inLanguage\":\"vi\"},{\"@type\":\"Organization\",\"@id\":\"https:\\\/\\\/accessories.azdigi.shop\\\/#organization\",\"name\":\"Accessories\",\"url\":\"https:\\\/\\\/accessories.azdigi.shop\\\/\",\"logo\":{\"@type\":\"ImageObject\",\"inLanguage\":\"vi\",\"@id\":\"https:\\\/\\\/accessories.azdigi.shop\\\/#\\\/schema\\\/logo\\\/image\\\/\",\"url\":\"https:\\\/\\\/accessories.azdigi.shop\\\/wp-content\\\/uploads\\\/2026\\\/03\\\/di-1.jpeg\",\"contentUrl\":\"https:\\\/\\\/accessories.azdigi.shop\\\/wp-content\\\/uploads\\\/2026\\\/03\\\/di-1.jpeg\",\"width\":490,\"height\":371,\"caption\":\"Accessories\"},\"image\":{\"@id\":\"https:\\\/\\\/accessories.azdigi.shop\\\/#\\\/schema\\\/logo\\\/image\\\/\"}}]}<\/script>\n<!-- \/ Yoast SEO plugin. -->","yoast_head_json":{"title":"V\u00f2ng C\u1ed5 D\u00e0i Layer Nhi\u1ec1u L\u1edbp Tua Rua C\u00e1 T\u00ednh, Quy\u1ebfn R\u0169 - Accessories","description":"D\u00e2y chuy\u1ec1n tua rua ki\u1ec3u c\u00e1ch \u00c2u M\u1ef9 t\u1eb1ng s\u1ef1 thu h\u00fat, ph\u1ed1i \u0111\u1ed3 m\u1ed9t c\u00e1ch d\u1ec5 d\u00e0ng, mo\u1ecb phong c\u00e1ch \u0111\u1ec1u c\u00f3 th\u1ec3 th\u00edch h\u1ee3p. Gi\u00e1 c\u1ea3 h\u1ee3p l\u00fd","robots":{"index":"index","follow":"follow","max-snippet":"max-snippet:-1","max-image-preview":"max-image-preview:large","max-video-preview":"max-video-preview:-1"},"canonical":"https:\/\/accessories.azdigi.shop\/index.php\/product\/day-chuyen-vong-co-dai-layer-nhieu-lop-tua-rua-ca-tinh-quyen-ru\/","og_locale":"vi_VN","og_type":"article","og_title":"V\u00f2ng C\u1ed5 D\u00e0i Layer Nhi\u1ec1u L\u1edbp Tua Rua C\u00e1 T\u00ednh, Quy\u1ebfn R\u0169 - Accessories","og_description":"D\u00e2y chuy\u1ec1n tua rua ki\u1ec3u c\u00e1ch \u00c2u M\u1ef9 t\u1eb1ng s\u1ef1 thu h\u00fat, ph\u1ed1i \u0111\u1ed3 m\u1ed9t c\u00e1ch d\u1ec5 d\u00e0ng, mo\u1ecb phong c\u00e1ch \u0111\u1ec1u c\u00f3 th\u1ec3 th\u00edch h\u1ee3p. Gi\u00e1 c\u1ea3 h\u1ee3p l\u00fd","og_url":"https:\/\/accessories.azdigi.shop\/index.php\/product\/day-chuyen-vong-co-dai-layer-nhieu-lop-tua-rua-ca-tinh-quyen-ru\/","og_site_name":"Accessories","article_modified_time":"2026-04-08T15:54:44+00:00","og_image":[{"width":1290,"height":1252,"url":"https:\/\/accessories.azdigi.shop\/wp-content\/uploads\/2026\/04\/z7704305986391_7ab48d1fa8a9f9798fe7249d1ba1770e.jpg","type":"image\/jpeg"}],"twitter_card":"summary_large_image","twitter_misc":{"\u01af\u1edbc t\u00ednh th\u1eddi gian \u0111\u1ecdc":"2 ph\u00fat"},"schema":{"@context":"https:\/\/schema.org","@graph":[{"@type":"WebPage","@id":"https:\/\/accessories.azdigi.shop\/index.php\/product\/day-chuyen-vong-co-dai-layer-nhieu-lop-tua-rua-ca-tinh-quyen-ru\/","url":"https:\/\/accessories.azdigi.shop\/index.php\/product\/day-chuyen-vong-co-dai-layer-nhieu-lop-tua-rua-ca-tinh-quyen-ru\/","name":"V\u00f2ng C\u1ed5 D\u00e0i Layer Nhi\u1ec1u L\u1edbp Tua Rua C\u00e1 T\u00ednh, Quy\u1ebfn R\u0169 - Accessories","isPartOf":{"@id":"https:\/\/accessories.azdigi.shop\/#website"},"primaryImageOfPage":{"@id":"https:\/\/accessories.azdigi.shop\/index.php\/product\/day-chuyen-vong-co-dai-layer-nhieu-lop-tua-rua-ca-tinh-quyen-ru\/#primaryimage"},"image":{"@id":"https:\/\/accessories.azdigi.shop\/index.php\/product\/day-chuyen-vong-co-dai-layer-nhieu-lop-tua-rua-ca-tinh-quyen-ru\/#primaryimage"},"thumbnailUrl":"https:\/\/accessories.azdigi.shop\/wp-content\/uploads\/2026\/04\/z7704305986391_7ab48d1fa8a9f9798fe7249d1ba1770e.jpg","datePublished":"2026-04-08T09:22:19+00:00","dateModified":"2026-04-08T15:54:44+00:00","description":"D\u00e2y chuy\u1ec1n tua rua ki\u1ec3u c\u00e1ch \u00c2u M\u1ef9 t\u1eb1ng s\u1ef1 thu h\u00fat, ph\u1ed1i \u0111\u1ed3 m\u1ed9t c\u00e1ch d\u1ec5 d\u00e0ng, mo\u1ecb phong c\u00e1ch \u0111\u1ec1u c\u00f3 th\u1ec3 th\u00edch h\u1ee3p. Gi\u00e1 c\u1ea3 h\u1ee3p l\u00fd","breadcrumb":{"@id":"https:\/\/accessories.azdigi.shop\/index.php\/product\/day-chuyen-vong-co-dai-layer-nhieu-lop-tua-rua-ca-tinh-quyen-ru\/#breadcrumb"},"inLanguage":"vi","potentialAction":[{"@type":"ReadAction","target":["https:\/\/accessories.azdigi.shop\/index.php\/product\/day-chuyen-vong-co-dai-layer-nhieu-lop-tua-rua-ca-tinh-quyen-ru\/"]}]},{"@type":"ImageObject","inLanguage":"vi","@id":"https:\/\/accessories.azdigi.shop\/index.php\/product\/day-chuyen-vong-co-dai-layer-nhieu-lop-tua-rua-ca-tinh-quyen-ru\/#primaryimage","url":"https:\/\/accessories.azdigi.shop\/wp-content\/uploads\/2026\/04\/z7704305986391_7ab48d1fa8a9f9798fe7249d1ba1770e.jpg","contentUrl":"https:\/\/accessories.azdigi.shop\/wp-content\/uploads\/2026\/04\/z7704305986391_7ab48d1fa8a9f9798fe7249d1ba1770e.jpg","width":1290,"height":1252},{"@type":"BreadcrumbList","@id":"https:\/\/accessories.azdigi.shop\/index.php\/product\/day-chuyen-vong-co-dai-layer-nhieu-lop-tua-rua-ca-tinh-quyen-ru\/#breadcrumb","itemListElement":[{"@type":"ListItem","position":1,"name":"Home","item":"https:\/\/accessories.azdigi.shop\/"},{"@type":"ListItem","position":2,"name":"Shop","item":"https:\/\/accessories.azdigi.shop\/index.php\/shop\/"},{"@type":"ListItem","position":3,"name":"V\u00f2ng C\u1ed5 D\u00e0i Layer Nhi\u1ec1u L\u1edbp Tua Rua C\u00e1 T\u00ednh, Quy\u1ebfn R\u0169"}]},{"@type":"WebSite","@id":"https:\/\/accessories.azdigi.shop\/#website","url":"https:\/\/accessories.azdigi.shop\/","name":"Accessories","description":"","publisher":{"@id":"https:\/\/accessories.azdigi.shop\/#organization"},"potentialAction":[{"@type":"SearchAction","target":{"@type":"EntryPoint","urlTemplate":"https:\/\/accessories.azdigi.shop\/?s={search_term_string}"},"query-input":{"@type":"PropertyValueSpecification","valueRequired":true,"valueName":"search_term_string"}}],"inLanguage":"vi"},{"@type":"Organization","@id":"https:\/\/accessories.azdigi.shop\/#organization","name":"Accessories","url":"https:\/\/accessories.azdigi.shop\/","logo":{"@type":"ImageObject","inLanguage":"vi","@id":"https:\/\/accessories.azdigi.shop\/#\/schema\/logo\/image\/","url":"https:\/\/accessories.azdigi.shop\/wp-content\/uploads\/2026\/03\/di-1.jpeg","contentUrl":"https:\/\/accessories.azdigi.shop\/wp-content\/uploads\/2026\/03\/di-1.jpeg","width":490,"height":371,"caption":"Accessories"},"image":{"@id":"https:\/\/accessories.azdigi.shop\/#\/schema\/logo\/image\/"}}]}},"_links":{"self":[{"href":"https:\/\/accessories.azdigi.shop\/index.php\/wp-json\/wp\/v2\/product\/293","targetHints":{"allow":["GET"]}}],"collection":[{"href":"https:\/\/accessories.azdigi.shop\/index.php\/wp-json\/wp\/v2\/product"}],"about":[{"href":"https:\/\/accessories.azdigi.shop\/index.php\/wp-json\/wp\/v2\/types\/product"}],"replies":[{"embeddable":true,"href":"https:\/\/accessories.azdigi.shop\/index.php\/wp-json\/wp\/v2\/comments?post=293"}],"wp:featuredmedia":[{"embeddable":true,"href":"https:\/\/accessories.azdigi.shop\/index.php\/wp-json\/wp\/v2\/media\/302"}],"wp:attachment":[{"href":"https:\/\/accessories.azdigi.shop\/index.php\/wp-json\/wp\/v2\/media?parent=293"}],"wp:term":[{"taxonomy":"product_brand","embeddable":true,"href":"https:\/\/accessories.azdigi.shop\/index.php\/wp-json\/wp\/v2\/product_brand?post=293"},{"taxonomy":"product_cat","embeddable":true,"href":"https:\/\/accessories.azdigi.shop\/index.php\/wp-json\/wp\/v2\/product_cat?post=293"},{"taxonomy":"product_tag","embeddable":true,"href":"https:\/\/accessories.azdigi.shop\/index.php\/wp-json\/wp\/v2\/product_tag?post=293"}],"curies":[{"name":"wp","href":"https:\/\/api.w.org\/{rel}","templated":true}]}}