{"id":307,"date":"2026-04-08T15:22:41","date_gmt":"2026-04-08T15:22:41","guid":{"rendered":"https:\/\/accessories.azdigi.shop\/?post_type=product&#038;p=307"},"modified":"2026-04-08T15:22:42","modified_gmt":"2026-04-08T15:22:42","slug":"tui-deo-vai-nu-retro","status":"publish","type":"product","link":"https:\/\/accessories.azdigi.shop\/index.php\/product\/tui-deo-vai-nu-retro\/","title":{"rendered":"Th\u1eddi Trang T\u00fai \u0110eo Vai N\u1eef Retro Hot Girl"},"content":{"rendered":"<p>Ch\u00e0o m\u1eebng b\u1ea1n \u0111\u1ebfn v\u1edbi<a href=\"https:\/\/accessories.azdigi.shop\" target=\"_blank\" rel=\"noopener\"> Glam shop<\/a><\/p>\n<h1>B\u1ea1n c\u00f3 th\u1ec3 nh\u1eadn \u0111\u01b0\u1ee3c phi\u1ebfu gi\u1ea3m gi\u00e1 b\u1eb1ng c\u00e1ch theo d\u00f5i c\u1eeda h\u00e0ng n\u00e0y &#8220;,<br \/>\nPhong c\u00e1ch th\u1eddi trang t\u00fai: T\u00fai \u0111inh t\u00e1n c\u00f4 g\u00e1i n\u00f3ng b\u1ecfng<br \/>\nT\u00fai b\u00ean ngo\u00e0i c\u00f3 d\u1ea1ngi: <a href=\"https:\/\/share.google\/qE3V9ZAkWMPQlrD\" target=\"_blank\" rel=\"noopener\">h\u00ecnh vu\u00f4ng ngang<\/a><br \/>\nM\u00e0u s\u1eafc: tr\u1eafng \/ \u0111en \/ \u0111\u1ecf \/ c\u00e0 ph\u00ea<br \/>\n\u0110\u1ed9 c\u1ee9ng: trung b\u00ecnh \u0111\u1ebfn m\u1ec1m<br \/>\nCh\u1ea5t li\u1ec7u t\u00fai: da<br \/>\nCh\u1ea5t li\u1ec7u d\u00e2y \u0111eo vai: Da<br \/>\nK\u00edch th\u01b0\u1edbc t\u00fai: cao 17 cm, r\u1ed9ng 33 cm, d\u00e0y 11 cm, tay c\u1ea7m cao<br \/>\n24 cm<br \/>\nPh\u01b0\u01a1ng th\u1ee9c m\u1edf: d\u00e2y k\u00e9o<br \/>\nS\u1ee9c ch\u1ee9a: c\u00f3 th\u1ec3 \u0111\u1ef1ng \u0111i\u1ec7n tho\u1ea1i di \u0111\u1ed9ng, kh\u0103n gi\u1ea5y, son m\u00f4i, v\u00ed ti\u1ec1n, s\u1ea3n ph\u1ea9m ch\u0103m s\u00f3c da, k\u00ednh, n\u01b0\u1edbc hoa.<br \/>\nNh\u00e2n d\u1ecbp: th\u00edch h\u1ee3p cho v\u0103n ph\u00f2ng, mua s\u1eafm, h\u1eb9n h\u00f2, tr\u01b0\u1eddng h\u1ecdc, du l\u1ecbch, khi\u00eau v\u0169, ti\u1ec7c t\u00f9ng v\u00e0 cu\u1ed9c s\u1ed1ng h\u00e0ng ng\u00e0y.<br \/>\nC\u00e1c y\u1ebfu t\u1ed1 ph\u1ed5 bi\u1ebfn: Ch\u1ec9 may<br \/>\nPhong c\u00e1ch: Phi\u00ean b\u1ea3n H\u00e0n Qu\u1ed1c<br \/>\nS\u1ed1 l\u01b0\u1ee3ng d\u00e2y \u0111eo vai: \u0111\u00f4i<br \/>\nKi\u1ec3u ba l\u00f4: t\u00fai \u0111eo vai \/ t\u00fai d\u01b0\u1edbi c\u00e1nh tay \/ t\u00fai tote<br \/>\nD\u00e2y \u0111eo vai c\u00f3 th\u1ec3 \u0111i\u1ec1u ch\u1ec9nh \u0111\u01b0\u1ee3c kh\u00f4ng: Kh\u00f4ng<br \/>\nD\u00e2y \u0111eo vai c\u00f3 th\u1ec3 th\u00e1o r\u1eddi kh\u00f4ng: kh\u00f4ng Qu\u00e0 t\u1eb7ng: L\u00e0 m\u1ed9t m\u00f3n qu\u00e0 cho v\u1ee3, b\u1ea1n g\u00e1i, m\u1eb9, con g\u00e1i, ch\u1ecb g\u00e1i, b\u1ea1n b\u00e8 c\u1ee7a b\u1ea1n nh\u00e2n d\u1ecbp sinh nh\u1eadt, gi\u00e1ng sinh, n\u0103m, ng\u00e0y l\u1ec5 t\u00ecnh nh\u00e2n, k\u1ef7 ni\u1ec7m, l\u1ec5 t\u1ea1 \u01a1n ho\u1eb7c b\u1ea5t k\u1ef3 ng\u00e0y \u0111\u1eb7c bi\u1ec7t<br \/>\nQu\u00e0 t\u1eb7ng: L\u00e0 m\u1ed9t m\u00f3n qu\u00e0 cho v\u1ee3, b\u1ea1n g\u00e1i, m\u1eb9, con g\u00e1i, ch\u1ecb g\u00e1i, b\u1ea1n b\u00e8 c\u1ee7a b\u1ea1n nh\u00e2n d\u1ecbp sinh nh\u1eadt, gi\u00e1ng sinh, n\u0103m, ng\u00e0y l\u1ec5 t\u00ecnh nh\u00e2n, k\u1ef7 ni\u1ec7m, l\u1ec5 t\u1ea1 \u01a1n.<\/h1>\n","protected":false},"excerpt":{"rendered":"<p>Ch\u00e0o m\u1eebng b\u1ea1n \u0111\u1ebfn v\u1edbi Glam shop B\u1ea1n c\u00f3 th\u1ec3 nh\u1eadn \u0111\u01b0\u1ee3c phi\u1ebfu gi\u1ea3m gi\u00e1 b\u1eb1ng c\u00e1ch theo d\u00f5i c\u1eeda h\u00e0ng n\u00e0y &#8220;, Phong c\u00e1ch th\u1eddi trang t\u00fai: T\u00fai \u0111inh t\u00e1n c\u00f4 g\u00e1i n\u00f3ng b\u1ecfng T\u00fai b\u00ean ngo\u00e0i c\u00f3 d\u1ea1ngi: h\u00ecnh vu\u00f4ng ngang M\u00e0u s\u1eafc: tr\u1eafng \/ \u0111en \/ \u0111\u1ecf \/ c\u00e0 ph\u00ea \u0110\u1ed9 c\u1ee9ng: [&#8230;]\n","protected":false},"featured_media":312,"comment_status":"open","ping_status":"closed","template":"","meta":[],"product_brand":[],"product_cat":[31],"product_tag":[],"class_list":{"0":"post-307","1":"product","2":"type-product","3":"status-publish","4":"has-post-thumbnail","6":"product_cat-tui","8":"first","9":"instock","10":"shipping-taxable","11":"purchasable","12":"product-type-variable"},"yoast_head":"<!-- This site is optimized with the Yoast SEO plugin v27.3 - https:\/\/yoast.com\/product\/yoast-seo-wordpress\/ -->\n<title>Th\u1eddi Trang T\u00fai \u0110eo Vai N\u1eef Retro Hot Girl - Accessories<\/title>\n<meta name=\"robots\" content=\"index, follow, max-snippet:-1, max-image-preview:large, max-video-preview:-1\" \/>\n<link rel=\"canonical\" href=\"https:\/\/accessories.azdigi.shop\/index.php\/product\/tui-deo-vai-nu-retro\/\" \/>\n<meta property=\"og:locale\" content=\"vi_VN\" \/>\n<meta property=\"og:type\" content=\"article\" \/>\n<meta property=\"og:title\" content=\"Th\u1eddi Trang T\u00fai \u0110eo Vai N\u1eef Retro Hot Girl - Accessories\" \/>\n<meta property=\"og:description\" content=\"Ch\u00e0o m\u1eebng b\u1ea1n \u0111\u1ebfn v\u1edbi Glam shop B\u1ea1n c\u00f3 th\u1ec3 nh\u1eadn \u0111\u01b0\u1ee3c phi\u1ebfu gi\u1ea3m gi\u00e1 b\u1eb1ng c\u00e1ch theo d\u00f5i c\u1eeda h\u00e0ng n\u00e0y &#8220;, Phong c\u00e1ch th\u1eddi trang t\u00fai: T\u00fai \u0111inh t\u00e1n c\u00f4 g\u00e1i n\u00f3ng b\u1ecfng T\u00fai b\u00ean ngo\u00e0i c\u00f3 d\u1ea1ngi: h\u00ecnh vu\u00f4ng ngang M\u00e0u s\u1eafc: tr\u1eafng \/ \u0111en \/ \u0111\u1ecf \/ c\u00e0 ph\u00ea \u0110\u1ed9 c\u1ee9ng: [...]\" \/>\n<meta property=\"og:url\" content=\"https:\/\/accessories.azdigi.shop\/index.php\/product\/tui-deo-vai-nu-retro\/\" \/>\n<meta property=\"og:site_name\" content=\"Accessories\" \/>\n<meta property=\"article:modified_time\" content=\"2026-04-08T15:22:42+00:00\" \/>\n<meta property=\"og:image\" content=\"https:\/\/accessories.azdigi.shop\/wp-content\/uploads\/2026\/04\/z7705543163603_ddd56857b03bb433eeb326d2495e46da.jpg\" \/>\n\t<meta property=\"og:image:width\" content=\"1290\" \/>\n\t<meta property=\"og:image:height\" content=\"1104\" \/>\n\t<meta property=\"og:image:type\" content=\"image\/jpeg\" \/>\n<meta name=\"twitter:card\" content=\"summary_large_image\" \/>\n<meta name=\"twitter:label1\" content=\"\u01af\u1edbc t\u00ednh th\u1eddi gian \u0111\u1ecdc\" \/>\n\t<meta name=\"twitter:data1\" content=\"2 ph\u00fat\" \/>\n<script type=\"application\/ld+json\" class=\"yoast-schema-graph\">{\"@context\":\"https:\\\/\\\/schema.org\",\"@graph\":[{\"@type\":\"WebPage\",\"@id\":\"https:\\\/\\\/accessories.azdigi.shop\\\/index.php\\\/product\\\/tui-deo-vai-nu-retro\\\/\",\"url\":\"https:\\\/\\\/accessories.azdigi.shop\\\/index.php\\\/product\\\/tui-deo-vai-nu-retro\\\/\",\"name\":\"Th\u1eddi Trang T\u00fai \u0110eo Vai N\u1eef Retro Hot Girl - Accessories\",\"isPartOf\":{\"@id\":\"https:\\\/\\\/accessories.azdigi.shop\\\/#website\"},\"primaryImageOfPage\":{\"@id\":\"https:\\\/\\\/accessories.azdigi.shop\\\/index.php\\\/product\\\/tui-deo-vai-nu-retro\\\/#primaryimage\"},\"image\":{\"@id\":\"https:\\\/\\\/accessories.azdigi.shop\\\/index.php\\\/product\\\/tui-deo-vai-nu-retro\\\/#primaryimage\"},\"thumbnailUrl\":\"https:\\\/\\\/accessories.azdigi.shop\\\/wp-content\\\/uploads\\\/2026\\\/04\\\/z7705543163603_ddd56857b03bb433eeb326d2495e46da.jpg\",\"datePublished\":\"2026-04-08T15:22:41+00:00\",\"dateModified\":\"2026-04-08T15:22:42+00:00\",\"breadcrumb\":{\"@id\":\"https:\\\/\\\/accessories.azdigi.shop\\\/index.php\\\/product\\\/tui-deo-vai-nu-retro\\\/#breadcrumb\"},\"inLanguage\":\"vi\",\"potentialAction\":[{\"@type\":\"ReadAction\",\"target\":[\"https:\\\/\\\/accessories.azdigi.shop\\\/index.php\\\/product\\\/tui-deo-vai-nu-retro\\\/\"]}]},{\"@type\":\"ImageObject\",\"inLanguage\":\"vi\",\"@id\":\"https:\\\/\\\/accessories.azdigi.shop\\\/index.php\\\/product\\\/tui-deo-vai-nu-retro\\\/#primaryimage\",\"url\":\"https:\\\/\\\/accessories.azdigi.shop\\\/wp-content\\\/uploads\\\/2026\\\/04\\\/z7705543163603_ddd56857b03bb433eeb326d2495e46da.jpg\",\"contentUrl\":\"https:\\\/\\\/accessories.azdigi.shop\\\/wp-content\\\/uploads\\\/2026\\\/04\\\/z7705543163603_ddd56857b03bb433eeb326d2495e46da.jpg\",\"width\":1290,\"height\":1104},{\"@type\":\"BreadcrumbList\",\"@id\":\"https:\\\/\\\/accessories.azdigi.shop\\\/index.php\\\/product\\\/tui-deo-vai-nu-retro\\\/#breadcrumb\",\"itemListElement\":[{\"@type\":\"ListItem\",\"position\":1,\"name\":\"Home\",\"item\":\"https:\\\/\\\/accessories.azdigi.shop\\\/\"},{\"@type\":\"ListItem\",\"position\":2,\"name\":\"Shop\",\"item\":\"https:\\\/\\\/accessories.azdigi.shop\\\/index.php\\\/shop\\\/\"},{\"@type\":\"ListItem\",\"position\":3,\"name\":\"Th\u1eddi Trang T\u00fai \u0110eo Vai N\u1eef Retro Hot Girl\"}]},{\"@type\":\"WebSite\",\"@id\":\"https:\\\/\\\/accessories.azdigi.shop\\\/#website\",\"url\":\"https:\\\/\\\/accessories.azdigi.shop\\\/\",\"name\":\"Accessories\",\"description\":\"\",\"publisher\":{\"@id\":\"https:\\\/\\\/accessories.azdigi.shop\\\/#organization\"},\"potentialAction\":[{\"@type\":\"SearchAction\",\"target\":{\"@type\":\"EntryPoint\",\"urlTemplate\":\"https:\\\/\\\/accessories.azdigi.shop\\\/?s={search_term_string}\"},\"query-input\":{\"@type\":\"PropertyValueSpecification\",\"valueRequired\":true,\"valueName\":\"search_term_string\"}}],\"inLanguage\":\"vi\"},{\"@type\":\"Organization\",\"@id\":\"https:\\\/\\\/accessories.azdigi.shop\\\/#organization\",\"name\":\"Accessories\",\"url\":\"https:\\\/\\\/accessories.azdigi.shop\\\/\",\"logo\":{\"@type\":\"ImageObject\",\"inLanguage\":\"vi\",\"@id\":\"https:\\\/\\\/accessories.azdigi.shop\\\/#\\\/schema\\\/logo\\\/image\\\/\",\"url\":\"https:\\\/\\\/accessories.azdigi.shop\\\/wp-content\\\/uploads\\\/2026\\\/03\\\/di-1.jpeg\",\"contentUrl\":\"https:\\\/\\\/accessories.azdigi.shop\\\/wp-content\\\/uploads\\\/2026\\\/03\\\/di-1.jpeg\",\"width\":490,\"height\":371,\"caption\":\"Accessories\"},\"image\":{\"@id\":\"https:\\\/\\\/accessories.azdigi.shop\\\/#\\\/schema\\\/logo\\\/image\\\/\"}}]}<\/script>\n<!-- \/ Yoast SEO plugin. -->","yoast_head_json":{"title":"Th\u1eddi Trang T\u00fai \u0110eo Vai N\u1eef Retro Hot Girl - Accessories","robots":{"index":"index","follow":"follow","max-snippet":"max-snippet:-1","max-image-preview":"max-image-preview:large","max-video-preview":"max-video-preview:-1"},"canonical":"https:\/\/accessories.azdigi.shop\/index.php\/product\/tui-deo-vai-nu-retro\/","og_locale":"vi_VN","og_type":"article","og_title":"Th\u1eddi Trang T\u00fai \u0110eo Vai N\u1eef Retro Hot Girl - Accessories","og_description":"Ch\u00e0o m\u1eebng b\u1ea1n \u0111\u1ebfn v\u1edbi Glam shop B\u1ea1n c\u00f3 th\u1ec3 nh\u1eadn \u0111\u01b0\u1ee3c phi\u1ebfu gi\u1ea3m gi\u00e1 b\u1eb1ng c\u00e1ch theo d\u00f5i c\u1eeda h\u00e0ng n\u00e0y &#8220;, Phong c\u00e1ch th\u1eddi trang t\u00fai: T\u00fai \u0111inh t\u00e1n c\u00f4 g\u00e1i n\u00f3ng b\u1ecfng T\u00fai b\u00ean ngo\u00e0i c\u00f3 d\u1ea1ngi: h\u00ecnh vu\u00f4ng ngang M\u00e0u s\u1eafc: tr\u1eafng \/ \u0111en \/ \u0111\u1ecf \/ c\u00e0 ph\u00ea \u0110\u1ed9 c\u1ee9ng: [...]","og_url":"https:\/\/accessories.azdigi.shop\/index.php\/product\/tui-deo-vai-nu-retro\/","og_site_name":"Accessories","article_modified_time":"2026-04-08T15:22:42+00:00","og_image":[{"width":1290,"height":1104,"url":"https:\/\/accessories.azdigi.shop\/wp-content\/uploads\/2026\/04\/z7705543163603_ddd56857b03bb433eeb326d2495e46da.jpg","type":"image\/jpeg"}],"twitter_card":"summary_large_image","twitter_misc":{"\u01af\u1edbc t\u00ednh th\u1eddi gian \u0111\u1ecdc":"2 ph\u00fat"},"schema":{"@context":"https:\/\/schema.org","@graph":[{"@type":"WebPage","@id":"https:\/\/accessories.azdigi.shop\/index.php\/product\/tui-deo-vai-nu-retro\/","url":"https:\/\/accessories.azdigi.shop\/index.php\/product\/tui-deo-vai-nu-retro\/","name":"Th\u1eddi Trang T\u00fai \u0110eo Vai N\u1eef Retro Hot Girl - Accessories","isPartOf":{"@id":"https:\/\/accessories.azdigi.shop\/#website"},"primaryImageOfPage":{"@id":"https:\/\/accessories.azdigi.shop\/index.php\/product\/tui-deo-vai-nu-retro\/#primaryimage"},"image":{"@id":"https:\/\/accessories.azdigi.shop\/index.php\/product\/tui-deo-vai-nu-retro\/#primaryimage"},"thumbnailUrl":"https:\/\/accessories.azdigi.shop\/wp-content\/uploads\/2026\/04\/z7705543163603_ddd56857b03bb433eeb326d2495e46da.jpg","datePublished":"2026-04-08T15:22:41+00:00","dateModified":"2026-04-08T15:22:42+00:00","breadcrumb":{"@id":"https:\/\/accessories.azdigi.shop\/index.php\/product\/tui-deo-vai-nu-retro\/#breadcrumb"},"inLanguage":"vi","potentialAction":[{"@type":"ReadAction","target":["https:\/\/accessories.azdigi.shop\/index.php\/product\/tui-deo-vai-nu-retro\/"]}]},{"@type":"ImageObject","inLanguage":"vi","@id":"https:\/\/accessories.azdigi.shop\/index.php\/product\/tui-deo-vai-nu-retro\/#primaryimage","url":"https:\/\/accessories.azdigi.shop\/wp-content\/uploads\/2026\/04\/z7705543163603_ddd56857b03bb433eeb326d2495e46da.jpg","contentUrl":"https:\/\/accessories.azdigi.shop\/wp-content\/uploads\/2026\/04\/z7705543163603_ddd56857b03bb433eeb326d2495e46da.jpg","width":1290,"height":1104},{"@type":"BreadcrumbList","@id":"https:\/\/accessories.azdigi.shop\/index.php\/product\/tui-deo-vai-nu-retro\/#breadcrumb","itemListElement":[{"@type":"ListItem","position":1,"name":"Home","item":"https:\/\/accessories.azdigi.shop\/"},{"@type":"ListItem","position":2,"name":"Shop","item":"https:\/\/accessories.azdigi.shop\/index.php\/shop\/"},{"@type":"ListItem","position":3,"name":"Th\u1eddi Trang T\u00fai \u0110eo Vai N\u1eef Retro Hot Girl"}]},{"@type":"WebSite","@id":"https:\/\/accessories.azdigi.shop\/#website","url":"https:\/\/accessories.azdigi.shop\/","name":"Accessories","description":"","publisher":{"@id":"https:\/\/accessories.azdigi.shop\/#organization"},"potentialAction":[{"@type":"SearchAction","target":{"@type":"EntryPoint","urlTemplate":"https:\/\/accessories.azdigi.shop\/?s={search_term_string}"},"query-input":{"@type":"PropertyValueSpecification","valueRequired":true,"valueName":"search_term_string"}}],"inLanguage":"vi"},{"@type":"Organization","@id":"https:\/\/accessories.azdigi.shop\/#organization","name":"Accessories","url":"https:\/\/accessories.azdigi.shop\/","logo":{"@type":"ImageObject","inLanguage":"vi","@id":"https:\/\/accessories.azdigi.shop\/#\/schema\/logo\/image\/","url":"https:\/\/accessories.azdigi.shop\/wp-content\/uploads\/2026\/03\/di-1.jpeg","contentUrl":"https:\/\/accessories.azdigi.shop\/wp-content\/uploads\/2026\/03\/di-1.jpeg","width":490,"height":371,"caption":"Accessories"},"image":{"@id":"https:\/\/accessories.azdigi.shop\/#\/schema\/logo\/image\/"}}]}},"_links":{"self":[{"href":"https:\/\/accessories.azdigi.shop\/index.php\/wp-json\/wp\/v2\/product\/307","targetHints":{"allow":["GET"]}}],"collection":[{"href":"https:\/\/accessories.azdigi.shop\/index.php\/wp-json\/wp\/v2\/product"}],"about":[{"href":"https:\/\/accessories.azdigi.shop\/index.php\/wp-json\/wp\/v2\/types\/product"}],"replies":[{"embeddable":true,"href":"https:\/\/accessories.azdigi.shop\/index.php\/wp-json\/wp\/v2\/comments?post=307"}],"wp:featuredmedia":[{"embeddable":true,"href":"https:\/\/accessories.azdigi.shop\/index.php\/wp-json\/wp\/v2\/media\/312"}],"wp:attachment":[{"href":"https:\/\/accessories.azdigi.shop\/index.php\/wp-json\/wp\/v2\/media?parent=307"}],"wp:term":[{"taxonomy":"product_brand","embeddable":true,"href":"https:\/\/accessories.azdigi.shop\/index.php\/wp-json\/wp\/v2\/product_brand?post=307"},{"taxonomy":"product_cat","embeddable":true,"href":"https:\/\/accessories.azdigi.shop\/index.php\/wp-json\/wp\/v2\/product_cat?post=307"},{"taxonomy":"product_tag","embeddable":true,"href":"https:\/\/accessories.azdigi.shop\/index.php\/wp-json\/wp\/v2\/product_tag?post=307"}],"curies":[{"name":"wp","href":"https:\/\/api.w.org\/{rel}","templated":true}]}}