{"id":318,"date":"2026-04-08T15:36:24","date_gmt":"2026-04-08T15:36:24","guid":{"rendered":"https:\/\/accessories.azdigi.shop\/?post_type=product&#038;p=318"},"modified":"2026-04-08T15:36:24","modified_gmt":"2026-04-08T15:36:24","slug":"bong-tai-nu-khoen-tron-titan-phu-kien-trang-suc","status":"publish","type":"product","link":"https:\/\/accessories.azdigi.shop\/index.php\/product\/bong-tai-nu-khoen-tron-titan-phu-kien-trang-suc\/","title":{"rendered":"B\u00f4ng Tai N\u1eef Khoen Tr\u00f2n Titan, Ph\u1ee5 Ki\u1ec7n Trang S\u1ee9c"},"content":{"rendered":"<p>B\u00f4ng Tai N\u1eef Khoen Tr\u00f2n Titan<\/p>\n<p>C\u00e1c m\u1eabu b\u00f4ng tai n\u00e0y c\u00f3 thi\u1ebft k\u1ebf khoen tr\u00f2n v\u00e0 phong c\u00e1ch H\u00e0n Qu\u1ed1c<\/p>\n<p>TH\u00d4NG TIN CHI TI\u1ebeT S\u1ea2N PH\u1ea8M:<\/p>\n<p>Lo\u1ea1i S\u1ea3n Ph\u1ea9m: B\u00f4ng tai n\u1eef Titan<\/p>\n<p>Ki\u1ebfu D\u00e1ng: Khoen tr\u00f2n, nh\u1ecf g\u1ecdn, d\u1ec5 s\u1eed d\u1ee5ng.<\/p>\n<p>Ch\u1ea5t Li\u1ec7u: H\u1ee3p kim v\u00e0 b\u1ea1c.<\/p>\n<p>M\u00e0u S\u1eafc: Kh\u00e1ch h\u00e0ng vui l\u00f2ng xem h\u00ecnh \u1ea3nh s\u1ea3n ph\u1ea9m\/ h\u00ecnh \u1ea3nh ph\u00e2n lo\u1ea1i \u0111\u1ec3 ch\u1ecdn l\u1ef1a m\u00e0u s\u1eafc v\u00e0 ki\u1ec3u d\u00e1ng c\u1ee5 th\u1ec3.<\/p>\n<p>Phong C\u00e1ch: C\u00e1 t\u00ednh, ph\u00f9 h\u1ee3p v\u1edbi nhi\u1ec1u phong c\u00e1ch th\u1eddi trang.<\/p>\n<p>Xu\u1ea5t x\u1ee9: H\u00e0n Qu\u1ed1c<\/p>\n<p>H\u01af\u1edaNG D\u1eaaN B\u1ea2O QU\u1ea2N TRANG S\u1ee8C:<\/p>\n<p>\u0110\u1ec3 gi\u00fap s\u1ea3n ph\u1ea9m duy tr\u00ec \u0111\u1ed9 s\u00e1ng l\u00e2u d\u00e0i, b\u1ea1n c\u1ea7n l\u01b0u \u00fd:<\/p>\n<p>V\u1ec7 Sinh: Sau khi s\u1eed d\u1ee5ng, n\u00ean d\u00f9ng kh\u0103n gi\u00e2y lau nh\u1eb9 nh\u00e0ng l\u00ean b\u00f4ng tai \u0111\u1ec3 lo\u1ea1i b\u1ecf m\u1ed3 h\u00f4i v\u00e0 b\u1ee5i b\u1ea9n.<\/p>\n<p>Tr\u00e1nh T\u00e1c \u0110\u1ed9ng: H\u1ea1n ch\u1ebf ti\u1ebfp x\u00fac v\u1edbi h\u00f3a ch\u1ea5t. N\u00ean l\u1ea5y b\u00f4ng tai ra tr\u01b0\u1edbc khi t\u1eafm, b\u01a1i ho\u1eb7c khi ph\u1ea3i tham gia nh\u1eefng ho\u1ea1t \u0111\u1ed9ng c\u1ea7n v\u1eadn \u0111\u1ed9ng nhi\u1ec1u.<\/p>\n<p>C\u1ea5t gi\u1eef ri\u00eang bi\u1ec7t, tr\u00e1nh \u0111\u1ec3 chung v\u1edbi v\u1eadt c\u1ee9ng \u0111\u1ec3 gi\u1ea3m ma s\u00e1t g\u00e2y h\u01b0 h\u1ecfng.<\/p>\n<p>Khi m\u1edf ho\u1eb7c \u0111\u00f3ng, n\u00ean c\u1ea7n th\u1eadn, kh\u00f4ng l\u00e0m qu\u00e1 m\u1ea1nh tay \u0111\u1ec3 gi\u1ea3m thi\u1ec3u s\u1ef1 bi\u1ebfn d\u1ea1ng ho\u1eb7c g\u00e3y<\/p>\n<p>. B\u1ea3o Qu\u1ea3n D\u00e0i H\u1ea1n: Khi kh\u00f4ng s\u1eed d\u1ee5ng, h\u00e3y \u0111\u1eb7t trong t\u00fai ho\u1eb7c h\u1ed9p k\u00edn \u0111\u1ebf h\u1ea1n ch\u1ebf ti\u1ebfp x\u00fac v\u1edbi kh\u00f4ng kh\u00ed.<\/p>\n<p>CH\u00cdNH S\u00c1CH \u0110\u1ed2I TR\u1ea2: \u0110i\u1ec1u ki\u1ec7n: \u00c1p d\u1ee5ng cho s\u1ea3n ph\u1ea9m b\u1ecb l\u1ed7i do nh\u00e0 s\u1ea3n xu\u1ea5t ho\u1eb7c s\u1ea3n ph\u1ea9m ch\u01b0a s\u1eed d\u1ee5ng, c\u00f2n h\u00f3a \u0111\u01a1n v\u00e0 c\u00f2n nguy\u00ean t\u00ecnh tr\u1ea1ng nh\u01b0 khi Shop g\u1eedi h\u00e0ng.<\/p>\n<p>H\u1ed7 Tr\u1ee3: C\u00e1c nhu c\u1ea7u h\u1ed7 tr\u1ee3 kh\u00e1c vui l\u00f2ng nh\u1eafn tin tr\u1ef1c ti\u1ebfp v\u1edbi Shop \u0111\u1ec3 \u0111\u01b0\u1ee3c h\u1ed7 tr\u1ee3.<\/p>\n","protected":false},"excerpt":{"rendered":"<p>B\u00f4ng Tai N\u1eef Khoen Tr\u00f2n Titan C\u00e1c m\u1eabu b\u00f4ng tai n\u00e0y c\u00f3 thi\u1ebft k\u1ebf khoen tr\u00f2n v\u00e0 phong c\u00e1ch H\u00e0n Qu\u1ed1c TH\u00d4NG TIN CHI TI\u1ebeT S\u1ea2N PH\u1ea8M: Lo\u1ea1i S\u1ea3n Ph\u1ea9m: B\u00f4ng tai n\u1eef Titan Ki\u1ebfu D\u00e1ng: Khoen tr\u00f2n, nh\u1ecf g\u1ecdn, d\u1ec5 s\u1eed d\u1ee5ng. Ch\u1ea5t Li\u1ec7u: H\u1ee3p kim v\u00e0 b\u1ea1c. M\u00e0u S\u1eafc: Kh\u00e1ch h\u00e0ng vui l\u00f2ng [&#8230;]\n","protected":false},"featured_media":324,"comment_status":"open","ping_status":"closed","template":"","meta":[],"product_brand":[],"product_cat":[32],"product_tag":[],"class_list":{"0":"post-318","1":"product","2":"type-product","3":"status-publish","4":"has-post-thumbnail","6":"product_cat-khuyen-tai","8":"first","9":"instock","10":"shipping-taxable","11":"purchasable","12":"product-type-variable"},"yoast_head":"<!-- This site is optimized with the Yoast SEO plugin v27.3 - https:\/\/yoast.com\/product\/yoast-seo-wordpress\/ -->\n<title>B\u00f4ng Tai N\u1eef Khoen Tr\u00f2n Titan, Ph\u1ee5 Ki\u1ec7n Trang S\u1ee9c - Accessories<\/title>\n<meta name=\"robots\" content=\"index, follow, max-snippet:-1, max-image-preview:large, max-video-preview:-1\" \/>\n<link rel=\"canonical\" href=\"https:\/\/accessories.azdigi.shop\/index.php\/product\/bong-tai-nu-khoen-tron-titan-phu-kien-trang-suc\/\" \/>\n<meta property=\"og:locale\" content=\"vi_VN\" \/>\n<meta property=\"og:type\" content=\"article\" \/>\n<meta property=\"og:title\" content=\"B\u00f4ng Tai N\u1eef Khoen Tr\u00f2n Titan, Ph\u1ee5 Ki\u1ec7n Trang S\u1ee9c - Accessories\" \/>\n<meta property=\"og:description\" content=\"B\u00f4ng Tai N\u1eef Khoen Tr\u00f2n Titan C\u00e1c m\u1eabu b\u00f4ng tai n\u00e0y c\u00f3 thi\u1ebft k\u1ebf khoen tr\u00f2n v\u00e0 phong c\u00e1ch H\u00e0n Qu\u1ed1c TH\u00d4NG TIN CHI TI\u1ebeT S\u1ea2N PH\u1ea8M: Lo\u1ea1i S\u1ea3n Ph\u1ea9m: B\u00f4ng tai n\u1eef Titan Ki\u1ebfu D\u00e1ng: Khoen tr\u00f2n, nh\u1ecf g\u1ecdn, d\u1ec5 s\u1eed d\u1ee5ng. Ch\u1ea5t Li\u1ec7u: H\u1ee3p kim v\u00e0 b\u1ea1c. M\u00e0u S\u1eafc: Kh\u00e1ch h\u00e0ng vui l\u00f2ng [...]\" \/>\n<meta property=\"og:url\" content=\"https:\/\/accessories.azdigi.shop\/index.php\/product\/bong-tai-nu-khoen-tron-titan-phu-kien-trang-suc\/\" \/>\n<meta property=\"og:site_name\" content=\"Accessories\" \/>\n<meta property=\"og:image\" content=\"https:\/\/accessories.azdigi.shop\/wp-content\/uploads\/2026\/04\/z7705613404757_a46c1a5fc9ab172c051d623b792e87ca.jpg\" \/>\n\t<meta property=\"og:image:width\" content=\"1290\" \/>\n\t<meta property=\"og:image:height\" content=\"1198\" \/>\n\t<meta property=\"og:image:type\" content=\"image\/jpeg\" \/>\n<meta name=\"twitter:card\" content=\"summary_large_image\" \/>\n<meta name=\"twitter:label1\" content=\"\u01af\u1edbc t\u00ednh th\u1eddi gian \u0111\u1ecdc\" \/>\n\t<meta name=\"twitter:data1\" content=\"2 ph\u00fat\" \/>\n<script type=\"application\/ld+json\" class=\"yoast-schema-graph\">{\"@context\":\"https:\\\/\\\/schema.org\",\"@graph\":[{\"@type\":\"WebPage\",\"@id\":\"https:\\\/\\\/accessories.azdigi.shop\\\/index.php\\\/product\\\/bong-tai-nu-khoen-tron-titan-phu-kien-trang-suc\\\/\",\"url\":\"https:\\\/\\\/accessories.azdigi.shop\\\/index.php\\\/product\\\/bong-tai-nu-khoen-tron-titan-phu-kien-trang-suc\\\/\",\"name\":\"B\u00f4ng Tai N\u1eef Khoen Tr\u00f2n Titan, Ph\u1ee5 Ki\u1ec7n Trang S\u1ee9c - Accessories\",\"isPartOf\":{\"@id\":\"https:\\\/\\\/accessories.azdigi.shop\\\/#website\"},\"primaryImageOfPage\":{\"@id\":\"https:\\\/\\\/accessories.azdigi.shop\\\/index.php\\\/product\\\/bong-tai-nu-khoen-tron-titan-phu-kien-trang-suc\\\/#primaryimage\"},\"image\":{\"@id\":\"https:\\\/\\\/accessories.azdigi.shop\\\/index.php\\\/product\\\/bong-tai-nu-khoen-tron-titan-phu-kien-trang-suc\\\/#primaryimage\"},\"thumbnailUrl\":\"https:\\\/\\\/accessories.azdigi.shop\\\/wp-content\\\/uploads\\\/2026\\\/04\\\/z7705613404757_a46c1a5fc9ab172c051d623b792e87ca.jpg\",\"datePublished\":\"2026-04-08T15:36:24+00:00\",\"breadcrumb\":{\"@id\":\"https:\\\/\\\/accessories.azdigi.shop\\\/index.php\\\/product\\\/bong-tai-nu-khoen-tron-titan-phu-kien-trang-suc\\\/#breadcrumb\"},\"inLanguage\":\"vi\",\"potentialAction\":[{\"@type\":\"ReadAction\",\"target\":[\"https:\\\/\\\/accessories.azdigi.shop\\\/index.php\\\/product\\\/bong-tai-nu-khoen-tron-titan-phu-kien-trang-suc\\\/\"]}]},{\"@type\":\"ImageObject\",\"inLanguage\":\"vi\",\"@id\":\"https:\\\/\\\/accessories.azdigi.shop\\\/index.php\\\/product\\\/bong-tai-nu-khoen-tron-titan-phu-kien-trang-suc\\\/#primaryimage\",\"url\":\"https:\\\/\\\/accessories.azdigi.shop\\\/wp-content\\\/uploads\\\/2026\\\/04\\\/z7705613404757_a46c1a5fc9ab172c051d623b792e87ca.jpg\",\"contentUrl\":\"https:\\\/\\\/accessories.azdigi.shop\\\/wp-content\\\/uploads\\\/2026\\\/04\\\/z7705613404757_a46c1a5fc9ab172c051d623b792e87ca.jpg\",\"width\":1290,\"height\":1198},{\"@type\":\"BreadcrumbList\",\"@id\":\"https:\\\/\\\/accessories.azdigi.shop\\\/index.php\\\/product\\\/bong-tai-nu-khoen-tron-titan-phu-kien-trang-suc\\\/#breadcrumb\",\"itemListElement\":[{\"@type\":\"ListItem\",\"position\":1,\"name\":\"Home\",\"item\":\"https:\\\/\\\/accessories.azdigi.shop\\\/\"},{\"@type\":\"ListItem\",\"position\":2,\"name\":\"Shop\",\"item\":\"https:\\\/\\\/accessories.azdigi.shop\\\/index.php\\\/shop\\\/\"},{\"@type\":\"ListItem\",\"position\":3,\"name\":\"B\u00f4ng Tai N\u1eef Khoen Tr\u00f2n Titan, Ph\u1ee5 Ki\u1ec7n Trang S\u1ee9c\"}]},{\"@type\":\"WebSite\",\"@id\":\"https:\\\/\\\/accessories.azdigi.shop\\\/#website\",\"url\":\"https:\\\/\\\/accessories.azdigi.shop\\\/\",\"name\":\"Accessories\",\"description\":\"\",\"publisher\":{\"@id\":\"https:\\\/\\\/accessories.azdigi.shop\\\/#organization\"},\"potentialAction\":[{\"@type\":\"SearchAction\",\"target\":{\"@type\":\"EntryPoint\",\"urlTemplate\":\"https:\\\/\\\/accessories.azdigi.shop\\\/?s={search_term_string}\"},\"query-input\":{\"@type\":\"PropertyValueSpecification\",\"valueRequired\":true,\"valueName\":\"search_term_string\"}}],\"inLanguage\":\"vi\"},{\"@type\":\"Organization\",\"@id\":\"https:\\\/\\\/accessories.azdigi.shop\\\/#organization\",\"name\":\"Accessories\",\"url\":\"https:\\\/\\\/accessories.azdigi.shop\\\/\",\"logo\":{\"@type\":\"ImageObject\",\"inLanguage\":\"vi\",\"@id\":\"https:\\\/\\\/accessories.azdigi.shop\\\/#\\\/schema\\\/logo\\\/image\\\/\",\"url\":\"https:\\\/\\\/accessories.azdigi.shop\\\/wp-content\\\/uploads\\\/2026\\\/03\\\/di-1.jpeg\",\"contentUrl\":\"https:\\\/\\\/accessories.azdigi.shop\\\/wp-content\\\/uploads\\\/2026\\\/03\\\/di-1.jpeg\",\"width\":490,\"height\":371,\"caption\":\"Accessories\"},\"image\":{\"@id\":\"https:\\\/\\\/accessories.azdigi.shop\\\/#\\\/schema\\\/logo\\\/image\\\/\"}}]}<\/script>\n<!-- \/ Yoast SEO plugin. -->","yoast_head_json":{"title":"B\u00f4ng Tai N\u1eef Khoen Tr\u00f2n Titan, Ph\u1ee5 Ki\u1ec7n Trang S\u1ee9c - Accessories","robots":{"index":"index","follow":"follow","max-snippet":"max-snippet:-1","max-image-preview":"max-image-preview:large","max-video-preview":"max-video-preview:-1"},"canonical":"https:\/\/accessories.azdigi.shop\/index.php\/product\/bong-tai-nu-khoen-tron-titan-phu-kien-trang-suc\/","og_locale":"vi_VN","og_type":"article","og_title":"B\u00f4ng Tai N\u1eef Khoen Tr\u00f2n Titan, Ph\u1ee5 Ki\u1ec7n Trang S\u1ee9c - Accessories","og_description":"B\u00f4ng Tai N\u1eef Khoen Tr\u00f2n Titan C\u00e1c m\u1eabu b\u00f4ng tai n\u00e0y c\u00f3 thi\u1ebft k\u1ebf khoen tr\u00f2n v\u00e0 phong c\u00e1ch H\u00e0n Qu\u1ed1c TH\u00d4NG TIN CHI TI\u1ebeT S\u1ea2N PH\u1ea8M: Lo\u1ea1i S\u1ea3n Ph\u1ea9m: B\u00f4ng tai n\u1eef Titan Ki\u1ebfu D\u00e1ng: Khoen tr\u00f2n, nh\u1ecf g\u1ecdn, d\u1ec5 s\u1eed d\u1ee5ng. Ch\u1ea5t Li\u1ec7u: H\u1ee3p kim v\u00e0 b\u1ea1c. M\u00e0u S\u1eafc: Kh\u00e1ch h\u00e0ng vui l\u00f2ng [...]","og_url":"https:\/\/accessories.azdigi.shop\/index.php\/product\/bong-tai-nu-khoen-tron-titan-phu-kien-trang-suc\/","og_site_name":"Accessories","og_image":[{"width":1290,"height":1198,"url":"https:\/\/accessories.azdigi.shop\/wp-content\/uploads\/2026\/04\/z7705613404757_a46c1a5fc9ab172c051d623b792e87ca.jpg","type":"image\/jpeg"}],"twitter_card":"summary_large_image","twitter_misc":{"\u01af\u1edbc t\u00ednh th\u1eddi gian \u0111\u1ecdc":"2 ph\u00fat"},"schema":{"@context":"https:\/\/schema.org","@graph":[{"@type":"WebPage","@id":"https:\/\/accessories.azdigi.shop\/index.php\/product\/bong-tai-nu-khoen-tron-titan-phu-kien-trang-suc\/","url":"https:\/\/accessories.azdigi.shop\/index.php\/product\/bong-tai-nu-khoen-tron-titan-phu-kien-trang-suc\/","name":"B\u00f4ng Tai N\u1eef Khoen Tr\u00f2n Titan, Ph\u1ee5 Ki\u1ec7n Trang S\u1ee9c - Accessories","isPartOf":{"@id":"https:\/\/accessories.azdigi.shop\/#website"},"primaryImageOfPage":{"@id":"https:\/\/accessories.azdigi.shop\/index.php\/product\/bong-tai-nu-khoen-tron-titan-phu-kien-trang-suc\/#primaryimage"},"image":{"@id":"https:\/\/accessories.azdigi.shop\/index.php\/product\/bong-tai-nu-khoen-tron-titan-phu-kien-trang-suc\/#primaryimage"},"thumbnailUrl":"https:\/\/accessories.azdigi.shop\/wp-content\/uploads\/2026\/04\/z7705613404757_a46c1a5fc9ab172c051d623b792e87ca.jpg","datePublished":"2026-04-08T15:36:24+00:00","breadcrumb":{"@id":"https:\/\/accessories.azdigi.shop\/index.php\/product\/bong-tai-nu-khoen-tron-titan-phu-kien-trang-suc\/#breadcrumb"},"inLanguage":"vi","potentialAction":[{"@type":"ReadAction","target":["https:\/\/accessories.azdigi.shop\/index.php\/product\/bong-tai-nu-khoen-tron-titan-phu-kien-trang-suc\/"]}]},{"@type":"ImageObject","inLanguage":"vi","@id":"https:\/\/accessories.azdigi.shop\/index.php\/product\/bong-tai-nu-khoen-tron-titan-phu-kien-trang-suc\/#primaryimage","url":"https:\/\/accessories.azdigi.shop\/wp-content\/uploads\/2026\/04\/z7705613404757_a46c1a5fc9ab172c051d623b792e87ca.jpg","contentUrl":"https:\/\/accessories.azdigi.shop\/wp-content\/uploads\/2026\/04\/z7705613404757_a46c1a5fc9ab172c051d623b792e87ca.jpg","width":1290,"height":1198},{"@type":"BreadcrumbList","@id":"https:\/\/accessories.azdigi.shop\/index.php\/product\/bong-tai-nu-khoen-tron-titan-phu-kien-trang-suc\/#breadcrumb","itemListElement":[{"@type":"ListItem","position":1,"name":"Home","item":"https:\/\/accessories.azdigi.shop\/"},{"@type":"ListItem","position":2,"name":"Shop","item":"https:\/\/accessories.azdigi.shop\/index.php\/shop\/"},{"@type":"ListItem","position":3,"name":"B\u00f4ng Tai N\u1eef Khoen Tr\u00f2n Titan, Ph\u1ee5 Ki\u1ec7n Trang S\u1ee9c"}]},{"@type":"WebSite","@id":"https:\/\/accessories.azdigi.shop\/#website","url":"https:\/\/accessories.azdigi.shop\/","name":"Accessories","description":"","publisher":{"@id":"https:\/\/accessories.azdigi.shop\/#organization"},"potentialAction":[{"@type":"SearchAction","target":{"@type":"EntryPoint","urlTemplate":"https:\/\/accessories.azdigi.shop\/?s={search_term_string}"},"query-input":{"@type":"PropertyValueSpecification","valueRequired":true,"valueName":"search_term_string"}}],"inLanguage":"vi"},{"@type":"Organization","@id":"https:\/\/accessories.azdigi.shop\/#organization","name":"Accessories","url":"https:\/\/accessories.azdigi.shop\/","logo":{"@type":"ImageObject","inLanguage":"vi","@id":"https:\/\/accessories.azdigi.shop\/#\/schema\/logo\/image\/","url":"https:\/\/accessories.azdigi.shop\/wp-content\/uploads\/2026\/03\/di-1.jpeg","contentUrl":"https:\/\/accessories.azdigi.shop\/wp-content\/uploads\/2026\/03\/di-1.jpeg","width":490,"height":371,"caption":"Accessories"},"image":{"@id":"https:\/\/accessories.azdigi.shop\/#\/schema\/logo\/image\/"}}]}},"_links":{"self":[{"href":"https:\/\/accessories.azdigi.shop\/index.php\/wp-json\/wp\/v2\/product\/318","targetHints":{"allow":["GET"]}}],"collection":[{"href":"https:\/\/accessories.azdigi.shop\/index.php\/wp-json\/wp\/v2\/product"}],"about":[{"href":"https:\/\/accessories.azdigi.shop\/index.php\/wp-json\/wp\/v2\/types\/product"}],"replies":[{"embeddable":true,"href":"https:\/\/accessories.azdigi.shop\/index.php\/wp-json\/wp\/v2\/comments?post=318"}],"wp:featuredmedia":[{"embeddable":true,"href":"https:\/\/accessories.azdigi.shop\/index.php\/wp-json\/wp\/v2\/media\/324"}],"wp:attachment":[{"href":"https:\/\/accessories.azdigi.shop\/index.php\/wp-json\/wp\/v2\/media?parent=318"}],"wp:term":[{"taxonomy":"product_brand","embeddable":true,"href":"https:\/\/accessories.azdigi.shop\/index.php\/wp-json\/wp\/v2\/product_brand?post=318"},{"taxonomy":"product_cat","embeddable":true,"href":"https:\/\/accessories.azdigi.shop\/index.php\/wp-json\/wp\/v2\/product_cat?post=318"},{"taxonomy":"product_tag","embeddable":true,"href":"https:\/\/accessories.azdigi.shop\/index.php\/wp-json\/wp\/v2\/product_tag?post=318"}],"curies":[{"name":"wp","href":"https:\/\/api.w.org\/{rel}","templated":true}]}}