{"id":333,"date":"2026-04-08T16:07:48","date_gmt":"2026-04-08T16:07:48","guid":{"rendered":"https:\/\/accessories.azdigi.shop\/?post_type=product&#038;p=333"},"modified":"2026-04-08T16:07:49","modified_gmt":"2026-04-08T16:07:49","slug":"belt-y2k-that-lung","status":"publish","type":"product","link":"https:\/\/accessories.azdigi.shop\/index.php\/product\/belt-y2k-that-lung\/","title":{"rendered":"Belt Y2K Th\u1eaft L\u01b0ng N\u1eef L\u1ed7 H\u00ecnh Ng\u00f4i Sao Phong C\u00e1ch Y2K"},"content":{"rendered":"<p>REBELT Y2K &#8211; Th\u1eaft l\u01b0ng n\u1eef l\u1ed7 h\u00ecnh sao phong c\u00e1ch y2k b\u1ea3n nh\u1ecf 1.8cm m\u00e0u v\u00e0ng, h\u1ed3ng, tr\u1eafng, \u0111en TL448<\/p>\n<p>M\u00f4 t\u1ea3 s\u1ea3n ph\u1ea9m<\/p>\n<p>-Ch\u1ea5t li\u1ec7u: Da PU<\/p>\n<p>-K\u00edch th\u01b0\u1edbc: B\u1ea3n nh\u1ecf 1.8cm \u0111a d\u1ea1ng ph\u1ed1i m\u00e0u ph\u00f9 h\u1ee3p v\u1edbi nhi\u1ec1u lo\u1ea1i trang ph\u1ee5c kh\u00e1c nhau.<\/p>\n<p>-Chi\u1ec1u d\u00e0i 100cm ph\u00f9 h\u1ee3p eo d\u01b0\u1edbi 80cm<\/p>\n<p>-M\u00e3 s\u1ea3n ph\u1ea9m: TL448 H\u01b0\u1edbng d\u1eabn b\u1ea3o qu\u1ea3n<\/p>\n<p>&#8211; Lu\u00f4n gi\u1eef th\u1eaft l\u01b0ng \u1edf n\u01a1i tho\u00e1ng m\u00e1t, tr\u00e1nh \u1ea9m th\u1ea5p<\/p>\n<p>&#8211; N\u1ebfu d\u00e2y n\u1ecbt b\u1ecb \u1ea9m \u01b0\u1edbt, b\u1ea1n d\u00f9ng kh\u0103n kh\u00f4 lau sau \u0111\u00f3 \u0111\u1ec3 kh\u00f4 t\u1ef1 nhi\u00ean \u1edf n\u01a1i tho\u00e1ng m\u00e1t, kh\u00f4ng n\u00ean ph\u01a1i tr\u1ef1c ti\u1ebfp d\u01b0\u1edbi \u00e1nh n\u1eafng m\u1eb7t tr\u1eddi gay g\u1eaft s\u1ebd khi\u1ebfn th\u1eaft l\u01b0ng b\u1ecb bong tr\u00f3c, n\u1ee9t d\u00e2y.<\/p>\n<p>&#8211; Khi s\u1eed d\u1ee5ng xong, b\u1ea1n n\u00ean th\u00e1o d\u00e2y th\u1eaft l\u01b0ng ra kh\u1ecfi qu\u1ea7n v\u00e0 lu\u00f4n treo d\u00e2y theo h\u01b0\u1edbng th\u1eafng \u0111\u1ee9ng, kh\u00f4ng g\u1eadp d\u00e2y khi\u1ebfn d\u00e2y n\u1ecbt b\u1ecb cong v\u1eb9o, bi\u1ebfn d\u1ea1ng.<\/p>\n<p>H\u00e0ng c\u00f3 s\u1eb5n, giao h\u00e0ng ngay khi nh\u1eadn \u0111\u01b0\u1ee3c \u0111\u01a1n<\/p>\n<p>Ho\u00e0n ti\u1ec1n n\u1ebfu s\u1ea3n ph\u1ea9m kh\u00f4ng gi\u1ed1ng v\u1edbi m\u00f4 t\u1ea3<\/p>\n<p>Giao h\u00e0ng tr\u00ean to\u00e0n qu\u1ed1c, nh\u1eadn h\u00e0ng tr\u1ea3 ti\u1ec1n<\/p>\n<h1>H\u1ed7 tr\u1ee3 \u0111\u1ed1i tr\u1ea3 theo quy \u0111\u1ecbnh c\u1ee7a s\u00e0n<\/h1>\n<p>1. \u0110i\u1ec1u ki\u1ec7n \u00e1p d\u1ee5ng cho th\u1eaft l\u01b0ng<\/p>\n<p>&#8211; H\u00e0ng hoa v\u1eabn c\u00f2n m\u1edbi, ch\u01b0a qua s\u1eed d\u1ee5ng &#8211; H\u00e0ng ho\u00e1 b\u1ecb l\u1ed7i ho\u1eb7c h\u01b0 h\u1ecfng do v\u1eadn chuy\u1ec3n ho\u1eb7c do nh\u00e0 s\u1ea3n xu\u1ea5t 2. Tr\u01b0\u1eddng h\u1ee3p \u0111\u01b0\u1ee3c ch\u1ea5p nh\u1eadn cho d\u00e2y n\u1ecbt: &#8211; H\u00e0ng kh\u00f4ng \u0111\u00fang size, ki\u1ec3u d\u00e1ng nh\u01b0 qu\u00fd kh\u00e1ch \u0111\u1eb7t h\u00e0ng &#8211; Kh\u00f4ng \u0111\u1ee7 s\u1ed1 l\u01b0\u1ee3ng, kh\u00f4ng \u0111\u1ee7 b\u1ed9 nh\u01b0 trong \u0111\u01a1n h\u00e0ng 3. Tr\u01b0\u1eddng h\u1ee3p kh\u00f4ng \u0111\u1ee7 \u0111i\u1ec1u ki\u1ec7n \u00e1p d\u1ee5ng ch\u00ednh s\u00e1ch cho d\u00e2y G\u1eedi l\u1ea1i h\u00e0ng kh\u00f4ng \u0111\u00fang m\u1eabu m\u00e3, kh\u00f4ng ph\u1ea3i s\u1ea3n ph\u1ea9m c\u1ee7a Rebelt &#8211; Kh\u00f4ng th\u00edch, kh\u00f4ng h\u1ee3p, \u0111\u1eb7t nh\u1ea7m m\u00e3, nh\u1ea7m m\u00e0u,&#8230; Do m\u00e0n h\u00ecnh v\u00e0 \u0111i\u1ec1u ki\u1ec7n \u00e1nh s\u00e1ng kh\u00e1c nhau, m\u00e0u s\u1eafc th\u1ef1c t\u1ebf c\u1ee7a s\u1ea3n ph\u1ea9m c\u00f3 th\u1ec3 ch\u00eanh l\u1ec7ch kho\u1ea3ng 3-5%<\/p>\n","protected":false},"excerpt":{"rendered":"<p>REBELT Y2K &#8211; Th\u1eaft l\u01b0ng n\u1eef l\u1ed7 h\u00ecnh sao phong c\u00e1ch y2k b\u1ea3n nh\u1ecf 1.8cm m\u00e0u v\u00e0ng, h\u1ed3ng, tr\u1eafng, \u0111en TL448 M\u00f4 t\u1ea3 s\u1ea3n ph\u1ea9m -Ch\u1ea5t li\u1ec7u: Da PU -K\u00edch th\u01b0\u1edbc: B\u1ea3n nh\u1ecf 1.8cm \u0111a d\u1ea1ng ph\u1ed1i m\u00e0u ph\u00f9 h\u1ee3p v\u1edbi nhi\u1ec1u lo\u1ea1i trang ph\u1ee5c kh\u00e1c nhau. -Chi\u1ec1u d\u00e0i 100cm ph\u00f9 h\u1ee3p eo d\u01b0\u1edbi 80cm [&#8230;]\n","protected":false},"featured_media":338,"comment_status":"open","ping_status":"closed","template":"","meta":[],"product_brand":[],"product_cat":[34],"product_tag":[],"class_list":{"0":"post-333","1":"product","2":"type-product","3":"status-publish","4":"has-post-thumbnail","6":"product_cat-that-lung","8":"first","9":"instock","10":"shipping-taxable","11":"purchasable","12":"product-type-variable"},"yoast_head":"<!-- This site is optimized with the Yoast SEO plugin v27.3 - https:\/\/yoast.com\/product\/yoast-seo-wordpress\/ -->\n<title>Belt Y2K Th\u1eaft L\u01b0ng N\u1eef L\u1ed7 H\u00ecnh Ng\u00f4i Sao Phong C\u00e1ch Y2K - Accessories<\/title>\n<meta name=\"robots\" content=\"index, follow, max-snippet:-1, max-image-preview:large, max-video-preview:-1\" \/>\n<link rel=\"canonical\" href=\"https:\/\/accessories.azdigi.shop\/index.php\/product\/belt-y2k-that-lung\/\" \/>\n<meta property=\"og:locale\" content=\"vi_VN\" \/>\n<meta property=\"og:type\" content=\"article\" \/>\n<meta property=\"og:title\" content=\"Belt Y2K Th\u1eaft L\u01b0ng N\u1eef L\u1ed7 H\u00ecnh Ng\u00f4i Sao Phong C\u00e1ch Y2K - Accessories\" \/>\n<meta property=\"og:description\" content=\"REBELT Y2K &#8211; Th\u1eaft l\u01b0ng n\u1eef l\u1ed7 h\u00ecnh sao phong c\u00e1ch y2k b\u1ea3n nh\u1ecf 1.8cm m\u00e0u v\u00e0ng, h\u1ed3ng, tr\u1eafng, \u0111en TL448 M\u00f4 t\u1ea3 s\u1ea3n ph\u1ea9m -Ch\u1ea5t li\u1ec7u: Da PU -K\u00edch th\u01b0\u1edbc: B\u1ea3n nh\u1ecf 1.8cm \u0111a d\u1ea1ng ph\u1ed1i m\u00e0u ph\u00f9 h\u1ee3p v\u1edbi nhi\u1ec1u lo\u1ea1i trang ph\u1ee5c kh\u00e1c nhau. -Chi\u1ec1u d\u00e0i 100cm ph\u00f9 h\u1ee3p eo d\u01b0\u1edbi 80cm [...]\" \/>\n<meta property=\"og:url\" content=\"https:\/\/accessories.azdigi.shop\/index.php\/product\/belt-y2k-that-lung\/\" \/>\n<meta property=\"og:site_name\" content=\"Accessories\" \/>\n<meta property=\"article:modified_time\" content=\"2026-04-08T16:07:49+00:00\" \/>\n<meta property=\"og:image\" content=\"https:\/\/accessories.azdigi.shop\/wp-content\/uploads\/2026\/04\/z7705687634462_a523f632bac3d565485eae48ef62a8d5.jpg\" \/>\n\t<meta property=\"og:image:width\" content=\"1290\" \/>\n\t<meta property=\"og:image:height\" content=\"1025\" \/>\n\t<meta property=\"og:image:type\" content=\"image\/jpeg\" \/>\n<meta name=\"twitter:card\" content=\"summary_large_image\" \/>\n<meta name=\"twitter:label1\" content=\"\u01af\u1edbc t\u00ednh th\u1eddi gian \u0111\u1ecdc\" \/>\n\t<meta name=\"twitter:data1\" content=\"2 ph\u00fat\" \/>\n<script type=\"application\/ld+json\" class=\"yoast-schema-graph\">{\"@context\":\"https:\\\/\\\/schema.org\",\"@graph\":[{\"@type\":\"WebPage\",\"@id\":\"https:\\\/\\\/accessories.azdigi.shop\\\/index.php\\\/product\\\/belt-y2k-that-lung\\\/\",\"url\":\"https:\\\/\\\/accessories.azdigi.shop\\\/index.php\\\/product\\\/belt-y2k-that-lung\\\/\",\"name\":\"Belt Y2K Th\u1eaft L\u01b0ng N\u1eef L\u1ed7 H\u00ecnh Ng\u00f4i Sao Phong C\u00e1ch Y2K - Accessories\",\"isPartOf\":{\"@id\":\"https:\\\/\\\/accessories.azdigi.shop\\\/#website\"},\"primaryImageOfPage\":{\"@id\":\"https:\\\/\\\/accessories.azdigi.shop\\\/index.php\\\/product\\\/belt-y2k-that-lung\\\/#primaryimage\"},\"image\":{\"@id\":\"https:\\\/\\\/accessories.azdigi.shop\\\/index.php\\\/product\\\/belt-y2k-that-lung\\\/#primaryimage\"},\"thumbnailUrl\":\"https:\\\/\\\/accessories.azdigi.shop\\\/wp-content\\\/uploads\\\/2026\\\/04\\\/z7705687634462_a523f632bac3d565485eae48ef62a8d5.jpg\",\"datePublished\":\"2026-04-08T16:07:48+00:00\",\"dateModified\":\"2026-04-08T16:07:49+00:00\",\"breadcrumb\":{\"@id\":\"https:\\\/\\\/accessories.azdigi.shop\\\/index.php\\\/product\\\/belt-y2k-that-lung\\\/#breadcrumb\"},\"inLanguage\":\"vi\",\"potentialAction\":[{\"@type\":\"ReadAction\",\"target\":[\"https:\\\/\\\/accessories.azdigi.shop\\\/index.php\\\/product\\\/belt-y2k-that-lung\\\/\"]}]},{\"@type\":\"ImageObject\",\"inLanguage\":\"vi\",\"@id\":\"https:\\\/\\\/accessories.azdigi.shop\\\/index.php\\\/product\\\/belt-y2k-that-lung\\\/#primaryimage\",\"url\":\"https:\\\/\\\/accessories.azdigi.shop\\\/wp-content\\\/uploads\\\/2026\\\/04\\\/z7705687634462_a523f632bac3d565485eae48ef62a8d5.jpg\",\"contentUrl\":\"https:\\\/\\\/accessories.azdigi.shop\\\/wp-content\\\/uploads\\\/2026\\\/04\\\/z7705687634462_a523f632bac3d565485eae48ef62a8d5.jpg\",\"width\":1290,\"height\":1025},{\"@type\":\"BreadcrumbList\",\"@id\":\"https:\\\/\\\/accessories.azdigi.shop\\\/index.php\\\/product\\\/belt-y2k-that-lung\\\/#breadcrumb\",\"itemListElement\":[{\"@type\":\"ListItem\",\"position\":1,\"name\":\"Home\",\"item\":\"https:\\\/\\\/accessories.azdigi.shop\\\/\"},{\"@type\":\"ListItem\",\"position\":2,\"name\":\"Shop\",\"item\":\"https:\\\/\\\/accessories.azdigi.shop\\\/index.php\\\/shop\\\/\"},{\"@type\":\"ListItem\",\"position\":3,\"name\":\"Belt Y2K Th\u1eaft L\u01b0ng N\u1eef L\u1ed7 H\u00ecnh Ng\u00f4i Sao Phong C\u00e1ch Y2K\"}]},{\"@type\":\"WebSite\",\"@id\":\"https:\\\/\\\/accessories.azdigi.shop\\\/#website\",\"url\":\"https:\\\/\\\/accessories.azdigi.shop\\\/\",\"name\":\"Accessories\",\"description\":\"\",\"publisher\":{\"@id\":\"https:\\\/\\\/accessories.azdigi.shop\\\/#organization\"},\"potentialAction\":[{\"@type\":\"SearchAction\",\"target\":{\"@type\":\"EntryPoint\",\"urlTemplate\":\"https:\\\/\\\/accessories.azdigi.shop\\\/?s={search_term_string}\"},\"query-input\":{\"@type\":\"PropertyValueSpecification\",\"valueRequired\":true,\"valueName\":\"search_term_string\"}}],\"inLanguage\":\"vi\"},{\"@type\":\"Organization\",\"@id\":\"https:\\\/\\\/accessories.azdigi.shop\\\/#organization\",\"name\":\"Accessories\",\"url\":\"https:\\\/\\\/accessories.azdigi.shop\\\/\",\"logo\":{\"@type\":\"ImageObject\",\"inLanguage\":\"vi\",\"@id\":\"https:\\\/\\\/accessories.azdigi.shop\\\/#\\\/schema\\\/logo\\\/image\\\/\",\"url\":\"https:\\\/\\\/accessories.azdigi.shop\\\/wp-content\\\/uploads\\\/2026\\\/03\\\/di-1.jpeg\",\"contentUrl\":\"https:\\\/\\\/accessories.azdigi.shop\\\/wp-content\\\/uploads\\\/2026\\\/03\\\/di-1.jpeg\",\"width\":490,\"height\":371,\"caption\":\"Accessories\"},\"image\":{\"@id\":\"https:\\\/\\\/accessories.azdigi.shop\\\/#\\\/schema\\\/logo\\\/image\\\/\"}}]}<\/script>\n<!-- \/ Yoast SEO plugin. -->","yoast_head_json":{"title":"Belt Y2K Th\u1eaft L\u01b0ng N\u1eef L\u1ed7 H\u00ecnh Ng\u00f4i Sao Phong C\u00e1ch Y2K - Accessories","robots":{"index":"index","follow":"follow","max-snippet":"max-snippet:-1","max-image-preview":"max-image-preview:large","max-video-preview":"max-video-preview:-1"},"canonical":"https:\/\/accessories.azdigi.shop\/index.php\/product\/belt-y2k-that-lung\/","og_locale":"vi_VN","og_type":"article","og_title":"Belt Y2K Th\u1eaft L\u01b0ng N\u1eef L\u1ed7 H\u00ecnh Ng\u00f4i Sao Phong C\u00e1ch Y2K - Accessories","og_description":"REBELT Y2K &#8211; Th\u1eaft l\u01b0ng n\u1eef l\u1ed7 h\u00ecnh sao phong c\u00e1ch y2k b\u1ea3n nh\u1ecf 1.8cm m\u00e0u v\u00e0ng, h\u1ed3ng, tr\u1eafng, \u0111en TL448 M\u00f4 t\u1ea3 s\u1ea3n ph\u1ea9m -Ch\u1ea5t li\u1ec7u: Da PU -K\u00edch th\u01b0\u1edbc: B\u1ea3n nh\u1ecf 1.8cm \u0111a d\u1ea1ng ph\u1ed1i m\u00e0u ph\u00f9 h\u1ee3p v\u1edbi nhi\u1ec1u lo\u1ea1i trang ph\u1ee5c kh\u00e1c nhau. -Chi\u1ec1u d\u00e0i 100cm ph\u00f9 h\u1ee3p eo d\u01b0\u1edbi 80cm [...]","og_url":"https:\/\/accessories.azdigi.shop\/index.php\/product\/belt-y2k-that-lung\/","og_site_name":"Accessories","article_modified_time":"2026-04-08T16:07:49+00:00","og_image":[{"width":1290,"height":1025,"url":"https:\/\/accessories.azdigi.shop\/wp-content\/uploads\/2026\/04\/z7705687634462_a523f632bac3d565485eae48ef62a8d5.jpg","type":"image\/jpeg"}],"twitter_card":"summary_large_image","twitter_misc":{"\u01af\u1edbc t\u00ednh th\u1eddi gian \u0111\u1ecdc":"2 ph\u00fat"},"schema":{"@context":"https:\/\/schema.org","@graph":[{"@type":"WebPage","@id":"https:\/\/accessories.azdigi.shop\/index.php\/product\/belt-y2k-that-lung\/","url":"https:\/\/accessories.azdigi.shop\/index.php\/product\/belt-y2k-that-lung\/","name":"Belt Y2K Th\u1eaft L\u01b0ng N\u1eef L\u1ed7 H\u00ecnh Ng\u00f4i Sao Phong C\u00e1ch Y2K - Accessories","isPartOf":{"@id":"https:\/\/accessories.azdigi.shop\/#website"},"primaryImageOfPage":{"@id":"https:\/\/accessories.azdigi.shop\/index.php\/product\/belt-y2k-that-lung\/#primaryimage"},"image":{"@id":"https:\/\/accessories.azdigi.shop\/index.php\/product\/belt-y2k-that-lung\/#primaryimage"},"thumbnailUrl":"https:\/\/accessories.azdigi.shop\/wp-content\/uploads\/2026\/04\/z7705687634462_a523f632bac3d565485eae48ef62a8d5.jpg","datePublished":"2026-04-08T16:07:48+00:00","dateModified":"2026-04-08T16:07:49+00:00","breadcrumb":{"@id":"https:\/\/accessories.azdigi.shop\/index.php\/product\/belt-y2k-that-lung\/#breadcrumb"},"inLanguage":"vi","potentialAction":[{"@type":"ReadAction","target":["https:\/\/accessories.azdigi.shop\/index.php\/product\/belt-y2k-that-lung\/"]}]},{"@type":"ImageObject","inLanguage":"vi","@id":"https:\/\/accessories.azdigi.shop\/index.php\/product\/belt-y2k-that-lung\/#primaryimage","url":"https:\/\/accessories.azdigi.shop\/wp-content\/uploads\/2026\/04\/z7705687634462_a523f632bac3d565485eae48ef62a8d5.jpg","contentUrl":"https:\/\/accessories.azdigi.shop\/wp-content\/uploads\/2026\/04\/z7705687634462_a523f632bac3d565485eae48ef62a8d5.jpg","width":1290,"height":1025},{"@type":"BreadcrumbList","@id":"https:\/\/accessories.azdigi.shop\/index.php\/product\/belt-y2k-that-lung\/#breadcrumb","itemListElement":[{"@type":"ListItem","position":1,"name":"Home","item":"https:\/\/accessories.azdigi.shop\/"},{"@type":"ListItem","position":2,"name":"Shop","item":"https:\/\/accessories.azdigi.shop\/index.php\/shop\/"},{"@type":"ListItem","position":3,"name":"Belt Y2K Th\u1eaft L\u01b0ng N\u1eef L\u1ed7 H\u00ecnh Ng\u00f4i Sao Phong C\u00e1ch Y2K"}]},{"@type":"WebSite","@id":"https:\/\/accessories.azdigi.shop\/#website","url":"https:\/\/accessories.azdigi.shop\/","name":"Accessories","description":"","publisher":{"@id":"https:\/\/accessories.azdigi.shop\/#organization"},"potentialAction":[{"@type":"SearchAction","target":{"@type":"EntryPoint","urlTemplate":"https:\/\/accessories.azdigi.shop\/?s={search_term_string}"},"query-input":{"@type":"PropertyValueSpecification","valueRequired":true,"valueName":"search_term_string"}}],"inLanguage":"vi"},{"@type":"Organization","@id":"https:\/\/accessories.azdigi.shop\/#organization","name":"Accessories","url":"https:\/\/accessories.azdigi.shop\/","logo":{"@type":"ImageObject","inLanguage":"vi","@id":"https:\/\/accessories.azdigi.shop\/#\/schema\/logo\/image\/","url":"https:\/\/accessories.azdigi.shop\/wp-content\/uploads\/2026\/03\/di-1.jpeg","contentUrl":"https:\/\/accessories.azdigi.shop\/wp-content\/uploads\/2026\/03\/di-1.jpeg","width":490,"height":371,"caption":"Accessories"},"image":{"@id":"https:\/\/accessories.azdigi.shop\/#\/schema\/logo\/image\/"}}]}},"_links":{"self":[{"href":"https:\/\/accessories.azdigi.shop\/index.php\/wp-json\/wp\/v2\/product\/333","targetHints":{"allow":["GET"]}}],"collection":[{"href":"https:\/\/accessories.azdigi.shop\/index.php\/wp-json\/wp\/v2\/product"}],"about":[{"href":"https:\/\/accessories.azdigi.shop\/index.php\/wp-json\/wp\/v2\/types\/product"}],"replies":[{"embeddable":true,"href":"https:\/\/accessories.azdigi.shop\/index.php\/wp-json\/wp\/v2\/comments?post=333"}],"wp:featuredmedia":[{"embeddable":true,"href":"https:\/\/accessories.azdigi.shop\/index.php\/wp-json\/wp\/v2\/media\/338"}],"wp:attachment":[{"href":"https:\/\/accessories.azdigi.shop\/index.php\/wp-json\/wp\/v2\/media?parent=333"}],"wp:term":[{"taxonomy":"product_brand","embeddable":true,"href":"https:\/\/accessories.azdigi.shop\/index.php\/wp-json\/wp\/v2\/product_brand?post=333"},{"taxonomy":"product_cat","embeddable":true,"href":"https:\/\/accessories.azdigi.shop\/index.php\/wp-json\/wp\/v2\/product_cat?post=333"},{"taxonomy":"product_tag","embeddable":true,"href":"https:\/\/accessories.azdigi.shop\/index.php\/wp-json\/wp\/v2\/product_tag?post=333"}],"curies":[{"name":"wp","href":"https:\/\/api.w.org\/{rel}","templated":true}]}}