{"id":343,"date":"2026-04-08T16:24:34","date_gmt":"2026-04-08T16:24:34","guid":{"rendered":"https:\/\/accessories.azdigi.shop\/?post_type=product&#038;p=343"},"modified":"2026-04-08T16:24:34","modified_gmt":"2026-04-08T16:24:34","slug":"set-nhan-phong-cach-bohemia-au-my","status":"publish","type":"product","link":"https:\/\/accessories.azdigi.shop\/index.php\/product\/set-nhan-phong-cach-bohemia-au-my\/","title":{"rendered":"Set Nh\u1eabn Phong C\u00e1ch Bohemia, \u00c2u M\u1ef9"},"content":{"rendered":"<div class=\"chat-item flx  chat-item-audit chat-item-spacing --s1 me\">\n<div class=\"chat-content flx flx-col flx-cell chat-content-audit\">\n<div id=\"bb_msg_id_1775664922876\" class=\"chat-message chat-message-v2 wrap-message rotate-container me -send-time -reaction\" data-component=\"bubble-message\">\n<div class=\"message-wrapper message-wrapper--me\">\n<div class=\"message-content-wrapper\">\n<div class=\"message-content-render focused-background\">\n<div id=\"message-frame_1775664922876\" class=\" me  card shadow-bubble message-frame focused-item focused-item--has-border\" data-component=\"message-content-view\" data-qid=\"7705715695446@1775664922876_0_551880139454597680\">\n<div class=\"\" data-id=\"div_DisabledTargetEventLayer\">\n<div class=\"message-action\">\n<div id=\"text-mCntr_7705715695446-1775664922876-0-551880139454597680\" class=\"text-message__container\" data-id=\"div_SentMsg_Text\">\n<div>\n<div class=\"overflow-hidden\" data-component=\"message-text-content\"><a href=\"https:\/\/accessories.azdigi.shop\" target=\"_blank\" rel=\"noopener\"><span class=\"text\">Nh\u1eabn ch\u00e0o m\u1eebng b\u1ea1n \u0111\u1ebfn v\u1edbi c\u1eeda h\u00e0ng c\u1ee7a t\u00f4i <\/span><\/a><\/div>\n<div class=\"overflow-hidden\" data-component=\"message-text-content\"><span class=\"text\">&#8211; H\u00e3y \u0111\u1ec3 v\u1ebb \u0111\u1eb9p lu\u00f4n \u1edf b\u00ean b\u1ea1n! T\u1eadp trung v\u00e0o c\u00e1c ph\u1ee5 ki\u1ec7n th\u1eddi trang trong 15 n\u0103m, ch\u00fang t\u00f4i s\u1ea3n xu\u1ea5t v\u00e0 b\u00e1n c\u00e1c s\u1ea3n ph\u1ea9m c\u1ee7a ri\u00eang m\u00ecnh v\u00e0 ki\u1ebfm so\u00e1t ch\u1ea5t l\u01b0\u1ee3ng nghi\u00eam ng\u1eb7t. <\/span><\/div>\n<div class=\"overflow-hidden\" data-component=\"message-text-content\"><span class=\"text\">Nh\u1eabn,d\u00e2y chuy\u1ec1n, b\u00f4ng tai, v\u00f2ng tay v\u00e0 c\u00e1c s\u1ea3n ph\u1ea9m kh\u00e1c \u0111ang b\u00e1n ch\u1ea1y tr\u00ean to\u00e0n th\u1ebf gi\u1edbi.<\/span><\/div>\n<div class=\"overflow-hidden\" data-component=\"message-text-content\"><span class=\"text\"> H\u1ecd gi\u1ea3i th\u00edch c\u1ea3m h\u1ee9ng thi\u1ebft k\u1ebf v\u1edbi gi\u00e1 c\u1ea3 ph\u1ea3i ch\u0103ng, cho ph\u00e9p b\u1ea1n t\u1eadn h\u01b0\u1edfng m\u1ed9t tu\u1ea7n l\u00e0m \u0111\u1eb9p v\u1edbi chi ph\u00ed c\u1ee7a m\u1ed9t t\u00e1ch c\u00e0 ph\u00ea. <\/span><\/div>\n<h1 class=\"overflow-hidden\" data-component=\"message-text-content\"><span class=\"text\"><a href=\"https:\/\/share.google\/BfXzLCSBBMH9In3on\" target=\"_blank\" rel=\"noopener\">L\u01b0u \u00fd:<\/a> \u00a0\u0111\u1eb7t h\u00e0ng c\u1ee7a b\u1ea1n \u0111\u1ec3 \u0111\u01b0\u1ee3c h\u01b0\u1edfng \u01b0u ti\u00ean v\u1eadn chuy\u1ec3n<\/span><\/h1>\n<div class=\"overflow-hidden\" data-component=\"message-text-content\"><span class=\"text\"> 1.Nh\u1eabn c\u00f3 ch\u1ea5t li\u1ec7u: Kh\u00e1c<\/span><\/div>\n<div class=\"overflow-hidden\" data-component=\"message-text-content\"><span class=\"text\"> 2. Th\u1eddi gian: 2025<\/span><\/div>\n<div class=\"overflow-hidden\" data-component=\"message-text-content\"><span class=\"text\"> 3. Ch\u1ea5t li\u1ec7u: h\u1ee3p kim, \u0111\u00e1 pha l\u00ea, nh\u1ef1a <\/span><\/div>\n<div class=\"overflow-hidden\" data-component=\"message-text-content\"><span class=\"text\">4. Bao b\u00ec: m\u1ed7i g\u00f3i 7 chi\u1ebfc nh\u1eabn<\/span><\/div>\n<div class=\"overflow-hidden\" data-component=\"message-text-content\"><span class=\"text\"> 5. K\u00edch th\u01b0\u1edbc: theo h\u00ecnh \u1ea3nh minh h\u1ecda <\/span><\/div>\n<div class=\"overflow-hidden\" data-component=\"message-text-content\"><span class=\"text\">1.Thi\u1ebft k\u1ebf th\u1ee7 c\u00f4ng: L\u1ef1a ch\u1ecdn ch\u1ea5t li\u1ec7u cao c\u1ea5p v\u00e0 \u0111\u01b0\u1ee3c thi\u1ebft k\u1ebf t\u1ec9 m\u1ec9, d\u1ec5 d\u00e0ng t\u00f4 \u0111i\u1ec3m trang ph\u1ee5c h\u00e0ng ng\u00e0y v\u00e0 l\u00e0m n\u1ed5i b\u1eadt s\u1edf th\u00edch c\u00e1 nh\u00e2n.<\/span><\/div>\n<div class=\"overflow-hidden\" data-component=\"message-text-content\"><span class=\"text\"> 2. K\u1ef9 thu\u1eadt th\u1ee7 c\u00f4ng tinh t\u1ebf: S\u1eed d\u1ee5ng c\u00f4ng ngh\u1ec7 ti\u00ean ti\u1ec1n, n\u00f3 s\u00e1ng v\u00e0 l\u00e2u d\u00e0i, tho\u1ea3i m\u00e1i khi \u0111eo v\u00e0 th\u00e2n thi\u1ec7n v\u1edbi l\u00e0n da.<\/span><\/div>\n<div class=\"overflow-hidden\" data-component=\"message-text-content\"><span class=\"text\"> 3. S\u1ef1 l\u1ef1a ch\u1ecdn \u0111a n\u0103ng: Cho d\u00f9 \u0111\u00f3 l\u00e0 \u0111i l\u00e0m, h\u1eb9n h\u00f2 hay d\u1ef1 ti\u1ec7c, n\u00f3 c\u00f3 th\u1ec3 l\u00e0 \u0111i\u1ec3m nh\u1ea5n ho\u00e0n thi\u1ec7n, ngay l\u1eadp t\u1ee9c n\u00e2ng cao <\/span><\/div>\n<div class=\"overflow-hidden\" data-component=\"message-text-content\"><span class=\"text\">T\u1ea5t c\u1ea3 c\u00e1c h\u00ecnh \u1ea3nh s\u1ea3n ph\u1ea9m \u0111\u01b0\u1ee3c ch\u1ee5p c\u1ee7a c\u00e1c m\u1eb7t h\u00e0ng th\u1ef1c t\u1ebf.<\/span><\/div>\n<div class=\"overflow-hidden\" data-component=\"message-text-content\"><span class=\"text\"> M\u00e0u s\u1eafc th\u1ef1c t\u1ebf c\u00f3 th\u1ec3 kh\u00e1c v\u1edbi h\u00ecnh \u1ea3nh. Xin vui l\u00f2ng lua chon can than. <\/span><\/div>\n<div class=\"overflow-hidden\" data-component=\"message-text-content\"><span class=\"text\">2. N\u1ebfu kim b\u1ea1c c\u1ee7a b\u00f4ng tai b\u1ecb cong, \u0111\u00f3 l\u00e0 hi\u1ec7n t\u01b0\u1ee3ng b\u00ecnh th\u01b0\u1eddng v\u00e0 kh\u00f4ng ph\u1ea3i l\u00e0 v\u1ea5n \u0111\u1ec1 ch\u1ea5t l\u01b0\u1ee3ng.\u00a0<\/span><\/div>\n<div class=\"overflow-hidden\" data-component=\"message-text-content\"><span class=\"text\">3. C\u00e1c s\u1ea3n ph\u1ea9m c\u1ee7a c\u1eeda h\u00e0ng ch\u00fang t\u00f4i bao g\u1ed3m v\u00e0ng, kim c\u01b0\u01a1ng, \u0111\u00e3 qu\u00fd v\u00e0 ng\u1ecdc trai, t\u1ea5t c\u1ea3 \u0111\u1ec1u \u0111\u01b0\u1ee3c m\u1ea1 \u0111i\u1ec7n ho\u1eb7c l\u00e0m b\u1eb1ng v\u1eadt li\u1ec7u nh\u00e2n t\u1ea1o.<\/span><\/div>\n<div class=\"overflow-hidden\" data-component=\"message-text-content\"><span class=\"text\"> 4. B\u00f4ng tai \/ v\u00f2ng c\u1ed5 \/ v\u00f2ng tay kim lo\u1ea1i ph\u1ea3i tr\u00e1nh xa n\u01b0\u1edbc v\u00e0 h\u00f3a ch\u1ea5t (nh\u01b0 n\u01b0\u1edbc hoa, kem d\u01b0\u1ee1ng da, ch\u1ea5t t\u1ea9y r\u1eeda). Vui l\u00f2ng th\u00e1o n\u00f3 ra tr\u01b0\u1edbc khi r\u1eeda b\u00e1t, t\u1eadp th\u1ec3 d\u1ee5c ho\u1eb7c b\u01a1i l\u1ed9i. <\/span><\/div>\n<h1 class=\"overflow-hidden\" data-component=\"message-text-content\"><span class=\"text\">Th\u1eddi gian v\u1eadn chuy\u1ec3n: Sau khi b\u1ea1n \u0111\u1eb7t h\u00e0ng, kho h\u00e0ng s\u1ebd g\u1eedi h\u00e0ng trong v\u00f2ng 24h. <\/span><\/h1>\n<div class=\"overflow-hidden\" data-component=\"message-text-content\"><span class=\"text\">Nh\u1eabn N\u00f3i chung, g\u00f3i h\u00e0ng s\u1ebd \u0111\u01b0\u1ee3c giao trong v\u00f2ng 7 \u0111\u1ebfn 10 ng\u00e0y.<\/span><\/div>\n<div class=\"overflow-hidden\" data-component=\"message-text-content\"><span class=\"text\"> N\u1ebfu s\u1ea3n ph\u1ea9m b\u1ea1n nh\u1eadn \u0111\u01b0\u1ee3c b\u1ecb h\u01b0 h\u1ecfng, <\/span><\/div>\n<div class=\"overflow-hidden\" data-component=\"message-text-content\"><span class=\"text\">Vui l\u00f2ng li\u00ean h\u1ec7 v\u1edbi b\u1ed9 ph\u1eadn ch\u0103m s\u00f3c kh\u00e1ch h\u00e0ng c\u1ee7a c\u1eeda h\u00e0ng k\u1ecbp th\u1eddi v\u00e0 ch\u00fang t\u00f4i s\u1ebd cung c\u1ea5p cho b\u1ea1n gi\u1ea3i ph\u00e1p th\u1ecfa \u0111\u00e1ng.\u00a0<\/span><\/div>\n<\/div>\n<\/div>\n<\/div>\n<\/div>\n<\/div>\n<div class=\"floating-menu-wrapper floating-menu-wrapper--me\">\n<div><\/div>\n<\/div>\n<\/div>\n<div class=\"message-reaction-v2-space\"><\/div>\n<\/div>\n<\/div>\n<\/div>\n<\/div>\n<\/div>\n<div class=\"chat-item flx  chat-item-audit chat-item-spacing --s1 me\">\n<div class=\"chat-content flx flx-col flx-cell chat-content-audit\">\n<div id=\"bb_msg_id_1775664922877\" class=\"chat-message chat-message-v2 wrap-message rotate-container me -send-time -reaction\" data-component=\"bubble-message\">\n<div class=\"message-wrapper message-wrapper--me\">\n<div class=\"message-content-wrapper\">\n<div class=\"message-content-render focused-background\">\n<div id=\"message-frame_1775664922877\" class=\" me  card shadow-bubble message-frame focused-item focused-item--has-border\" data-component=\"message-content-view\" data-qid=\"7705715699177@1775664922877_0_551880139454597680\">\n<div class=\"\" data-id=\"div_DisabledTargetEventLayer\">\n<div class=\"message-action\">\n<div id=\"text-mCntr_7705715699177-1775664922877-0-551880139454597680\" class=\"text-message__container\" data-id=\"div_SentMsg_Text\">\n<div><\/div>\n<\/div>\n<\/div>\n<\/div>\n<\/div>\n<\/div>\n<\/div>\n<\/div>\n<\/div>\n<\/div>\n<\/div>\n","protected":false},"excerpt":{"rendered":"<p>Nh\u1eabn ch\u00e0o m\u1eebng b\u1ea1n \u0111\u1ebfn v\u1edbi c\u1eeda h\u00e0ng c\u1ee7a t\u00f4i &#8211; H\u00e3y \u0111\u1ec3 v\u1ebb \u0111\u1eb9p lu\u00f4n \u1edf b\u00ean b\u1ea1n! T\u1eadp trung v\u00e0o c\u00e1c ph\u1ee5 ki\u1ec7n th\u1eddi trang trong 15 n\u0103m, ch\u00fang t\u00f4i s\u1ea3n xu\u1ea5t v\u00e0 b\u00e1n c\u00e1c s\u1ea3n ph\u1ea9m c\u1ee7a ri\u00eang m\u00ecnh v\u00e0 ki\u1ebfm so\u00e1t ch\u1ea5t l\u01b0\u1ee3ng nghi\u00eam ng\u1eb7t. Nh\u1eabn,d\u00e2y chuy\u1ec1n, b\u00f4ng tai, v\u00f2ng tay [&#8230;]\n","protected":false},"featured_media":349,"comment_status":"open","ping_status":"closed","template":"","meta":[],"product_brand":[],"product_cat":[33],"product_tag":[],"class_list":{"0":"post-343","1":"product","2":"type-product","3":"status-publish","4":"has-post-thumbnail","6":"product_cat-nhan","8":"first","9":"instock","10":"shipping-taxable","11":"purchasable","12":"product-type-variable"},"yoast_head":"<!-- This site is optimized with the Yoast SEO plugin v27.3 - https:\/\/yoast.com\/product\/yoast-seo-wordpress\/ -->\n<title>Set Nh\u1eabn Phong C\u00e1ch Bohemia, \u00c2u M\u1ef9 - Accessories<\/title>\n<meta name=\"robots\" content=\"index, follow, max-snippet:-1, max-image-preview:large, max-video-preview:-1\" \/>\n<link rel=\"canonical\" href=\"https:\/\/accessories.azdigi.shop\/index.php\/product\/set-nhan-phong-cach-bohemia-au-my\/\" \/>\n<meta property=\"og:locale\" content=\"vi_VN\" \/>\n<meta property=\"og:type\" content=\"article\" \/>\n<meta property=\"og:title\" content=\"Set Nh\u1eabn Phong C\u00e1ch Bohemia, \u00c2u M\u1ef9 - Accessories\" \/>\n<meta property=\"og:description\" content=\"Nh\u1eabn ch\u00e0o m\u1eebng b\u1ea1n \u0111\u1ebfn v\u1edbi c\u1eeda h\u00e0ng c\u1ee7a t\u00f4i &#8211; H\u00e3y \u0111\u1ec3 v\u1ebb \u0111\u1eb9p lu\u00f4n \u1edf b\u00ean b\u1ea1n! T\u1eadp trung v\u00e0o c\u00e1c ph\u1ee5 ki\u1ec7n th\u1eddi trang trong 15 n\u0103m, ch\u00fang t\u00f4i s\u1ea3n xu\u1ea5t v\u00e0 b\u00e1n c\u00e1c s\u1ea3n ph\u1ea9m c\u1ee7a ri\u00eang m\u00ecnh v\u00e0 ki\u1ebfm so\u00e1t ch\u1ea5t l\u01b0\u1ee3ng nghi\u00eam ng\u1eb7t. Nh\u1eabn,d\u00e2y chuy\u1ec1n, b\u00f4ng tai, v\u00f2ng tay [...]\" \/>\n<meta property=\"og:url\" content=\"https:\/\/accessories.azdigi.shop\/index.php\/product\/set-nhan-phong-cach-bohemia-au-my\/\" \/>\n<meta property=\"og:site_name\" content=\"Accessories\" \/>\n<meta property=\"og:image\" content=\"https:\/\/accessories.azdigi.shop\/wp-content\/uploads\/2026\/04\/z7705716113929_e0749ca19004718c074f217cd16ae8bb.jpg\" \/>\n\t<meta property=\"og:image:width\" content=\"958\" \/>\n\t<meta property=\"og:image:height\" content=\"1264\" \/>\n\t<meta property=\"og:image:type\" content=\"image\/jpeg\" \/>\n<meta name=\"twitter:card\" content=\"summary_large_image\" \/>\n<meta name=\"twitter:label1\" content=\"\u01af\u1edbc t\u00ednh th\u1eddi gian \u0111\u1ecdc\" \/>\n\t<meta name=\"twitter:data1\" content=\"3 ph\u00fat\" \/>\n<script type=\"application\/ld+json\" class=\"yoast-schema-graph\">{\"@context\":\"https:\\\/\\\/schema.org\",\"@graph\":[{\"@type\":\"WebPage\",\"@id\":\"https:\\\/\\\/accessories.azdigi.shop\\\/index.php\\\/product\\\/set-nhan-phong-cach-bohemia-au-my\\\/\",\"url\":\"https:\\\/\\\/accessories.azdigi.shop\\\/index.php\\\/product\\\/set-nhan-phong-cach-bohemia-au-my\\\/\",\"name\":\"Set Nh\u1eabn Phong C\u00e1ch Bohemia, \u00c2u M\u1ef9 - Accessories\",\"isPartOf\":{\"@id\":\"https:\\\/\\\/accessories.azdigi.shop\\\/#website\"},\"primaryImageOfPage\":{\"@id\":\"https:\\\/\\\/accessories.azdigi.shop\\\/index.php\\\/product\\\/set-nhan-phong-cach-bohemia-au-my\\\/#primaryimage\"},\"image\":{\"@id\":\"https:\\\/\\\/accessories.azdigi.shop\\\/index.php\\\/product\\\/set-nhan-phong-cach-bohemia-au-my\\\/#primaryimage\"},\"thumbnailUrl\":\"https:\\\/\\\/accessories.azdigi.shop\\\/wp-content\\\/uploads\\\/2026\\\/04\\\/z7705716113929_e0749ca19004718c074f217cd16ae8bb.jpg\",\"datePublished\":\"2026-04-08T16:24:34+00:00\",\"breadcrumb\":{\"@id\":\"https:\\\/\\\/accessories.azdigi.shop\\\/index.php\\\/product\\\/set-nhan-phong-cach-bohemia-au-my\\\/#breadcrumb\"},\"inLanguage\":\"vi\",\"potentialAction\":[{\"@type\":\"ReadAction\",\"target\":[\"https:\\\/\\\/accessories.azdigi.shop\\\/index.php\\\/product\\\/set-nhan-phong-cach-bohemia-au-my\\\/\"]}]},{\"@type\":\"ImageObject\",\"inLanguage\":\"vi\",\"@id\":\"https:\\\/\\\/accessories.azdigi.shop\\\/index.php\\\/product\\\/set-nhan-phong-cach-bohemia-au-my\\\/#primaryimage\",\"url\":\"https:\\\/\\\/accessories.azdigi.shop\\\/wp-content\\\/uploads\\\/2026\\\/04\\\/z7705716113929_e0749ca19004718c074f217cd16ae8bb.jpg\",\"contentUrl\":\"https:\\\/\\\/accessories.azdigi.shop\\\/wp-content\\\/uploads\\\/2026\\\/04\\\/z7705716113929_e0749ca19004718c074f217cd16ae8bb.jpg\",\"width\":958,\"height\":1264},{\"@type\":\"BreadcrumbList\",\"@id\":\"https:\\\/\\\/accessories.azdigi.shop\\\/index.php\\\/product\\\/set-nhan-phong-cach-bohemia-au-my\\\/#breadcrumb\",\"itemListElement\":[{\"@type\":\"ListItem\",\"position\":1,\"name\":\"Home\",\"item\":\"https:\\\/\\\/accessories.azdigi.shop\\\/\"},{\"@type\":\"ListItem\",\"position\":2,\"name\":\"Shop\",\"item\":\"https:\\\/\\\/accessories.azdigi.shop\\\/index.php\\\/shop\\\/\"},{\"@type\":\"ListItem\",\"position\":3,\"name\":\"Set Nh\u1eabn Phong C\u00e1ch Bohemia, \u00c2u M\u1ef9\"}]},{\"@type\":\"WebSite\",\"@id\":\"https:\\\/\\\/accessories.azdigi.shop\\\/#website\",\"url\":\"https:\\\/\\\/accessories.azdigi.shop\\\/\",\"name\":\"Accessories\",\"description\":\"\",\"publisher\":{\"@id\":\"https:\\\/\\\/accessories.azdigi.shop\\\/#organization\"},\"potentialAction\":[{\"@type\":\"SearchAction\",\"target\":{\"@type\":\"EntryPoint\",\"urlTemplate\":\"https:\\\/\\\/accessories.azdigi.shop\\\/?s={search_term_string}\"},\"query-input\":{\"@type\":\"PropertyValueSpecification\",\"valueRequired\":true,\"valueName\":\"search_term_string\"}}],\"inLanguage\":\"vi\"},{\"@type\":\"Organization\",\"@id\":\"https:\\\/\\\/accessories.azdigi.shop\\\/#organization\",\"name\":\"Accessories\",\"url\":\"https:\\\/\\\/accessories.azdigi.shop\\\/\",\"logo\":{\"@type\":\"ImageObject\",\"inLanguage\":\"vi\",\"@id\":\"https:\\\/\\\/accessories.azdigi.shop\\\/#\\\/schema\\\/logo\\\/image\\\/\",\"url\":\"https:\\\/\\\/accessories.azdigi.shop\\\/wp-content\\\/uploads\\\/2026\\\/03\\\/di-1.jpeg\",\"contentUrl\":\"https:\\\/\\\/accessories.azdigi.shop\\\/wp-content\\\/uploads\\\/2026\\\/03\\\/di-1.jpeg\",\"width\":490,\"height\":371,\"caption\":\"Accessories\"},\"image\":{\"@id\":\"https:\\\/\\\/accessories.azdigi.shop\\\/#\\\/schema\\\/logo\\\/image\\\/\"}}]}<\/script>\n<!-- \/ Yoast SEO plugin. -->","yoast_head_json":{"title":"Set Nh\u1eabn Phong C\u00e1ch Bohemia, \u00c2u M\u1ef9 - Accessories","robots":{"index":"index","follow":"follow","max-snippet":"max-snippet:-1","max-image-preview":"max-image-preview:large","max-video-preview":"max-video-preview:-1"},"canonical":"https:\/\/accessories.azdigi.shop\/index.php\/product\/set-nhan-phong-cach-bohemia-au-my\/","og_locale":"vi_VN","og_type":"article","og_title":"Set Nh\u1eabn Phong C\u00e1ch Bohemia, \u00c2u M\u1ef9 - Accessories","og_description":"Nh\u1eabn ch\u00e0o m\u1eebng b\u1ea1n \u0111\u1ebfn v\u1edbi c\u1eeda h\u00e0ng c\u1ee7a t\u00f4i &#8211; H\u00e3y \u0111\u1ec3 v\u1ebb \u0111\u1eb9p lu\u00f4n \u1edf b\u00ean b\u1ea1n! T\u1eadp trung v\u00e0o c\u00e1c ph\u1ee5 ki\u1ec7n th\u1eddi trang trong 15 n\u0103m, ch\u00fang t\u00f4i s\u1ea3n xu\u1ea5t v\u00e0 b\u00e1n c\u00e1c s\u1ea3n ph\u1ea9m c\u1ee7a ri\u00eang m\u00ecnh v\u00e0 ki\u1ebfm so\u00e1t ch\u1ea5t l\u01b0\u1ee3ng nghi\u00eam ng\u1eb7t. Nh\u1eabn,d\u00e2y chuy\u1ec1n, b\u00f4ng tai, v\u00f2ng tay [...]","og_url":"https:\/\/accessories.azdigi.shop\/index.php\/product\/set-nhan-phong-cach-bohemia-au-my\/","og_site_name":"Accessories","og_image":[{"width":958,"height":1264,"url":"https:\/\/accessories.azdigi.shop\/wp-content\/uploads\/2026\/04\/z7705716113929_e0749ca19004718c074f217cd16ae8bb.jpg","type":"image\/jpeg"}],"twitter_card":"summary_large_image","twitter_misc":{"\u01af\u1edbc t\u00ednh th\u1eddi gian \u0111\u1ecdc":"3 ph\u00fat"},"schema":{"@context":"https:\/\/schema.org","@graph":[{"@type":"WebPage","@id":"https:\/\/accessories.azdigi.shop\/index.php\/product\/set-nhan-phong-cach-bohemia-au-my\/","url":"https:\/\/accessories.azdigi.shop\/index.php\/product\/set-nhan-phong-cach-bohemia-au-my\/","name":"Set Nh\u1eabn Phong C\u00e1ch Bohemia, \u00c2u M\u1ef9 - Accessories","isPartOf":{"@id":"https:\/\/accessories.azdigi.shop\/#website"},"primaryImageOfPage":{"@id":"https:\/\/accessories.azdigi.shop\/index.php\/product\/set-nhan-phong-cach-bohemia-au-my\/#primaryimage"},"image":{"@id":"https:\/\/accessories.azdigi.shop\/index.php\/product\/set-nhan-phong-cach-bohemia-au-my\/#primaryimage"},"thumbnailUrl":"https:\/\/accessories.azdigi.shop\/wp-content\/uploads\/2026\/04\/z7705716113929_e0749ca19004718c074f217cd16ae8bb.jpg","datePublished":"2026-04-08T16:24:34+00:00","breadcrumb":{"@id":"https:\/\/accessories.azdigi.shop\/index.php\/product\/set-nhan-phong-cach-bohemia-au-my\/#breadcrumb"},"inLanguage":"vi","potentialAction":[{"@type":"ReadAction","target":["https:\/\/accessories.azdigi.shop\/index.php\/product\/set-nhan-phong-cach-bohemia-au-my\/"]}]},{"@type":"ImageObject","inLanguage":"vi","@id":"https:\/\/accessories.azdigi.shop\/index.php\/product\/set-nhan-phong-cach-bohemia-au-my\/#primaryimage","url":"https:\/\/accessories.azdigi.shop\/wp-content\/uploads\/2026\/04\/z7705716113929_e0749ca19004718c074f217cd16ae8bb.jpg","contentUrl":"https:\/\/accessories.azdigi.shop\/wp-content\/uploads\/2026\/04\/z7705716113929_e0749ca19004718c074f217cd16ae8bb.jpg","width":958,"height":1264},{"@type":"BreadcrumbList","@id":"https:\/\/accessories.azdigi.shop\/index.php\/product\/set-nhan-phong-cach-bohemia-au-my\/#breadcrumb","itemListElement":[{"@type":"ListItem","position":1,"name":"Home","item":"https:\/\/accessories.azdigi.shop\/"},{"@type":"ListItem","position":2,"name":"Shop","item":"https:\/\/accessories.azdigi.shop\/index.php\/shop\/"},{"@type":"ListItem","position":3,"name":"Set Nh\u1eabn Phong C\u00e1ch Bohemia, \u00c2u M\u1ef9"}]},{"@type":"WebSite","@id":"https:\/\/accessories.azdigi.shop\/#website","url":"https:\/\/accessories.azdigi.shop\/","name":"Accessories","description":"","publisher":{"@id":"https:\/\/accessories.azdigi.shop\/#organization"},"potentialAction":[{"@type":"SearchAction","target":{"@type":"EntryPoint","urlTemplate":"https:\/\/accessories.azdigi.shop\/?s={search_term_string}"},"query-input":{"@type":"PropertyValueSpecification","valueRequired":true,"valueName":"search_term_string"}}],"inLanguage":"vi"},{"@type":"Organization","@id":"https:\/\/accessories.azdigi.shop\/#organization","name":"Accessories","url":"https:\/\/accessories.azdigi.shop\/","logo":{"@type":"ImageObject","inLanguage":"vi","@id":"https:\/\/accessories.azdigi.shop\/#\/schema\/logo\/image\/","url":"https:\/\/accessories.azdigi.shop\/wp-content\/uploads\/2026\/03\/di-1.jpeg","contentUrl":"https:\/\/accessories.azdigi.shop\/wp-content\/uploads\/2026\/03\/di-1.jpeg","width":490,"height":371,"caption":"Accessories"},"image":{"@id":"https:\/\/accessories.azdigi.shop\/#\/schema\/logo\/image\/"}}]}},"_links":{"self":[{"href":"https:\/\/accessories.azdigi.shop\/index.php\/wp-json\/wp\/v2\/product\/343","targetHints":{"allow":["GET"]}}],"collection":[{"href":"https:\/\/accessories.azdigi.shop\/index.php\/wp-json\/wp\/v2\/product"}],"about":[{"href":"https:\/\/accessories.azdigi.shop\/index.php\/wp-json\/wp\/v2\/types\/product"}],"replies":[{"embeddable":true,"href":"https:\/\/accessories.azdigi.shop\/index.php\/wp-json\/wp\/v2\/comments?post=343"}],"wp:featuredmedia":[{"embeddable":true,"href":"https:\/\/accessories.azdigi.shop\/index.php\/wp-json\/wp\/v2\/media\/349"}],"wp:attachment":[{"href":"https:\/\/accessories.azdigi.shop\/index.php\/wp-json\/wp\/v2\/media?parent=343"}],"wp:term":[{"taxonomy":"product_brand","embeddable":true,"href":"https:\/\/accessories.azdigi.shop\/index.php\/wp-json\/wp\/v2\/product_brand?post=343"},{"taxonomy":"product_cat","embeddable":true,"href":"https:\/\/accessories.azdigi.shop\/index.php\/wp-json\/wp\/v2\/product_cat?post=343"},{"taxonomy":"product_tag","embeddable":true,"href":"https:\/\/accessories.azdigi.shop\/index.php\/wp-json\/wp\/v2\/product_tag?post=343"}],"curies":[{"name":"wp","href":"https:\/\/api.w.org\/{rel}","templated":true}]}}