{"id":360,"date":"2026-04-11T15:31:26","date_gmt":"2026-04-11T15:31:26","guid":{"rendered":"https:\/\/accessories.azdigi.shop\/?post_type=product&#038;p=360"},"modified":"2026-04-11T15:31:26","modified_gmt":"2026-04-11T15:31:26","slug":"kinh-khong-vien-thoi-trang-ca-tinh-wxrdie","status":"publish","type":"product","link":"https:\/\/accessories.azdigi.shop\/index.php\/product\/kinh-khong-vien-thoi-trang-ca-tinh-wxrdie\/","title":{"rendered":"K\u00ednh Kh\u00f4ng Vi\u1ec1n Th\u1eddi Trang C\u00e1 T\u00ednh ( Wxrdie)"},"content":{"rendered":"<p><a href=\"https:\/\/share.google\/sDnTzKpAMoxILfE4T\" target=\"_blank\" rel=\"noopener\">K\u00ednh M\u00e1t<\/a><\/p>\n<p>Ch\u00e0o m\u1eebng b\u1ea1n \u0111\u1ebfn v\u1edbi <a href=\"https:\/\/accessories.azdigi.shop\" target=\"_blank\" rel=\"noopener\">Glam Shop!<\/a><\/p>\n<p>Gi\u00e1 TH\u1ea4P NH\u1ea4T!<\/p>\n<p>Ch\u1ea5t L\u01af\u1ee2NG CAO NH\u1ea4T<\/p>\n<p>Ch\u00fang T\u00d4I L\u00c0 Glam S\u1ebc KH\u00d4NG BAO GI\u1edc H\u1ebeT H\u00c0NG!<\/p>\n<p>T\u1ea5t C\u1ea2 C\u00c1C M\u1eb6T H\u00c0NG C\u1eecA H\u00c0NG C\u1ee6A T\u00d4I \u0110\u1ec0U C\u00d3 SN!<\/p>\n<p>C\u00e1 tuy\u1ebft: TI\u1ec0N M\u1eb6T KHI GIAO H\u00c0NG V\u1eadn CHUY\u1ec2N TRONG 24 GI\u1edc 0 00 Ch\u1ee9c n\u0103ng:<\/p>\n<p>V\u1edbi b\u1ea3o v\u1ec7 b\u1ee9c x\u1ea1 V\u1edbi b\u1ea3o v\u1ec7 UV400<\/p>\n<p>D\u1eef li\u1ec7u k\u00edch th\u01b0\u1edbc k\u00ednh<\/p>\n<p>T\u1ed5ng chi\u1ec1u r\u1ed9ng khung (mm): 148 Chi\u1ec1u r\u1ed9ng \u1ed1ng k\u00ednh (mm): 67 Chi\u1ec1u cao \u1ed1ng k\u00ednh (mm): 40 Chi\u1ec1u r\u1ed9ng c\u1ee7a m\u0169i (mm): 18 Chi\u1ec1u d\u00e0i ch\u00e2n g\u01b0\u01a1ng (mm): 133 Ch\u1ea5t li\u1ec7u s\u1ea3n ph\u1ea9m: nh\u1ef1a<\/p>\n<p>G\u00f3i LIst: K\u00ednh r\u00e2m 1PCS<\/p>\n<p>N\u00f3 c\u00f3 th\u1ec3 \u0111\u1ea3m b\u1ea3o an to\u00e0n v\u00e0 kh\u00f4ng b\u1ecb h\u01b0 h\u1ea1i trong qu\u00e1 tr\u00ecnh v\u1eadn chuy\u1ec3n b\u1eb1ng c\u00e1ch qu\u1ea5n m\u00e0ng b\u1ecdt kh\u00ed. Cho d\u00f9 b\u1ea1n c\u00f3 b\u1ea5t k\u1ef3 c\u00e2u h\u1ecfi n\u00e0o, vui l\u00f2ng tham kh\u1ea3o \u00fd ki\u1ebfn c\u1ee7a b\u1ed9 ph\u1eadn ch\u0103m s\u00f3c kh\u00e1ch h\u00e0ng tr\u01b0\u1edbc khi \u0111\u1eb7t h\u00e0ng Ch\u00fang t\u00f4i l\u00e0 nh\u00e0 m\u00e1y s\u1ea3n xu\u1ea5t k\u00ednh, n\u1ebfu ch\u00fang t\u00f4i c\u00f3 phong c\u00e1ch c\u1ee7a c\u1eeda h\u00e0ng, b\u1ea1n c\u00f3 th\u1ec3 g\u1eedi h\u00ecnh \u1ea3nh Ch\u00fang t\u00f4i t\u00f9y ch\u1ec9nh cho b\u1ea1n, b\u1ea1n c\u00f3 th\u1ec3 ch\u1ea5p nh\u1eadn k\u00ednh c\u1ee7a \u0111\u01a1n \u0111\u1eb7t h\u00e0ng s\u1ea3n xu\u1ea5t h\u00e0ng lo\u1ea1t!<\/p>\n","protected":false},"excerpt":{"rendered":"<p>K\u00ednh M\u00e1t Ch\u00e0o m\u1eebng b\u1ea1n \u0111\u1ebfn v\u1edbi Glam Shop! Gi\u00e1 TH\u1ea4P NH\u1ea4T! Ch\u1ea5t L\u01af\u1ee2NG CAO NH\u1ea4T Ch\u00fang T\u00d4I L\u00c0 Glam S\u1ebc KH\u00d4NG BAO GI\u1edc H\u1ebeT H\u00c0NG! T\u1ea5t C\u1ea2 C\u00c1C M\u1eb6T H\u00c0NG C\u1eecA H\u00c0NG C\u1ee6A T\u00d4I \u0110\u1ec0U C\u00d3 SN! C\u00e1 tuy\u1ebft: TI\u1ec0N M\u1eb6T KHI GIAO H\u00c0NG V\u1eadn CHUY\u1ec2N TRONG 24 GI\u1edc 0 00 Ch\u1ee9c n\u0103ng: V\u1edbi [&#8230;]\n","protected":false},"featured_media":370,"comment_status":"open","ping_status":"closed","template":"","meta":[],"product_brand":[],"product_cat":[30],"product_tag":[],"class_list":{"0":"post-360","1":"product","2":"type-product","3":"status-publish","4":"has-post-thumbnail","6":"product_cat-mat-kinh","8":"first","9":"instock","10":"shipping-taxable","11":"purchasable","12":"product-type-variable"},"yoast_head":"<!-- This site is optimized with the Yoast SEO plugin v27.3 - https:\/\/yoast.com\/product\/yoast-seo-wordpress\/ -->\n<title>K\u00ednh Kh\u00f4ng Vi\u1ec1n Th\u1eddi Trang C\u00e1 T\u00ednh ( Wxrdie) - Accessories<\/title>\n<meta name=\"description\" content=\"K\u00ednh m\u00e1t r\u00e2m\" \/>\n<meta name=\"robots\" content=\"index, follow, max-snippet:-1, max-image-preview:large, max-video-preview:-1\" \/>\n<link rel=\"canonical\" href=\"https:\/\/accessories.azdigi.shop\/index.php\/product\/kinh-khong-vien-thoi-trang-ca-tinh-wxrdie\/\" \/>\n<meta property=\"og:locale\" content=\"vi_VN\" \/>\n<meta property=\"og:type\" content=\"article\" \/>\n<meta property=\"og:title\" content=\"K\u00ednh Kh\u00f4ng Vi\u1ec1n Th\u1eddi Trang C\u00e1 T\u00ednh ( Wxrdie) - Accessories\" \/>\n<meta property=\"og:description\" content=\"K\u00ednh m\u00e1t r\u00e2m\" \/>\n<meta property=\"og:url\" content=\"https:\/\/accessories.azdigi.shop\/index.php\/product\/kinh-khong-vien-thoi-trang-ca-tinh-wxrdie\/\" \/>\n<meta property=\"og:site_name\" content=\"Accessories\" \/>\n<meta property=\"og:image\" content=\"https:\/\/accessories.azdigi.shop\/wp-content\/uploads\/2026\/04\/z7705941072260_8199bec7f6674fa2a28591ee4285c212.jpg\" \/>\n\t<meta property=\"og:image:width\" content=\"1290\" \/>\n\t<meta property=\"og:image:height\" content=\"1280\" \/>\n\t<meta property=\"og:image:type\" content=\"image\/jpeg\" \/>\n<meta name=\"twitter:card\" content=\"summary_large_image\" \/>\n<meta name=\"twitter:label1\" content=\"\u01af\u1edbc t\u00ednh th\u1eddi gian \u0111\u1ecdc\" \/>\n\t<meta name=\"twitter:data1\" content=\"2 ph\u00fat\" \/>\n<script type=\"application\/ld+json\" class=\"yoast-schema-graph\">{\"@context\":\"https:\\\/\\\/schema.org\",\"@graph\":[{\"@type\":\"WebPage\",\"@id\":\"https:\\\/\\\/accessories.azdigi.shop\\\/index.php\\\/product\\\/kinh-khong-vien-thoi-trang-ca-tinh-wxrdie\\\/\",\"url\":\"https:\\\/\\\/accessories.azdigi.shop\\\/index.php\\\/product\\\/kinh-khong-vien-thoi-trang-ca-tinh-wxrdie\\\/\",\"name\":\"K\u00ednh Kh\u00f4ng Vi\u1ec1n Th\u1eddi Trang C\u00e1 T\u00ednh ( Wxrdie) - Accessories\",\"isPartOf\":{\"@id\":\"https:\\\/\\\/accessories.azdigi.shop\\\/#website\"},\"primaryImageOfPage\":{\"@id\":\"https:\\\/\\\/accessories.azdigi.shop\\\/index.php\\\/product\\\/kinh-khong-vien-thoi-trang-ca-tinh-wxrdie\\\/#primaryimage\"},\"image\":{\"@id\":\"https:\\\/\\\/accessories.azdigi.shop\\\/index.php\\\/product\\\/kinh-khong-vien-thoi-trang-ca-tinh-wxrdie\\\/#primaryimage\"},\"thumbnailUrl\":\"https:\\\/\\\/accessories.azdigi.shop\\\/wp-content\\\/uploads\\\/2026\\\/04\\\/z7705941072260_8199bec7f6674fa2a28591ee4285c212.jpg\",\"datePublished\":\"2026-04-11T15:31:26+00:00\",\"description\":\"K\u00ednh m\u00e1t r\u00e2m\",\"breadcrumb\":{\"@id\":\"https:\\\/\\\/accessories.azdigi.shop\\\/index.php\\\/product\\\/kinh-khong-vien-thoi-trang-ca-tinh-wxrdie\\\/#breadcrumb\"},\"inLanguage\":\"vi\",\"potentialAction\":[{\"@type\":\"ReadAction\",\"target\":[\"https:\\\/\\\/accessories.azdigi.shop\\\/index.php\\\/product\\\/kinh-khong-vien-thoi-trang-ca-tinh-wxrdie\\\/\"]}]},{\"@type\":\"ImageObject\",\"inLanguage\":\"vi\",\"@id\":\"https:\\\/\\\/accessories.azdigi.shop\\\/index.php\\\/product\\\/kinh-khong-vien-thoi-trang-ca-tinh-wxrdie\\\/#primaryimage\",\"url\":\"https:\\\/\\\/accessories.azdigi.shop\\\/wp-content\\\/uploads\\\/2026\\\/04\\\/z7705941072260_8199bec7f6674fa2a28591ee4285c212.jpg\",\"contentUrl\":\"https:\\\/\\\/accessories.azdigi.shop\\\/wp-content\\\/uploads\\\/2026\\\/04\\\/z7705941072260_8199bec7f6674fa2a28591ee4285c212.jpg\",\"width\":1290,\"height\":1280},{\"@type\":\"BreadcrumbList\",\"@id\":\"https:\\\/\\\/accessories.azdigi.shop\\\/index.php\\\/product\\\/kinh-khong-vien-thoi-trang-ca-tinh-wxrdie\\\/#breadcrumb\",\"itemListElement\":[{\"@type\":\"ListItem\",\"position\":1,\"name\":\"Home\",\"item\":\"https:\\\/\\\/accessories.azdigi.shop\\\/\"},{\"@type\":\"ListItem\",\"position\":2,\"name\":\"Shop\",\"item\":\"https:\\\/\\\/accessories.azdigi.shop\\\/index.php\\\/shop\\\/\"},{\"@type\":\"ListItem\",\"position\":3,\"name\":\"K\u00ednh Kh\u00f4ng Vi\u1ec1n Th\u1eddi Trang C\u00e1 T\u00ednh ( Wxrdie)\"}]},{\"@type\":\"WebSite\",\"@id\":\"https:\\\/\\\/accessories.azdigi.shop\\\/#website\",\"url\":\"https:\\\/\\\/accessories.azdigi.shop\\\/\",\"name\":\"Accessories\",\"description\":\"\",\"publisher\":{\"@id\":\"https:\\\/\\\/accessories.azdigi.shop\\\/#organization\"},\"potentialAction\":[{\"@type\":\"SearchAction\",\"target\":{\"@type\":\"EntryPoint\",\"urlTemplate\":\"https:\\\/\\\/accessories.azdigi.shop\\\/?s={search_term_string}\"},\"query-input\":{\"@type\":\"PropertyValueSpecification\",\"valueRequired\":true,\"valueName\":\"search_term_string\"}}],\"inLanguage\":\"vi\"},{\"@type\":\"Organization\",\"@id\":\"https:\\\/\\\/accessories.azdigi.shop\\\/#organization\",\"name\":\"Accessories\",\"url\":\"https:\\\/\\\/accessories.azdigi.shop\\\/\",\"logo\":{\"@type\":\"ImageObject\",\"inLanguage\":\"vi\",\"@id\":\"https:\\\/\\\/accessories.azdigi.shop\\\/#\\\/schema\\\/logo\\\/image\\\/\",\"url\":\"https:\\\/\\\/accessories.azdigi.shop\\\/wp-content\\\/uploads\\\/2026\\\/03\\\/di-1.jpeg\",\"contentUrl\":\"https:\\\/\\\/accessories.azdigi.shop\\\/wp-content\\\/uploads\\\/2026\\\/03\\\/di-1.jpeg\",\"width\":490,\"height\":371,\"caption\":\"Accessories\"},\"image\":{\"@id\":\"https:\\\/\\\/accessories.azdigi.shop\\\/#\\\/schema\\\/logo\\\/image\\\/\"}}]}<\/script>\n<!-- \/ Yoast SEO plugin. -->","yoast_head_json":{"title":"K\u00ednh Kh\u00f4ng Vi\u1ec1n Th\u1eddi Trang C\u00e1 T\u00ednh ( Wxrdie) - Accessories","description":"K\u00ednh m\u00e1t r\u00e2m","robots":{"index":"index","follow":"follow","max-snippet":"max-snippet:-1","max-image-preview":"max-image-preview:large","max-video-preview":"max-video-preview:-1"},"canonical":"https:\/\/accessories.azdigi.shop\/index.php\/product\/kinh-khong-vien-thoi-trang-ca-tinh-wxrdie\/","og_locale":"vi_VN","og_type":"article","og_title":"K\u00ednh Kh\u00f4ng Vi\u1ec1n Th\u1eddi Trang C\u00e1 T\u00ednh ( Wxrdie) - Accessories","og_description":"K\u00ednh m\u00e1t r\u00e2m","og_url":"https:\/\/accessories.azdigi.shop\/index.php\/product\/kinh-khong-vien-thoi-trang-ca-tinh-wxrdie\/","og_site_name":"Accessories","og_image":[{"width":1290,"height":1280,"url":"https:\/\/accessories.azdigi.shop\/wp-content\/uploads\/2026\/04\/z7705941072260_8199bec7f6674fa2a28591ee4285c212.jpg","type":"image\/jpeg"}],"twitter_card":"summary_large_image","twitter_misc":{"\u01af\u1edbc t\u00ednh th\u1eddi gian \u0111\u1ecdc":"2 ph\u00fat"},"schema":{"@context":"https:\/\/schema.org","@graph":[{"@type":"WebPage","@id":"https:\/\/accessories.azdigi.shop\/index.php\/product\/kinh-khong-vien-thoi-trang-ca-tinh-wxrdie\/","url":"https:\/\/accessories.azdigi.shop\/index.php\/product\/kinh-khong-vien-thoi-trang-ca-tinh-wxrdie\/","name":"K\u00ednh Kh\u00f4ng Vi\u1ec1n Th\u1eddi Trang C\u00e1 T\u00ednh ( Wxrdie) - Accessories","isPartOf":{"@id":"https:\/\/accessories.azdigi.shop\/#website"},"primaryImageOfPage":{"@id":"https:\/\/accessories.azdigi.shop\/index.php\/product\/kinh-khong-vien-thoi-trang-ca-tinh-wxrdie\/#primaryimage"},"image":{"@id":"https:\/\/accessories.azdigi.shop\/index.php\/product\/kinh-khong-vien-thoi-trang-ca-tinh-wxrdie\/#primaryimage"},"thumbnailUrl":"https:\/\/accessories.azdigi.shop\/wp-content\/uploads\/2026\/04\/z7705941072260_8199bec7f6674fa2a28591ee4285c212.jpg","datePublished":"2026-04-11T15:31:26+00:00","description":"K\u00ednh m\u00e1t r\u00e2m","breadcrumb":{"@id":"https:\/\/accessories.azdigi.shop\/index.php\/product\/kinh-khong-vien-thoi-trang-ca-tinh-wxrdie\/#breadcrumb"},"inLanguage":"vi","potentialAction":[{"@type":"ReadAction","target":["https:\/\/accessories.azdigi.shop\/index.php\/product\/kinh-khong-vien-thoi-trang-ca-tinh-wxrdie\/"]}]},{"@type":"ImageObject","inLanguage":"vi","@id":"https:\/\/accessories.azdigi.shop\/index.php\/product\/kinh-khong-vien-thoi-trang-ca-tinh-wxrdie\/#primaryimage","url":"https:\/\/accessories.azdigi.shop\/wp-content\/uploads\/2026\/04\/z7705941072260_8199bec7f6674fa2a28591ee4285c212.jpg","contentUrl":"https:\/\/accessories.azdigi.shop\/wp-content\/uploads\/2026\/04\/z7705941072260_8199bec7f6674fa2a28591ee4285c212.jpg","width":1290,"height":1280},{"@type":"BreadcrumbList","@id":"https:\/\/accessories.azdigi.shop\/index.php\/product\/kinh-khong-vien-thoi-trang-ca-tinh-wxrdie\/#breadcrumb","itemListElement":[{"@type":"ListItem","position":1,"name":"Home","item":"https:\/\/accessories.azdigi.shop\/"},{"@type":"ListItem","position":2,"name":"Shop","item":"https:\/\/accessories.azdigi.shop\/index.php\/shop\/"},{"@type":"ListItem","position":3,"name":"K\u00ednh Kh\u00f4ng Vi\u1ec1n Th\u1eddi Trang C\u00e1 T\u00ednh ( Wxrdie)"}]},{"@type":"WebSite","@id":"https:\/\/accessories.azdigi.shop\/#website","url":"https:\/\/accessories.azdigi.shop\/","name":"Accessories","description":"","publisher":{"@id":"https:\/\/accessories.azdigi.shop\/#organization"},"potentialAction":[{"@type":"SearchAction","target":{"@type":"EntryPoint","urlTemplate":"https:\/\/accessories.azdigi.shop\/?s={search_term_string}"},"query-input":{"@type":"PropertyValueSpecification","valueRequired":true,"valueName":"search_term_string"}}],"inLanguage":"vi"},{"@type":"Organization","@id":"https:\/\/accessories.azdigi.shop\/#organization","name":"Accessories","url":"https:\/\/accessories.azdigi.shop\/","logo":{"@type":"ImageObject","inLanguage":"vi","@id":"https:\/\/accessories.azdigi.shop\/#\/schema\/logo\/image\/","url":"https:\/\/accessories.azdigi.shop\/wp-content\/uploads\/2026\/03\/di-1.jpeg","contentUrl":"https:\/\/accessories.azdigi.shop\/wp-content\/uploads\/2026\/03\/di-1.jpeg","width":490,"height":371,"caption":"Accessories"},"image":{"@id":"https:\/\/accessories.azdigi.shop\/#\/schema\/logo\/image\/"}}]}},"_links":{"self":[{"href":"https:\/\/accessories.azdigi.shop\/index.php\/wp-json\/wp\/v2\/product\/360","targetHints":{"allow":["GET"]}}],"collection":[{"href":"https:\/\/accessories.azdigi.shop\/index.php\/wp-json\/wp\/v2\/product"}],"about":[{"href":"https:\/\/accessories.azdigi.shop\/index.php\/wp-json\/wp\/v2\/types\/product"}],"replies":[{"embeddable":true,"href":"https:\/\/accessories.azdigi.shop\/index.php\/wp-json\/wp\/v2\/comments?post=360"}],"wp:featuredmedia":[{"embeddable":true,"href":"https:\/\/accessories.azdigi.shop\/index.php\/wp-json\/wp\/v2\/media\/370"}],"wp:attachment":[{"href":"https:\/\/accessories.azdigi.shop\/index.php\/wp-json\/wp\/v2\/media?parent=360"}],"wp:term":[{"taxonomy":"product_brand","embeddable":true,"href":"https:\/\/accessories.azdigi.shop\/index.php\/wp-json\/wp\/v2\/product_brand?post=360"},{"taxonomy":"product_cat","embeddable":true,"href":"https:\/\/accessories.azdigi.shop\/index.php\/wp-json\/wp\/v2\/product_cat?post=360"},{"taxonomy":"product_tag","embeddable":true,"href":"https:\/\/accessories.azdigi.shop\/index.php\/wp-json\/wp\/v2\/product_tag?post=360"}],"curies":[{"name":"wp","href":"https:\/\/api.w.org\/{rel}","templated":true}]}}