{"id":372,"date":"2026-04-11T15:57:32","date_gmt":"2026-04-11T15:57:32","guid":{"rendered":"https:\/\/accessories.azdigi.shop\/?post_type=product&#038;p=372"},"modified":"2026-04-11T15:57:32","modified_gmt":"2026-04-11T15:57:32","slug":"phu-kien-vong-co-chuoi-hot","status":"publish","type":"product","link":"https:\/\/accessories.azdigi.shop\/index.php\/product\/phu-kien-vong-co-chuoi-hot\/","title":{"rendered":"Ph\u1ee5 Ki\u1ec7n V\u00f2ng C\u1ed5 Chu\u1ed7i H\u1ed9t"},"content":{"rendered":"<p>V\u00f2ng c\u1ed5<\/p>\n<p>Ch\u00e0o m\u1eebng b\u1ea1n \u0111\u1ebfn v\u1edbi <a href=\"https:\/\/accessories.azdigi.shop\" target=\"_blank\" rel=\"noopener\">Glam shop.\u00a0<\/a><\/p>\n<p>Ch\u00fang m\u00ecnh cung c\u1ea5p c\u00e1c s\u1ea3n ph\u1ea9m gi\u00e1 th\u1ea5p nh\u1ea5t v\u1edbi ch\u1ea5t l\u01b0\u1ee3ng cao ( H\u00e0ng c\u00f3 s\u1eb5n V Gi\u00e1 t\u1ed1t nh\u1ea5t v Ch\u1ea5t l\u01b0\u1ee3ng cao V H\u00e0ng m\u1edbi 100% V<\/p>\n<p>\u2022 Th\u00f4ng tin s\u1ea3n ph\u1ea9m<\/p>\n<p>&#8211; T\u00ean s\u1ea3n ph\u1ea9m: <a href=\"https:\/\/share.google\/Ex3Hwztdau7OtoinX\" target=\"_blank\" rel=\"noopener\">V\u00f2ng C\u1ed5 H\u1ea1t M\u00e0u S\u1eafc<\/a> Ti\u1ec3u Th\u01b0 \u0110\u01a1n Gi\u1ea3n D\u1ecbu D\u00e0ng H\u00e0n Qu\u1ed1c.<\/p>\n<p>M\u00e0u s\u1eafc: nh\u01b0 \u1ea3nh<\/p>\n<p>\u2022D\u1ecbp th\u00edch h\u1ee3p: D\u1ef1 ti\u1ec7c, \u0111i ch\u01a1i, qu\u00e0 t\u1eb7ng sinh nh\u1eadt.<\/p>\n<p>G\u00f3i h\u00e0ng bao g\u1ed3m: 1 v\u00f2ng c\u1ed5.<\/p>\n<p>9X S\u1ea3n ph\u1ea9m t\u1ea1i c\u1eeda h\u00e0ng \u0111\u1ec1u c\u00f3 s\u1eb5n, c\u00e1c b\u1ea1n \u0111\u1eb7t mua tr\u1ef1c ti\u1ebfp nh\u00e9.<\/p>\n<p>Th\u00f4ng tin s\u1ea3n ph\u1ea9m c\u00f3 th\u1ec3 tham kh\u1ea3o h\u00ecnh \u1ea3nh c\u1eeda h\u00e0ng ho\u1eb7c n\u1ed9i dung s\u1ea3n ph\u1ea9m. X\u00c0 Do c\u00e1c c\u00e0i \u0111\u1eb7t m\u00e0n h\u00ecnh kh\u00e1c nhau, c\u00f3 th\u1ec3 c\u00f3 hi\u1ec7n t\u01b0\u1ee3ng quang sai l\u1ec7ch m\u00e0u 1 ch\u00fat gi\u1eefa h\u00ecnh \u1ea3nh v\u00e0 s\u1ea3n ph\u1ea9m th\u1ef1c t\u1ebf. \u2022 Ch\u00fang m\u00ecnh s\u1ebd s\u1eafp x\u1ebfp giao h\u00e0ng trong th\u1eddi gian s\u1edbm nh\u1ea5t sau khi b\u1ea1n \u0111\u1eb7t h\u00e0ng. M\u1ecdi th\u1eafc m\u1eafc sau khi nh\u1eadn h\u00e0ng vui l\u00f2ng li\u00ean h\u1ec7 v\u1edbi<\/p>\n","protected":false},"excerpt":{"rendered":"<p>V\u00f2ng c\u1ed5 Ch\u00e0o m\u1eebng b\u1ea1n \u0111\u1ebfn v\u1edbi Glam shop.\u00a0 Ch\u00fang m\u00ecnh cung c\u1ea5p c\u00e1c s\u1ea3n ph\u1ea9m gi\u00e1 th\u1ea5p nh\u1ea5t v\u1edbi ch\u1ea5t l\u01b0\u1ee3ng cao ( H\u00e0ng c\u00f3 s\u1eb5n V Gi\u00e1 t\u1ed1t nh\u1ea5t v Ch\u1ea5t l\u01b0\u1ee3ng cao V H\u00e0ng m\u1edbi 100% V \u2022 Th\u00f4ng tin s\u1ea3n ph\u1ea9m &#8211; T\u00ean s\u1ea3n ph\u1ea9m: V\u00f2ng C\u1ed5 H\u1ea1t M\u00e0u S\u1eafc Ti\u1ec3u [&#8230;]\n","protected":false},"featured_media":379,"comment_status":"open","ping_status":"closed","template":"","meta":[],"product_brand":[],"product_cat":[29],"product_tag":[],"class_list":{"0":"post-372","1":"product","2":"type-product","3":"status-publish","4":"has-post-thumbnail","6":"product_cat-vong-co","8":"first","9":"instock","10":"shipping-taxable","11":"purchasable","12":"product-type-variable"},"yoast_head":"<!-- This site is optimized with the Yoast SEO plugin v27.3 - https:\/\/yoast.com\/product\/yoast-seo-wordpress\/ -->\n<title>Ph\u1ee5 Ki\u1ec7n V\u00f2ng C\u1ed5 Chu\u1ed7i H\u1ed9t - Accessories<\/title>\n<meta name=\"robots\" content=\"index, follow, max-snippet:-1, max-image-preview:large, max-video-preview:-1\" \/>\n<link rel=\"canonical\" href=\"https:\/\/accessories.azdigi.shop\/index.php\/product\/phu-kien-vong-co-chuoi-hot\/\" \/>\n<meta property=\"og:locale\" content=\"vi_VN\" \/>\n<meta property=\"og:type\" content=\"article\" \/>\n<meta property=\"og:title\" content=\"Ph\u1ee5 Ki\u1ec7n V\u00f2ng C\u1ed5 Chu\u1ed7i H\u1ed9t - Accessories\" \/>\n<meta property=\"og:description\" content=\"V\u00f2ng c\u1ed5 Ch\u00e0o m\u1eebng b\u1ea1n \u0111\u1ebfn v\u1edbi Glam shop.\u00a0 Ch\u00fang m\u00ecnh cung c\u1ea5p c\u00e1c s\u1ea3n ph\u1ea9m gi\u00e1 th\u1ea5p nh\u1ea5t v\u1edbi ch\u1ea5t l\u01b0\u1ee3ng cao ( H\u00e0ng c\u00f3 s\u1eb5n V Gi\u00e1 t\u1ed1t nh\u1ea5t v Ch\u1ea5t l\u01b0\u1ee3ng cao V H\u00e0ng m\u1edbi 100% V \u2022 Th\u00f4ng tin s\u1ea3n ph\u1ea9m &#8211; T\u00ean s\u1ea3n ph\u1ea9m: V\u00f2ng C\u1ed5 H\u1ea1t M\u00e0u S\u1eafc Ti\u1ec3u [...]\" \/>\n<meta property=\"og:url\" content=\"https:\/\/accessories.azdigi.shop\/index.php\/product\/phu-kien-vong-co-chuoi-hot\/\" \/>\n<meta property=\"og:site_name\" content=\"Accessories\" \/>\n<meta property=\"og:image\" content=\"https:\/\/accessories.azdigi.shop\/wp-content\/uploads\/2026\/04\/z7716020551220_7558a5d35defd63d8fafc621709b48d4.jpg\" \/>\n\t<meta property=\"og:image:width\" content=\"1235\" \/>\n\t<meta property=\"og:image:height\" content=\"1244\" \/>\n\t<meta property=\"og:image:type\" content=\"image\/jpeg\" \/>\n<meta name=\"twitter:card\" content=\"summary_large_image\" \/>\n<meta name=\"twitter:label1\" content=\"\u01af\u1edbc t\u00ednh th\u1eddi gian \u0111\u1ecdc\" \/>\n\t<meta name=\"twitter:data1\" content=\"2 ph\u00fat\" \/>\n<script type=\"application\/ld+json\" class=\"yoast-schema-graph\">{\"@context\":\"https:\\\/\\\/schema.org\",\"@graph\":[{\"@type\":\"WebPage\",\"@id\":\"https:\\\/\\\/accessories.azdigi.shop\\\/index.php\\\/product\\\/phu-kien-vong-co-chuoi-hot\\\/\",\"url\":\"https:\\\/\\\/accessories.azdigi.shop\\\/index.php\\\/product\\\/phu-kien-vong-co-chuoi-hot\\\/\",\"name\":\"Ph\u1ee5 Ki\u1ec7n V\u00f2ng C\u1ed5 Chu\u1ed7i H\u1ed9t - Accessories\",\"isPartOf\":{\"@id\":\"https:\\\/\\\/accessories.azdigi.shop\\\/#website\"},\"primaryImageOfPage\":{\"@id\":\"https:\\\/\\\/accessories.azdigi.shop\\\/index.php\\\/product\\\/phu-kien-vong-co-chuoi-hot\\\/#primaryimage\"},\"image\":{\"@id\":\"https:\\\/\\\/accessories.azdigi.shop\\\/index.php\\\/product\\\/phu-kien-vong-co-chuoi-hot\\\/#primaryimage\"},\"thumbnailUrl\":\"https:\\\/\\\/accessories.azdigi.shop\\\/wp-content\\\/uploads\\\/2026\\\/04\\\/z7716020551220_7558a5d35defd63d8fafc621709b48d4.jpg\",\"datePublished\":\"2026-04-11T15:57:32+00:00\",\"breadcrumb\":{\"@id\":\"https:\\\/\\\/accessories.azdigi.shop\\\/index.php\\\/product\\\/phu-kien-vong-co-chuoi-hot\\\/#breadcrumb\"},\"inLanguage\":\"vi\",\"potentialAction\":[{\"@type\":\"ReadAction\",\"target\":[\"https:\\\/\\\/accessories.azdigi.shop\\\/index.php\\\/product\\\/phu-kien-vong-co-chuoi-hot\\\/\"]}]},{\"@type\":\"ImageObject\",\"inLanguage\":\"vi\",\"@id\":\"https:\\\/\\\/accessories.azdigi.shop\\\/index.php\\\/product\\\/phu-kien-vong-co-chuoi-hot\\\/#primaryimage\",\"url\":\"https:\\\/\\\/accessories.azdigi.shop\\\/wp-content\\\/uploads\\\/2026\\\/04\\\/z7716020551220_7558a5d35defd63d8fafc621709b48d4.jpg\",\"contentUrl\":\"https:\\\/\\\/accessories.azdigi.shop\\\/wp-content\\\/uploads\\\/2026\\\/04\\\/z7716020551220_7558a5d35defd63d8fafc621709b48d4.jpg\",\"width\":1235,\"height\":1244},{\"@type\":\"BreadcrumbList\",\"@id\":\"https:\\\/\\\/accessories.azdigi.shop\\\/index.php\\\/product\\\/phu-kien-vong-co-chuoi-hot\\\/#breadcrumb\",\"itemListElement\":[{\"@type\":\"ListItem\",\"position\":1,\"name\":\"Home\",\"item\":\"https:\\\/\\\/accessories.azdigi.shop\\\/\"},{\"@type\":\"ListItem\",\"position\":2,\"name\":\"Shop\",\"item\":\"https:\\\/\\\/accessories.azdigi.shop\\\/index.php\\\/shop\\\/\"},{\"@type\":\"ListItem\",\"position\":3,\"name\":\"Ph\u1ee5 Ki\u1ec7n V\u00f2ng C\u1ed5 Chu\u1ed7i H\u1ed9t\"}]},{\"@type\":\"WebSite\",\"@id\":\"https:\\\/\\\/accessories.azdigi.shop\\\/#website\",\"url\":\"https:\\\/\\\/accessories.azdigi.shop\\\/\",\"name\":\"Accessories\",\"description\":\"\",\"publisher\":{\"@id\":\"https:\\\/\\\/accessories.azdigi.shop\\\/#organization\"},\"potentialAction\":[{\"@type\":\"SearchAction\",\"target\":{\"@type\":\"EntryPoint\",\"urlTemplate\":\"https:\\\/\\\/accessories.azdigi.shop\\\/?s={search_term_string}\"},\"query-input\":{\"@type\":\"PropertyValueSpecification\",\"valueRequired\":true,\"valueName\":\"search_term_string\"}}],\"inLanguage\":\"vi\"},{\"@type\":\"Organization\",\"@id\":\"https:\\\/\\\/accessories.azdigi.shop\\\/#organization\",\"name\":\"Accessories\",\"url\":\"https:\\\/\\\/accessories.azdigi.shop\\\/\",\"logo\":{\"@type\":\"ImageObject\",\"inLanguage\":\"vi\",\"@id\":\"https:\\\/\\\/accessories.azdigi.shop\\\/#\\\/schema\\\/logo\\\/image\\\/\",\"url\":\"https:\\\/\\\/accessories.azdigi.shop\\\/wp-content\\\/uploads\\\/2026\\\/03\\\/di-1.jpeg\",\"contentUrl\":\"https:\\\/\\\/accessories.azdigi.shop\\\/wp-content\\\/uploads\\\/2026\\\/03\\\/di-1.jpeg\",\"width\":490,\"height\":371,\"caption\":\"Accessories\"},\"image\":{\"@id\":\"https:\\\/\\\/accessories.azdigi.shop\\\/#\\\/schema\\\/logo\\\/image\\\/\"}}]}<\/script>\n<!-- \/ Yoast SEO plugin. -->","yoast_head_json":{"title":"Ph\u1ee5 Ki\u1ec7n V\u00f2ng C\u1ed5 Chu\u1ed7i H\u1ed9t - Accessories","robots":{"index":"index","follow":"follow","max-snippet":"max-snippet:-1","max-image-preview":"max-image-preview:large","max-video-preview":"max-video-preview:-1"},"canonical":"https:\/\/accessories.azdigi.shop\/index.php\/product\/phu-kien-vong-co-chuoi-hot\/","og_locale":"vi_VN","og_type":"article","og_title":"Ph\u1ee5 Ki\u1ec7n V\u00f2ng C\u1ed5 Chu\u1ed7i H\u1ed9t - Accessories","og_description":"V\u00f2ng c\u1ed5 Ch\u00e0o m\u1eebng b\u1ea1n \u0111\u1ebfn v\u1edbi Glam shop.\u00a0 Ch\u00fang m\u00ecnh cung c\u1ea5p c\u00e1c s\u1ea3n ph\u1ea9m gi\u00e1 th\u1ea5p nh\u1ea5t v\u1edbi ch\u1ea5t l\u01b0\u1ee3ng cao ( H\u00e0ng c\u00f3 s\u1eb5n V Gi\u00e1 t\u1ed1t nh\u1ea5t v Ch\u1ea5t l\u01b0\u1ee3ng cao V H\u00e0ng m\u1edbi 100% V \u2022 Th\u00f4ng tin s\u1ea3n ph\u1ea9m &#8211; T\u00ean s\u1ea3n ph\u1ea9m: V\u00f2ng C\u1ed5 H\u1ea1t M\u00e0u S\u1eafc Ti\u1ec3u [...]","og_url":"https:\/\/accessories.azdigi.shop\/index.php\/product\/phu-kien-vong-co-chuoi-hot\/","og_site_name":"Accessories","og_image":[{"width":1235,"height":1244,"url":"https:\/\/accessories.azdigi.shop\/wp-content\/uploads\/2026\/04\/z7716020551220_7558a5d35defd63d8fafc621709b48d4.jpg","type":"image\/jpeg"}],"twitter_card":"summary_large_image","twitter_misc":{"\u01af\u1edbc t\u00ednh th\u1eddi gian \u0111\u1ecdc":"2 ph\u00fat"},"schema":{"@context":"https:\/\/schema.org","@graph":[{"@type":"WebPage","@id":"https:\/\/accessories.azdigi.shop\/index.php\/product\/phu-kien-vong-co-chuoi-hot\/","url":"https:\/\/accessories.azdigi.shop\/index.php\/product\/phu-kien-vong-co-chuoi-hot\/","name":"Ph\u1ee5 Ki\u1ec7n V\u00f2ng C\u1ed5 Chu\u1ed7i H\u1ed9t - Accessories","isPartOf":{"@id":"https:\/\/accessories.azdigi.shop\/#website"},"primaryImageOfPage":{"@id":"https:\/\/accessories.azdigi.shop\/index.php\/product\/phu-kien-vong-co-chuoi-hot\/#primaryimage"},"image":{"@id":"https:\/\/accessories.azdigi.shop\/index.php\/product\/phu-kien-vong-co-chuoi-hot\/#primaryimage"},"thumbnailUrl":"https:\/\/accessories.azdigi.shop\/wp-content\/uploads\/2026\/04\/z7716020551220_7558a5d35defd63d8fafc621709b48d4.jpg","datePublished":"2026-04-11T15:57:32+00:00","breadcrumb":{"@id":"https:\/\/accessories.azdigi.shop\/index.php\/product\/phu-kien-vong-co-chuoi-hot\/#breadcrumb"},"inLanguage":"vi","potentialAction":[{"@type":"ReadAction","target":["https:\/\/accessories.azdigi.shop\/index.php\/product\/phu-kien-vong-co-chuoi-hot\/"]}]},{"@type":"ImageObject","inLanguage":"vi","@id":"https:\/\/accessories.azdigi.shop\/index.php\/product\/phu-kien-vong-co-chuoi-hot\/#primaryimage","url":"https:\/\/accessories.azdigi.shop\/wp-content\/uploads\/2026\/04\/z7716020551220_7558a5d35defd63d8fafc621709b48d4.jpg","contentUrl":"https:\/\/accessories.azdigi.shop\/wp-content\/uploads\/2026\/04\/z7716020551220_7558a5d35defd63d8fafc621709b48d4.jpg","width":1235,"height":1244},{"@type":"BreadcrumbList","@id":"https:\/\/accessories.azdigi.shop\/index.php\/product\/phu-kien-vong-co-chuoi-hot\/#breadcrumb","itemListElement":[{"@type":"ListItem","position":1,"name":"Home","item":"https:\/\/accessories.azdigi.shop\/"},{"@type":"ListItem","position":2,"name":"Shop","item":"https:\/\/accessories.azdigi.shop\/index.php\/shop\/"},{"@type":"ListItem","position":3,"name":"Ph\u1ee5 Ki\u1ec7n V\u00f2ng C\u1ed5 Chu\u1ed7i H\u1ed9t"}]},{"@type":"WebSite","@id":"https:\/\/accessories.azdigi.shop\/#website","url":"https:\/\/accessories.azdigi.shop\/","name":"Accessories","description":"","publisher":{"@id":"https:\/\/accessories.azdigi.shop\/#organization"},"potentialAction":[{"@type":"SearchAction","target":{"@type":"EntryPoint","urlTemplate":"https:\/\/accessories.azdigi.shop\/?s={search_term_string}"},"query-input":{"@type":"PropertyValueSpecification","valueRequired":true,"valueName":"search_term_string"}}],"inLanguage":"vi"},{"@type":"Organization","@id":"https:\/\/accessories.azdigi.shop\/#organization","name":"Accessories","url":"https:\/\/accessories.azdigi.shop\/","logo":{"@type":"ImageObject","inLanguage":"vi","@id":"https:\/\/accessories.azdigi.shop\/#\/schema\/logo\/image\/","url":"https:\/\/accessories.azdigi.shop\/wp-content\/uploads\/2026\/03\/di-1.jpeg","contentUrl":"https:\/\/accessories.azdigi.shop\/wp-content\/uploads\/2026\/03\/di-1.jpeg","width":490,"height":371,"caption":"Accessories"},"image":{"@id":"https:\/\/accessories.azdigi.shop\/#\/schema\/logo\/image\/"}}]}},"_links":{"self":[{"href":"https:\/\/accessories.azdigi.shop\/index.php\/wp-json\/wp\/v2\/product\/372","targetHints":{"allow":["GET"]}}],"collection":[{"href":"https:\/\/accessories.azdigi.shop\/index.php\/wp-json\/wp\/v2\/product"}],"about":[{"href":"https:\/\/accessories.azdigi.shop\/index.php\/wp-json\/wp\/v2\/types\/product"}],"replies":[{"embeddable":true,"href":"https:\/\/accessories.azdigi.shop\/index.php\/wp-json\/wp\/v2\/comments?post=372"}],"wp:featuredmedia":[{"embeddable":true,"href":"https:\/\/accessories.azdigi.shop\/index.php\/wp-json\/wp\/v2\/media\/379"}],"wp:attachment":[{"href":"https:\/\/accessories.azdigi.shop\/index.php\/wp-json\/wp\/v2\/media?parent=372"}],"wp:term":[{"taxonomy":"product_brand","embeddable":true,"href":"https:\/\/accessories.azdigi.shop\/index.php\/wp-json\/wp\/v2\/product_brand?post=372"},{"taxonomy":"product_cat","embeddable":true,"href":"https:\/\/accessories.azdigi.shop\/index.php\/wp-json\/wp\/v2\/product_cat?post=372"},{"taxonomy":"product_tag","embeddable":true,"href":"https:\/\/accessories.azdigi.shop\/index.php\/wp-json\/wp\/v2\/product_tag?post=372"}],"curies":[{"name":"wp","href":"https:\/\/api.w.org\/{rel}","templated":true}]}}