{"id":384,"date":"2026-04-11T16:14:50","date_gmt":"2026-04-11T16:14:50","guid":{"rendered":"https:\/\/accessories.azdigi.shop\/?post_type=product&#038;p=384"},"modified":"2026-04-11T16:14:50","modified_gmt":"2026-04-11T16:14:50","slug":"khuyen-tai-ban-to-phong-cach-hongkong-ca-tinh-thanh","status":"publish","type":"product","link":"https:\/\/accessories.azdigi.shop\/index.php\/product\/khuyen-tai-ban-to-phong-cach-hongkong-ca-tinh-thanh\/","title":{"rendered":"Khuy\u00ean Tai b\u1ea3n to phong c\u00e1ch hongkong c\u00e1 t\u00ednh thanh"},"content":{"rendered":"<p><a href=\"https:\/\/share.google\/vq1DZ8PCmgumetHW\" target=\"_blank\" rel=\"noopener\">B\u00f4ng tai<\/a><\/p>\n<p>Phong c\u00e1ch: H\u1ee3p th\u1eddi trang<\/p>\n<p>T\u00ecnh tr\u1ea1ng: b\u00f4ng tai b\u1ea3n to<\/p>\n<p>\u00c1p d\u1ee5ng cho: Ph\u1ee5 n\u1eef<\/p>\n<p>Qu\u00e0 cho: B\u1ea1n g\u00e1i, V\u1ee3, M\u1eb9, Con g\u00e1i, Ch\u1ecb g\u00e1i, B\u1ea1n b\u00e8<\/p>\n<p>C\u1eeda h\u00e0ng ki\u1ec3m tra c\u00e1c s\u1ea3n ph\u1ea9m tr\u01b0\u1edbc khi xu\u1ea5t x\u01b0\u1edfng.<\/p>\n<p>Tuy nhi\u00ean, m\u1ed9t s\u1ed1 v\u1ea5n \u0111\u1ec1 c\u00f3 th\u1ec3 x\u1ea3y ra trong qu\u00e1 tr\u00ecnh v\u1eadn chuy\u1ec3n. N\u1ebfu s\u1ea3n ph\u1ea9m b\u1ea1n nh\u1eadn \u0111\u01b0\u1ee3c b\u1ecb h\u01b0 h\u1ecfng v\u00e0 ch\u1ea5t l\u01b0\u1ee3ng k\u00e9m.<\/p>\n<p><a href=\"https:\/\/accessories.azdigi.shop\" target=\"_blank\" rel=\"noopener\">Vui l\u00f2ng li\u00ean h\u1ec7 tr\u01b0\u1edbc v\u1edbi ch\u00fang t\u00f4i<\/a> \u0111\u1ec3 ch\u00fang t\u00f4i c\u00f3 th\u1ec3 gi\u00fap b\u1ea1n trong vi\u1ec7c n\u00e0y. N\u1ebfu b\u1ea1n th\u00edch s\u1ea3n ph\u1ea9m v\u00e0 d\u1ecbch v\u1ee5 c\u1ee7a ch\u00fang t\u00f4i, vui l\u00f2ng cho ch\u00fang t\u00f4i \u0111\u00e1nh gi\u00e1 n\u0103m sao.<\/p>\n<p>N\u1ebfu b\u1ea1n kh\u00f4ng h\u00e0i l\u00f2ng, xin vui l\u00f2ng li\u00ean h\u1ec7 v\u1edbi ch\u00fang t\u00f4i \u0111\u1ec3 \u0111\u01b0\u1ee3c gi\u1ea3i ph\u00e1p. V\u00ec nguy\u00ean l\u00fd ch\u1ee5p \u1ea3nh kh\u00e1c v\u1edbi \u00e1nh s\u00e1ng xung quanh khi ch\u1ee5p n\u00ean c\u00f3 th\u1ec3 c\u00f3 m\u1ed9t s\u1ed1 kh\u00e1c bi\u1ec7t v\u1ec1 m\u00e0u s\u1eafc gi\u1eefa h\u00e0ng h\u00f3a b\u1ea1n nh\u1eadn \u0111\u01b0\u1ee3c v\u00e0 \u1ea3nh c\u1ee7a ch\u00fang t\u00f4i. L\u00e0m \u01a1n h\u00e3y hi\u1ec3u. S\u1ef1 kh\u00e1c bi\u1ec7t nh\u1ecf \u0111\u01b0\u1ee3c cho ph\u00e9p do \u0111o l\u01b0\u1eddng th\u1ee7 c\u00f4ng. Khi kh\u00f4ng s\u1eed d\u1ee5ng, vui l\u00f2ng \u0111\u1eb7t s\u1ea3n ph\u1ea9m \u1edf n\u01a1i kh\u00f4 r\u00e1o, c\u1ed1 g\u1eafng kh\u00f4ng ti\u1ebfp x\u00fac v\u1edbi n\u01b0\u1edbc v\u00e0 lau kh\u00f4 k\u1ecbp th\u1eddi. Th\u00f3i quen s\u1eed d\u1ee5ng t\u1ed1t c\u00f3 th\u1ec3 k\u00e9o d\u00e0i tu\u1ed5i th\u1ecd. N\u1ebfu b\u1ea1n c\u00f3 b\u1ea5t k\u1ef3 c\u00e2u h\u1ecfi n\u00e0o kh\u00e1c, vui l\u00f2ng li\u00ean h\u1ec7 v\u1edbi ch\u00fang t\u00f4i qua &#8220;tr\u00f2 chuy\u1ec7n&#8221; v\u00e0 ch\u00fang t\u00f4i s\u1ebd tr\u1ea3 l\u1eddi trong th\u1eddi gian s\u1edbm nh\u1ea5t. Ch\u00fang t\u00f4i s\u1eb5n s\u00e0ng ph\u1ee5c v\u1ee5 b\u1ea1n<\/p>\n","protected":false},"excerpt":{"rendered":"<p>B\u00f4ng tai Phong c\u00e1ch: H\u1ee3p th\u1eddi trang T\u00ecnh tr\u1ea1ng: b\u00f4ng tai b\u1ea3n to \u00c1p d\u1ee5ng cho: Ph\u1ee5 n\u1eef Qu\u00e0 cho: B\u1ea1n g\u00e1i, V\u1ee3, M\u1eb9, Con g\u00e1i, Ch\u1ecb g\u00e1i, B\u1ea1n b\u00e8 C\u1eeda h\u00e0ng ki\u1ec3m tra c\u00e1c s\u1ea3n ph\u1ea9m tr\u01b0\u1edbc khi xu\u1ea5t x\u01b0\u1edfng. Tuy nhi\u00ean, m\u1ed9t s\u1ed1 v\u1ea5n \u0111\u1ec1 c\u00f3 th\u1ec3 x\u1ea3y ra trong qu\u00e1 tr\u00ecnh v\u1eadn [&#8230;]\n","protected":false},"featured_media":391,"comment_status":"open","ping_status":"closed","template":"","meta":[],"product_brand":[],"product_cat":[32],"product_tag":[],"class_list":{"0":"post-384","1":"product","2":"type-product","3":"status-publish","4":"has-post-thumbnail","6":"product_cat-khuyen-tai","8":"first","9":"instock","10":"shipping-taxable","11":"purchasable","12":"product-type-variable"},"yoast_head":"<!-- This site is optimized with the Yoast SEO plugin v27.3 - https:\/\/yoast.com\/product\/yoast-seo-wordpress\/ -->\n<title>Khuy\u00ean Tai b\u1ea3n to phong c\u00e1ch hongkong c\u00e1 t\u00ednh thanh - Accessories<\/title>\n<meta name=\"description\" content=\"B\u00f4ng tai n\u1eef ph\u00f9 h\u1ee3p m\u1ecdi phong c\u00e1ch th\u1eddi trang\" \/>\n<meta name=\"robots\" content=\"index, follow, max-snippet:-1, max-image-preview:large, max-video-preview:-1\" \/>\n<link rel=\"canonical\" href=\"https:\/\/accessories.azdigi.shop\/index.php\/product\/khuyen-tai-ban-to-phong-cach-hongkong-ca-tinh-thanh\/\" \/>\n<meta property=\"og:locale\" content=\"vi_VN\" \/>\n<meta property=\"og:type\" content=\"article\" \/>\n<meta property=\"og:title\" content=\"Khuy\u00ean Tai b\u1ea3n to phong c\u00e1ch hongkong c\u00e1 t\u00ednh thanh - Accessories\" \/>\n<meta property=\"og:description\" content=\"B\u00f4ng tai n\u1eef ph\u00f9 h\u1ee3p m\u1ecdi phong c\u00e1ch th\u1eddi trang\" \/>\n<meta property=\"og:url\" content=\"https:\/\/accessories.azdigi.shop\/index.php\/product\/khuyen-tai-ban-to-phong-cach-hongkong-ca-tinh-thanh\/\" \/>\n<meta property=\"og:site_name\" content=\"Accessories\" \/>\n<meta property=\"og:image\" content=\"https:\/\/accessories.azdigi.shop\/wp-content\/uploads\/2026\/04\/z7716069185429_1ba6ebcd8fc3b8bf3a34a61c7e257d6b.jpg\" \/>\n\t<meta property=\"og:image:width\" content=\"1290\" \/>\n\t<meta property=\"og:image:height\" content=\"1289\" \/>\n\t<meta property=\"og:image:type\" content=\"image\/jpeg\" \/>\n<meta name=\"twitter:card\" content=\"summary_large_image\" \/>\n<meta name=\"twitter:label1\" content=\"\u01af\u1edbc t\u00ednh th\u1eddi gian \u0111\u1ecdc\" \/>\n\t<meta name=\"twitter:data1\" content=\"2 ph\u00fat\" \/>\n<script type=\"application\/ld+json\" class=\"yoast-schema-graph\">{\"@context\":\"https:\\\/\\\/schema.org\",\"@graph\":[{\"@type\":\"WebPage\",\"@id\":\"https:\\\/\\\/accessories.azdigi.shop\\\/index.php\\\/product\\\/khuyen-tai-ban-to-phong-cach-hongkong-ca-tinh-thanh\\\/\",\"url\":\"https:\\\/\\\/accessories.azdigi.shop\\\/index.php\\\/product\\\/khuyen-tai-ban-to-phong-cach-hongkong-ca-tinh-thanh\\\/\",\"name\":\"Khuy\u00ean Tai b\u1ea3n to phong c\u00e1ch hongkong c\u00e1 t\u00ednh thanh - Accessories\",\"isPartOf\":{\"@id\":\"https:\\\/\\\/accessories.azdigi.shop\\\/#website\"},\"primaryImageOfPage\":{\"@id\":\"https:\\\/\\\/accessories.azdigi.shop\\\/index.php\\\/product\\\/khuyen-tai-ban-to-phong-cach-hongkong-ca-tinh-thanh\\\/#primaryimage\"},\"image\":{\"@id\":\"https:\\\/\\\/accessories.azdigi.shop\\\/index.php\\\/product\\\/khuyen-tai-ban-to-phong-cach-hongkong-ca-tinh-thanh\\\/#primaryimage\"},\"thumbnailUrl\":\"https:\\\/\\\/accessories.azdigi.shop\\\/wp-content\\\/uploads\\\/2026\\\/04\\\/z7716069185429_1ba6ebcd8fc3b8bf3a34a61c7e257d6b.jpg\",\"datePublished\":\"2026-04-11T16:14:50+00:00\",\"description\":\"B\u00f4ng tai n\u1eef ph\u00f9 h\u1ee3p m\u1ecdi phong c\u00e1ch th\u1eddi trang\",\"breadcrumb\":{\"@id\":\"https:\\\/\\\/accessories.azdigi.shop\\\/index.php\\\/product\\\/khuyen-tai-ban-to-phong-cach-hongkong-ca-tinh-thanh\\\/#breadcrumb\"},\"inLanguage\":\"vi\",\"potentialAction\":[{\"@type\":\"ReadAction\",\"target\":[\"https:\\\/\\\/accessories.azdigi.shop\\\/index.php\\\/product\\\/khuyen-tai-ban-to-phong-cach-hongkong-ca-tinh-thanh\\\/\"]}]},{\"@type\":\"ImageObject\",\"inLanguage\":\"vi\",\"@id\":\"https:\\\/\\\/accessories.azdigi.shop\\\/index.php\\\/product\\\/khuyen-tai-ban-to-phong-cach-hongkong-ca-tinh-thanh\\\/#primaryimage\",\"url\":\"https:\\\/\\\/accessories.azdigi.shop\\\/wp-content\\\/uploads\\\/2026\\\/04\\\/z7716069185429_1ba6ebcd8fc3b8bf3a34a61c7e257d6b.jpg\",\"contentUrl\":\"https:\\\/\\\/accessories.azdigi.shop\\\/wp-content\\\/uploads\\\/2026\\\/04\\\/z7716069185429_1ba6ebcd8fc3b8bf3a34a61c7e257d6b.jpg\",\"width\":1290,\"height\":1289},{\"@type\":\"BreadcrumbList\",\"@id\":\"https:\\\/\\\/accessories.azdigi.shop\\\/index.php\\\/product\\\/khuyen-tai-ban-to-phong-cach-hongkong-ca-tinh-thanh\\\/#breadcrumb\",\"itemListElement\":[{\"@type\":\"ListItem\",\"position\":1,\"name\":\"Home\",\"item\":\"https:\\\/\\\/accessories.azdigi.shop\\\/\"},{\"@type\":\"ListItem\",\"position\":2,\"name\":\"Shop\",\"item\":\"https:\\\/\\\/accessories.azdigi.shop\\\/index.php\\\/shop\\\/\"},{\"@type\":\"ListItem\",\"position\":3,\"name\":\"Khuy\u00ean Tai b\u1ea3n to phong c\u00e1ch hongkong c\u00e1 t\u00ednh thanh\"}]},{\"@type\":\"WebSite\",\"@id\":\"https:\\\/\\\/accessories.azdigi.shop\\\/#website\",\"url\":\"https:\\\/\\\/accessories.azdigi.shop\\\/\",\"name\":\"Accessories\",\"description\":\"\",\"publisher\":{\"@id\":\"https:\\\/\\\/accessories.azdigi.shop\\\/#organization\"},\"potentialAction\":[{\"@type\":\"SearchAction\",\"target\":{\"@type\":\"EntryPoint\",\"urlTemplate\":\"https:\\\/\\\/accessories.azdigi.shop\\\/?s={search_term_string}\"},\"query-input\":{\"@type\":\"PropertyValueSpecification\",\"valueRequired\":true,\"valueName\":\"search_term_string\"}}],\"inLanguage\":\"vi\"},{\"@type\":\"Organization\",\"@id\":\"https:\\\/\\\/accessories.azdigi.shop\\\/#organization\",\"name\":\"Accessories\",\"url\":\"https:\\\/\\\/accessories.azdigi.shop\\\/\",\"logo\":{\"@type\":\"ImageObject\",\"inLanguage\":\"vi\",\"@id\":\"https:\\\/\\\/accessories.azdigi.shop\\\/#\\\/schema\\\/logo\\\/image\\\/\",\"url\":\"https:\\\/\\\/accessories.azdigi.shop\\\/wp-content\\\/uploads\\\/2026\\\/03\\\/di-1.jpeg\",\"contentUrl\":\"https:\\\/\\\/accessories.azdigi.shop\\\/wp-content\\\/uploads\\\/2026\\\/03\\\/di-1.jpeg\",\"width\":490,\"height\":371,\"caption\":\"Accessories\"},\"image\":{\"@id\":\"https:\\\/\\\/accessories.azdigi.shop\\\/#\\\/schema\\\/logo\\\/image\\\/\"}}]}<\/script>\n<!-- \/ Yoast SEO plugin. -->","yoast_head_json":{"title":"Khuy\u00ean Tai b\u1ea3n to phong c\u00e1ch hongkong c\u00e1 t\u00ednh thanh - Accessories","description":"B\u00f4ng tai n\u1eef ph\u00f9 h\u1ee3p m\u1ecdi phong c\u00e1ch th\u1eddi trang","robots":{"index":"index","follow":"follow","max-snippet":"max-snippet:-1","max-image-preview":"max-image-preview:large","max-video-preview":"max-video-preview:-1"},"canonical":"https:\/\/accessories.azdigi.shop\/index.php\/product\/khuyen-tai-ban-to-phong-cach-hongkong-ca-tinh-thanh\/","og_locale":"vi_VN","og_type":"article","og_title":"Khuy\u00ean Tai b\u1ea3n to phong c\u00e1ch hongkong c\u00e1 t\u00ednh thanh - Accessories","og_description":"B\u00f4ng tai n\u1eef ph\u00f9 h\u1ee3p m\u1ecdi phong c\u00e1ch th\u1eddi trang","og_url":"https:\/\/accessories.azdigi.shop\/index.php\/product\/khuyen-tai-ban-to-phong-cach-hongkong-ca-tinh-thanh\/","og_site_name":"Accessories","og_image":[{"width":1290,"height":1289,"url":"https:\/\/accessories.azdigi.shop\/wp-content\/uploads\/2026\/04\/z7716069185429_1ba6ebcd8fc3b8bf3a34a61c7e257d6b.jpg","type":"image\/jpeg"}],"twitter_card":"summary_large_image","twitter_misc":{"\u01af\u1edbc t\u00ednh th\u1eddi gian \u0111\u1ecdc":"2 ph\u00fat"},"schema":{"@context":"https:\/\/schema.org","@graph":[{"@type":"WebPage","@id":"https:\/\/accessories.azdigi.shop\/index.php\/product\/khuyen-tai-ban-to-phong-cach-hongkong-ca-tinh-thanh\/","url":"https:\/\/accessories.azdigi.shop\/index.php\/product\/khuyen-tai-ban-to-phong-cach-hongkong-ca-tinh-thanh\/","name":"Khuy\u00ean Tai b\u1ea3n to phong c\u00e1ch hongkong c\u00e1 t\u00ednh thanh - Accessories","isPartOf":{"@id":"https:\/\/accessories.azdigi.shop\/#website"},"primaryImageOfPage":{"@id":"https:\/\/accessories.azdigi.shop\/index.php\/product\/khuyen-tai-ban-to-phong-cach-hongkong-ca-tinh-thanh\/#primaryimage"},"image":{"@id":"https:\/\/accessories.azdigi.shop\/index.php\/product\/khuyen-tai-ban-to-phong-cach-hongkong-ca-tinh-thanh\/#primaryimage"},"thumbnailUrl":"https:\/\/accessories.azdigi.shop\/wp-content\/uploads\/2026\/04\/z7716069185429_1ba6ebcd8fc3b8bf3a34a61c7e257d6b.jpg","datePublished":"2026-04-11T16:14:50+00:00","description":"B\u00f4ng tai n\u1eef ph\u00f9 h\u1ee3p m\u1ecdi phong c\u00e1ch th\u1eddi trang","breadcrumb":{"@id":"https:\/\/accessories.azdigi.shop\/index.php\/product\/khuyen-tai-ban-to-phong-cach-hongkong-ca-tinh-thanh\/#breadcrumb"},"inLanguage":"vi","potentialAction":[{"@type":"ReadAction","target":["https:\/\/accessories.azdigi.shop\/index.php\/product\/khuyen-tai-ban-to-phong-cach-hongkong-ca-tinh-thanh\/"]}]},{"@type":"ImageObject","inLanguage":"vi","@id":"https:\/\/accessories.azdigi.shop\/index.php\/product\/khuyen-tai-ban-to-phong-cach-hongkong-ca-tinh-thanh\/#primaryimage","url":"https:\/\/accessories.azdigi.shop\/wp-content\/uploads\/2026\/04\/z7716069185429_1ba6ebcd8fc3b8bf3a34a61c7e257d6b.jpg","contentUrl":"https:\/\/accessories.azdigi.shop\/wp-content\/uploads\/2026\/04\/z7716069185429_1ba6ebcd8fc3b8bf3a34a61c7e257d6b.jpg","width":1290,"height":1289},{"@type":"BreadcrumbList","@id":"https:\/\/accessories.azdigi.shop\/index.php\/product\/khuyen-tai-ban-to-phong-cach-hongkong-ca-tinh-thanh\/#breadcrumb","itemListElement":[{"@type":"ListItem","position":1,"name":"Home","item":"https:\/\/accessories.azdigi.shop\/"},{"@type":"ListItem","position":2,"name":"Shop","item":"https:\/\/accessories.azdigi.shop\/index.php\/shop\/"},{"@type":"ListItem","position":3,"name":"Khuy\u00ean Tai b\u1ea3n to phong c\u00e1ch hongkong c\u00e1 t\u00ednh thanh"}]},{"@type":"WebSite","@id":"https:\/\/accessories.azdigi.shop\/#website","url":"https:\/\/accessories.azdigi.shop\/","name":"Accessories","description":"","publisher":{"@id":"https:\/\/accessories.azdigi.shop\/#organization"},"potentialAction":[{"@type":"SearchAction","target":{"@type":"EntryPoint","urlTemplate":"https:\/\/accessories.azdigi.shop\/?s={search_term_string}"},"query-input":{"@type":"PropertyValueSpecification","valueRequired":true,"valueName":"search_term_string"}}],"inLanguage":"vi"},{"@type":"Organization","@id":"https:\/\/accessories.azdigi.shop\/#organization","name":"Accessories","url":"https:\/\/accessories.azdigi.shop\/","logo":{"@type":"ImageObject","inLanguage":"vi","@id":"https:\/\/accessories.azdigi.shop\/#\/schema\/logo\/image\/","url":"https:\/\/accessories.azdigi.shop\/wp-content\/uploads\/2026\/03\/di-1.jpeg","contentUrl":"https:\/\/accessories.azdigi.shop\/wp-content\/uploads\/2026\/03\/di-1.jpeg","width":490,"height":371,"caption":"Accessories"},"image":{"@id":"https:\/\/accessories.azdigi.shop\/#\/schema\/logo\/image\/"}}]}},"_links":{"self":[{"href":"https:\/\/accessories.azdigi.shop\/index.php\/wp-json\/wp\/v2\/product\/384","targetHints":{"allow":["GET"]}}],"collection":[{"href":"https:\/\/accessories.azdigi.shop\/index.php\/wp-json\/wp\/v2\/product"}],"about":[{"href":"https:\/\/accessories.azdigi.shop\/index.php\/wp-json\/wp\/v2\/types\/product"}],"replies":[{"embeddable":true,"href":"https:\/\/accessories.azdigi.shop\/index.php\/wp-json\/wp\/v2\/comments?post=384"}],"wp:featuredmedia":[{"embeddable":true,"href":"https:\/\/accessories.azdigi.shop\/index.php\/wp-json\/wp\/v2\/media\/391"}],"wp:attachment":[{"href":"https:\/\/accessories.azdigi.shop\/index.php\/wp-json\/wp\/v2\/media?parent=384"}],"wp:term":[{"taxonomy":"product_brand","embeddable":true,"href":"https:\/\/accessories.azdigi.shop\/index.php\/wp-json\/wp\/v2\/product_brand?post=384"},{"taxonomy":"product_cat","embeddable":true,"href":"https:\/\/accessories.azdigi.shop\/index.php\/wp-json\/wp\/v2\/product_cat?post=384"},{"taxonomy":"product_tag","embeddable":true,"href":"https:\/\/accessories.azdigi.shop\/index.php\/wp-json\/wp\/v2\/product_tag?post=384"}],"curies":[{"name":"wp","href":"https:\/\/api.w.org\/{rel}","templated":true}]}}