{"id":410,"date":"2026-04-11T16:39:37","date_gmt":"2026-04-11T16:39:37","guid":{"rendered":"https:\/\/accessories.azdigi.shop\/?post_type=product&#038;p=410"},"modified":"2026-04-11T16:39:37","modified_gmt":"2026-04-11T16:39:37","slug":"mat-kinh-ram-y2k-thoi-trang-chong-nang","status":"publish","type":"product","link":"https:\/\/accessories.azdigi.shop\/index.php\/product\/mat-kinh-ram-y2k-thoi-trang-chong-nang\/","title":{"rendered":"M\u1eaft K\u00ednh R\u00e2m Y2K Th\u1eddi Trang Ch\u1ed1ng N\u1eafng"},"content":{"rendered":"<p>K\u00ednh r\u00e2m<\/p>\n<p>Ph\u00e2n lo\u1ea1i m\u00e0u s\u1eafc: Khung \u0111en s\u00e1ng<\/p>\n<p>M\u00f4 h\u00ecnh: t Y H H<\/p>\n<p>Gi\u1edbi t\u00ednh \u00e1p d\u1ee5ng: N\u1eef<\/p>\n<p>C\u00f3 h\u1ed7 tr\u1ee3 g\u01b0\u01a1ng c\u1eadn th\u1ecb hay kh\u00f4ng: Kh\u00f4ng<\/p>\n<p>Th\u00edch h\u1ee3p cho h\u00ecnh d\u1ea1ng khu\u00f4n m\u1eb7t: M\u1eb7t h\u00ecnh b\u1ea7u d\u1ee5c<\/p>\n<p>H\u00ccNH D\u1ea0NG K\u00cdNH: VU\u00d4NG<\/p>\n<p>N\u0103m ni\u00eam y\u1ebft M\u00f9a: Xu\u00e2n \/ H\u00e8 2013<\/p>\n<p>Phong c\u00e1ch: C\u00e1 t\u00ednh<\/p>\n<p>Ch\u1ee9c n\u0103ng ch\u1ee9c n\u0103ng: Che n\u1eafng Xin ch\u00e0o, c\u1ea3m \u01a1n b\u1ea1n \u0111\u00e3 v\u00e0o c\u1eeda h\u00e0ng c\u1ee7a ch\u00fang t\u00f4i \u0111\u1ec3 mua h\u00e0ng. K\u00edch th\u01b0\u1edbc m\u1eb7t h\u00e0ng v\u1ec1 c\u01a1 b\u1ea3n s\u1ebd \u0111\u01b0\u1ee3c chi ti\u1ebft trong h\u00ecnh \u1ea3nh t\u00f9y ch\u1ecdn, n\u1ebfu kh\u00f4ng, vui l\u00f2ng g\u1eedi li\u00ean k\u1ebft m\u1eb7t h\u00e0ng khi y\u00eau c\u1ea7u d\u1ecbch v\u1ee5 kh\u00e1ch h\u00e0ng c\u1ee7a ch\u00fang t\u00f4i. C\u1eeda h\u00e0ng c\u1ee7a ch\u00fang t\u00f4i l\u00e0 h\u1eadu c\u1ea7n \u0111a qu\u1ed1c gia n\u00ean th\u1eddi gian v\u1eadn chuy\u1ebfn L\u00e0 8-10 ng\u00e0y. M\u1eb7t h\u00e0ng c\u1ee7a ch\u00fang t\u00f4i s\u1ebd \u0111\u01b0\u1ee3c lo\u1ea1i b\u1ecf b\u1eb1ng h\u1ed9p m\u1eb7c \u0111\u1ecbnh, n\u1ebfu b\u1ea1n c\u1ea7n h\u1ed9p, vui l\u00f2ng nh\u1edb ghi ch\u00fa tr\u00ean \u0111\u01a1n h\u00e0ng khi b\u1ea1n \u0111\u1eb7t h\u00e0ng. Gi\u1edd l\u00e0m vi\u1ec7c c\u1ee7aShop t\u1eeb 9 gi\u1edd s\u00e1ng \u0111\u1ebfn 12 gi\u1edd t\u1ed1i 2 gi\u1edd chi\u1ec1u \u0111\u1ebfn 6 gi\u1edd chi\u1ec1u.Ch\u00fang t\u00f4i s\u1ebd tr\u1ea3 l\u1eddi c\u1ee7a b\u1ea1n Tin nh\u1eafn c\u00e0ng s\u1edbm c\u00e0ng t\u1ed1t. N\u1ebfu sau khi b\u1ea1n nh\u1eadn \u0111\u01b0\u1ee3c h\u00e0ng, c\u00f3 v\u1ea5n \u0111\u1ec1 g\u00ec ph\u00e1t hi\u1ec7n. Vui l\u00f2ng li\u00ean h\u1ec7 v\u1edbi b\u1ed9 ph\u1eadn ch\u0103m s\u00f3c kh\u00e1ch h\u00e0ng c\u1ee7a ch\u00fang t\u00f4i c\u00e0ng s\u1edbm c\u00e0ng t\u1ed1t. T\u00f4i tin r\u1eafng ch\u00fang t\u00f4i s\u1ebd l\u00e0m vi\u1ec7c ch\u0103m ch\u1ec9 \u0111\u1ec3 b\u1ea1n c\u00f3 tr\u1ea3i nghi\u1ec7m mua s\u1eafm ho\u00e0n h\u1ea3o. C\u1ea3m \u01a1n b\u1ea1n m\u1ed9t l\u1ea7n n\u1eefa \u0111\u00e3 v\u00e0o c\u1eeda h\u00e0ng c\u1ee7a ch\u00fang<\/p>\n","protected":false},"excerpt":{"rendered":"<p>K\u00ednh r\u00e2m Ph\u00e2n lo\u1ea1i m\u00e0u s\u1eafc: Khung \u0111en s\u00e1ng M\u00f4 h\u00ecnh: t Y H H Gi\u1edbi t\u00ednh \u00e1p d\u1ee5ng: N\u1eef C\u00f3 h\u1ed7 tr\u1ee3 g\u01b0\u01a1ng c\u1eadn th\u1ecb hay kh\u00f4ng: Kh\u00f4ng Th\u00edch h\u1ee3p cho h\u00ecnh d\u1ea1ng khu\u00f4n m\u1eb7t: M\u1eb7t h\u00ecnh b\u1ea7u d\u1ee5c H\u00ccNH D\u1ea0NG K\u00cdNH: VU\u00d4NG N\u0103m ni\u00eam y\u1ebft M\u00f9a: Xu\u00e2n \/ H\u00e8 2013 Phong c\u00e1ch: C\u00e1 [&#8230;]\n","protected":false},"featured_media":416,"comment_status":"open","ping_status":"closed","template":"","meta":[],"product_brand":[],"product_cat":[30],"product_tag":[],"class_list":{"0":"post-410","1":"product","2":"type-product","3":"status-publish","4":"has-post-thumbnail","6":"product_cat-mat-kinh","8":"first","9":"instock","10":"shipping-taxable","11":"purchasable","12":"product-type-variable"},"yoast_head":"<!-- This site is optimized with the Yoast SEO plugin v27.3 - https:\/\/yoast.com\/product\/yoast-seo-wordpress\/ -->\n<title>M\u1eaft K\u00ednh R\u00e2m Y2K Th\u1eddi Trang Ch\u1ed1ng N\u1eafng - Accessories<\/title>\n<meta name=\"robots\" content=\"index, follow, max-snippet:-1, max-image-preview:large, max-video-preview:-1\" \/>\n<link rel=\"canonical\" href=\"https:\/\/accessories.azdigi.shop\/index.php\/product\/mat-kinh-ram-y2k-thoi-trang-chong-nang\/\" \/>\n<meta property=\"og:locale\" content=\"vi_VN\" \/>\n<meta property=\"og:type\" content=\"article\" \/>\n<meta property=\"og:title\" content=\"M\u1eaft K\u00ednh R\u00e2m Y2K Th\u1eddi Trang Ch\u1ed1ng N\u1eafng - Accessories\" \/>\n<meta property=\"og:description\" content=\"K\u00ednh r\u00e2m Ph\u00e2n lo\u1ea1i m\u00e0u s\u1eafc: Khung \u0111en s\u00e1ng M\u00f4 h\u00ecnh: t Y H H Gi\u1edbi t\u00ednh \u00e1p d\u1ee5ng: N\u1eef C\u00f3 h\u1ed7 tr\u1ee3 g\u01b0\u01a1ng c\u1eadn th\u1ecb hay kh\u00f4ng: Kh\u00f4ng Th\u00edch h\u1ee3p cho h\u00ecnh d\u1ea1ng khu\u00f4n m\u1eb7t: M\u1eb7t h\u00ecnh b\u1ea7u d\u1ee5c H\u00ccNH D\u1ea0NG K\u00cdNH: VU\u00d4NG N\u0103m ni\u00eam y\u1ebft M\u00f9a: Xu\u00e2n \/ H\u00e8 2013 Phong c\u00e1ch: C\u00e1 [...]\" \/>\n<meta property=\"og:url\" content=\"https:\/\/accessories.azdigi.shop\/index.php\/product\/mat-kinh-ram-y2k-thoi-trang-chong-nang\/\" \/>\n<meta property=\"og:site_name\" content=\"Accessories\" \/>\n<meta property=\"og:image\" content=\"https:\/\/accessories.azdigi.shop\/wp-content\/uploads\/2026\/04\/z7716114590849_208771e2b8a5ae1e64118a50fe0b0b0a.jpg\" \/>\n\t<meta property=\"og:image:width\" content=\"1211\" \/>\n\t<meta property=\"og:image:height\" content=\"1102\" \/>\n\t<meta property=\"og:image:type\" content=\"image\/jpeg\" \/>\n<meta name=\"twitter:card\" content=\"summary_large_image\" \/>\n<meta name=\"twitter:label1\" content=\"\u01af\u1edbc t\u00ednh th\u1eddi gian \u0111\u1ecdc\" \/>\n\t<meta name=\"twitter:data1\" content=\"2 ph\u00fat\" \/>\n<script type=\"application\/ld+json\" class=\"yoast-schema-graph\">{\"@context\":\"https:\\\/\\\/schema.org\",\"@graph\":[{\"@type\":\"WebPage\",\"@id\":\"https:\\\/\\\/accessories.azdigi.shop\\\/index.php\\\/product\\\/mat-kinh-ram-y2k-thoi-trang-chong-nang\\\/\",\"url\":\"https:\\\/\\\/accessories.azdigi.shop\\\/index.php\\\/product\\\/mat-kinh-ram-y2k-thoi-trang-chong-nang\\\/\",\"name\":\"M\u1eaft K\u00ednh R\u00e2m Y2K Th\u1eddi Trang Ch\u1ed1ng N\u1eafng - Accessories\",\"isPartOf\":{\"@id\":\"https:\\\/\\\/accessories.azdigi.shop\\\/#website\"},\"primaryImageOfPage\":{\"@id\":\"https:\\\/\\\/accessories.azdigi.shop\\\/index.php\\\/product\\\/mat-kinh-ram-y2k-thoi-trang-chong-nang\\\/#primaryimage\"},\"image\":{\"@id\":\"https:\\\/\\\/accessories.azdigi.shop\\\/index.php\\\/product\\\/mat-kinh-ram-y2k-thoi-trang-chong-nang\\\/#primaryimage\"},\"thumbnailUrl\":\"https:\\\/\\\/accessories.azdigi.shop\\\/wp-content\\\/uploads\\\/2026\\\/04\\\/z7716114590849_208771e2b8a5ae1e64118a50fe0b0b0a.jpg\",\"datePublished\":\"2026-04-11T16:39:37+00:00\",\"breadcrumb\":{\"@id\":\"https:\\\/\\\/accessories.azdigi.shop\\\/index.php\\\/product\\\/mat-kinh-ram-y2k-thoi-trang-chong-nang\\\/#breadcrumb\"},\"inLanguage\":\"vi\",\"potentialAction\":[{\"@type\":\"ReadAction\",\"target\":[\"https:\\\/\\\/accessories.azdigi.shop\\\/index.php\\\/product\\\/mat-kinh-ram-y2k-thoi-trang-chong-nang\\\/\"]}]},{\"@type\":\"ImageObject\",\"inLanguage\":\"vi\",\"@id\":\"https:\\\/\\\/accessories.azdigi.shop\\\/index.php\\\/product\\\/mat-kinh-ram-y2k-thoi-trang-chong-nang\\\/#primaryimage\",\"url\":\"https:\\\/\\\/accessories.azdigi.shop\\\/wp-content\\\/uploads\\\/2026\\\/04\\\/z7716114590849_208771e2b8a5ae1e64118a50fe0b0b0a.jpg\",\"contentUrl\":\"https:\\\/\\\/accessories.azdigi.shop\\\/wp-content\\\/uploads\\\/2026\\\/04\\\/z7716114590849_208771e2b8a5ae1e64118a50fe0b0b0a.jpg\",\"width\":1211,\"height\":1102},{\"@type\":\"BreadcrumbList\",\"@id\":\"https:\\\/\\\/accessories.azdigi.shop\\\/index.php\\\/product\\\/mat-kinh-ram-y2k-thoi-trang-chong-nang\\\/#breadcrumb\",\"itemListElement\":[{\"@type\":\"ListItem\",\"position\":1,\"name\":\"Home\",\"item\":\"https:\\\/\\\/accessories.azdigi.shop\\\/\"},{\"@type\":\"ListItem\",\"position\":2,\"name\":\"Shop\",\"item\":\"https:\\\/\\\/accessories.azdigi.shop\\\/index.php\\\/shop\\\/\"},{\"@type\":\"ListItem\",\"position\":3,\"name\":\"M\u1eaft K\u00ednh R\u00e2m Y2K Th\u1eddi Trang Ch\u1ed1ng N\u1eafng\"}]},{\"@type\":\"WebSite\",\"@id\":\"https:\\\/\\\/accessories.azdigi.shop\\\/#website\",\"url\":\"https:\\\/\\\/accessories.azdigi.shop\\\/\",\"name\":\"Accessories\",\"description\":\"\",\"publisher\":{\"@id\":\"https:\\\/\\\/accessories.azdigi.shop\\\/#organization\"},\"potentialAction\":[{\"@type\":\"SearchAction\",\"target\":{\"@type\":\"EntryPoint\",\"urlTemplate\":\"https:\\\/\\\/accessories.azdigi.shop\\\/?s={search_term_string}\"},\"query-input\":{\"@type\":\"PropertyValueSpecification\",\"valueRequired\":true,\"valueName\":\"search_term_string\"}}],\"inLanguage\":\"vi\"},{\"@type\":\"Organization\",\"@id\":\"https:\\\/\\\/accessories.azdigi.shop\\\/#organization\",\"name\":\"Accessories\",\"url\":\"https:\\\/\\\/accessories.azdigi.shop\\\/\",\"logo\":{\"@type\":\"ImageObject\",\"inLanguage\":\"vi\",\"@id\":\"https:\\\/\\\/accessories.azdigi.shop\\\/#\\\/schema\\\/logo\\\/image\\\/\",\"url\":\"https:\\\/\\\/accessories.azdigi.shop\\\/wp-content\\\/uploads\\\/2026\\\/03\\\/di-1.jpeg\",\"contentUrl\":\"https:\\\/\\\/accessories.azdigi.shop\\\/wp-content\\\/uploads\\\/2026\\\/03\\\/di-1.jpeg\",\"width\":490,\"height\":371,\"caption\":\"Accessories\"},\"image\":{\"@id\":\"https:\\\/\\\/accessories.azdigi.shop\\\/#\\\/schema\\\/logo\\\/image\\\/\"}}]}<\/script>\n<!-- \/ Yoast SEO plugin. -->","yoast_head_json":{"title":"M\u1eaft K\u00ednh R\u00e2m Y2K Th\u1eddi Trang Ch\u1ed1ng N\u1eafng - Accessories","robots":{"index":"index","follow":"follow","max-snippet":"max-snippet:-1","max-image-preview":"max-image-preview:large","max-video-preview":"max-video-preview:-1"},"canonical":"https:\/\/accessories.azdigi.shop\/index.php\/product\/mat-kinh-ram-y2k-thoi-trang-chong-nang\/","og_locale":"vi_VN","og_type":"article","og_title":"M\u1eaft K\u00ednh R\u00e2m Y2K Th\u1eddi Trang Ch\u1ed1ng N\u1eafng - Accessories","og_description":"K\u00ednh r\u00e2m Ph\u00e2n lo\u1ea1i m\u00e0u s\u1eafc: Khung \u0111en s\u00e1ng M\u00f4 h\u00ecnh: t Y H H Gi\u1edbi t\u00ednh \u00e1p d\u1ee5ng: N\u1eef C\u00f3 h\u1ed7 tr\u1ee3 g\u01b0\u01a1ng c\u1eadn th\u1ecb hay kh\u00f4ng: Kh\u00f4ng Th\u00edch h\u1ee3p cho h\u00ecnh d\u1ea1ng khu\u00f4n m\u1eb7t: M\u1eb7t h\u00ecnh b\u1ea7u d\u1ee5c H\u00ccNH D\u1ea0NG K\u00cdNH: VU\u00d4NG N\u0103m ni\u00eam y\u1ebft M\u00f9a: Xu\u00e2n \/ H\u00e8 2013 Phong c\u00e1ch: C\u00e1 [...]","og_url":"https:\/\/accessories.azdigi.shop\/index.php\/product\/mat-kinh-ram-y2k-thoi-trang-chong-nang\/","og_site_name":"Accessories","og_image":[{"width":1211,"height":1102,"url":"https:\/\/accessories.azdigi.shop\/wp-content\/uploads\/2026\/04\/z7716114590849_208771e2b8a5ae1e64118a50fe0b0b0a.jpg","type":"image\/jpeg"}],"twitter_card":"summary_large_image","twitter_misc":{"\u01af\u1edbc t\u00ednh th\u1eddi gian \u0111\u1ecdc":"2 ph\u00fat"},"schema":{"@context":"https:\/\/schema.org","@graph":[{"@type":"WebPage","@id":"https:\/\/accessories.azdigi.shop\/index.php\/product\/mat-kinh-ram-y2k-thoi-trang-chong-nang\/","url":"https:\/\/accessories.azdigi.shop\/index.php\/product\/mat-kinh-ram-y2k-thoi-trang-chong-nang\/","name":"M\u1eaft K\u00ednh R\u00e2m Y2K Th\u1eddi Trang Ch\u1ed1ng N\u1eafng - Accessories","isPartOf":{"@id":"https:\/\/accessories.azdigi.shop\/#website"},"primaryImageOfPage":{"@id":"https:\/\/accessories.azdigi.shop\/index.php\/product\/mat-kinh-ram-y2k-thoi-trang-chong-nang\/#primaryimage"},"image":{"@id":"https:\/\/accessories.azdigi.shop\/index.php\/product\/mat-kinh-ram-y2k-thoi-trang-chong-nang\/#primaryimage"},"thumbnailUrl":"https:\/\/accessories.azdigi.shop\/wp-content\/uploads\/2026\/04\/z7716114590849_208771e2b8a5ae1e64118a50fe0b0b0a.jpg","datePublished":"2026-04-11T16:39:37+00:00","breadcrumb":{"@id":"https:\/\/accessories.azdigi.shop\/index.php\/product\/mat-kinh-ram-y2k-thoi-trang-chong-nang\/#breadcrumb"},"inLanguage":"vi","potentialAction":[{"@type":"ReadAction","target":["https:\/\/accessories.azdigi.shop\/index.php\/product\/mat-kinh-ram-y2k-thoi-trang-chong-nang\/"]}]},{"@type":"ImageObject","inLanguage":"vi","@id":"https:\/\/accessories.azdigi.shop\/index.php\/product\/mat-kinh-ram-y2k-thoi-trang-chong-nang\/#primaryimage","url":"https:\/\/accessories.azdigi.shop\/wp-content\/uploads\/2026\/04\/z7716114590849_208771e2b8a5ae1e64118a50fe0b0b0a.jpg","contentUrl":"https:\/\/accessories.azdigi.shop\/wp-content\/uploads\/2026\/04\/z7716114590849_208771e2b8a5ae1e64118a50fe0b0b0a.jpg","width":1211,"height":1102},{"@type":"BreadcrumbList","@id":"https:\/\/accessories.azdigi.shop\/index.php\/product\/mat-kinh-ram-y2k-thoi-trang-chong-nang\/#breadcrumb","itemListElement":[{"@type":"ListItem","position":1,"name":"Home","item":"https:\/\/accessories.azdigi.shop\/"},{"@type":"ListItem","position":2,"name":"Shop","item":"https:\/\/accessories.azdigi.shop\/index.php\/shop\/"},{"@type":"ListItem","position":3,"name":"M\u1eaft K\u00ednh R\u00e2m Y2K Th\u1eddi Trang Ch\u1ed1ng N\u1eafng"}]},{"@type":"WebSite","@id":"https:\/\/accessories.azdigi.shop\/#website","url":"https:\/\/accessories.azdigi.shop\/","name":"Accessories","description":"","publisher":{"@id":"https:\/\/accessories.azdigi.shop\/#organization"},"potentialAction":[{"@type":"SearchAction","target":{"@type":"EntryPoint","urlTemplate":"https:\/\/accessories.azdigi.shop\/?s={search_term_string}"},"query-input":{"@type":"PropertyValueSpecification","valueRequired":true,"valueName":"search_term_string"}}],"inLanguage":"vi"},{"@type":"Organization","@id":"https:\/\/accessories.azdigi.shop\/#organization","name":"Accessories","url":"https:\/\/accessories.azdigi.shop\/","logo":{"@type":"ImageObject","inLanguage":"vi","@id":"https:\/\/accessories.azdigi.shop\/#\/schema\/logo\/image\/","url":"https:\/\/accessories.azdigi.shop\/wp-content\/uploads\/2026\/03\/di-1.jpeg","contentUrl":"https:\/\/accessories.azdigi.shop\/wp-content\/uploads\/2026\/03\/di-1.jpeg","width":490,"height":371,"caption":"Accessories"},"image":{"@id":"https:\/\/accessories.azdigi.shop\/#\/schema\/logo\/image\/"}}]}},"_links":{"self":[{"href":"https:\/\/accessories.azdigi.shop\/index.php\/wp-json\/wp\/v2\/product\/410","targetHints":{"allow":["GET"]}}],"collection":[{"href":"https:\/\/accessories.azdigi.shop\/index.php\/wp-json\/wp\/v2\/product"}],"about":[{"href":"https:\/\/accessories.azdigi.shop\/index.php\/wp-json\/wp\/v2\/types\/product"}],"replies":[{"embeddable":true,"href":"https:\/\/accessories.azdigi.shop\/index.php\/wp-json\/wp\/v2\/comments?post=410"}],"wp:featuredmedia":[{"embeddable":true,"href":"https:\/\/accessories.azdigi.shop\/index.php\/wp-json\/wp\/v2\/media\/416"}],"wp:attachment":[{"href":"https:\/\/accessories.azdigi.shop\/index.php\/wp-json\/wp\/v2\/media?parent=410"}],"wp:term":[{"taxonomy":"product_brand","embeddable":true,"href":"https:\/\/accessories.azdigi.shop\/index.php\/wp-json\/wp\/v2\/product_brand?post=410"},{"taxonomy":"product_cat","embeddable":true,"href":"https:\/\/accessories.azdigi.shop\/index.php\/wp-json\/wp\/v2\/product_cat?post=410"},{"taxonomy":"product_tag","embeddable":true,"href":"https:\/\/accessories.azdigi.shop\/index.php\/wp-json\/wp\/v2\/product_tag?post=410"}],"curies":[{"name":"wp","href":"https:\/\/api.w.org\/{rel}","templated":true}]}}